{"id":18580,"date":"2023-04-14T09:07:00","date_gmt":"2023-04-14T09:07:00","guid":{"rendered":"https:\/\/work-foxx.com\/product\/elektricna-kaciga-s-5rg-kotacem-bijela\/"},"modified":"2023-12-29T10:25:15","modified_gmt":"2023-12-29T10:25:15","slug":"elektricarska-kaciga-s-kotacicem-5rg-bijela","status":"publish","type":"product","link":"https:\/\/work-foxx.com\/hr\/proizvod\/elektricarska-kaciga-s-kotacicem-5rg-bijela\/","title":{"rendered":"Elektri\u010darska kaciga s kota\u010di\u0107em 5RG, bijela"},"content":{"rendered":"<p>Elektri\u010darska kaciga s kota\u010di\u0107em 5RG dizajnirana je i proizvedena kako bi pru\u017eila optimalnu za\u0161titu od udaraca predmeta kao \u0161to su kamenje, crijepovi, cigle i drugi predmeti sli\u010dne te\u017eine. Elektri\u010darska kaciga s kota\u010di\u0107em 5RG tako\u0111er \u0161titi korisnika od elektri\u010dnih pra\u017enjenja do 1000 VAC ili 1500 VDC.<\/p>\n<p><strong>Materijal:<\/strong> HD PE (polietilen visoke gusto\u0107e)<br \/>\n<strong>Dodaci:<\/strong> Pri\u010dvr\u0161\u0107ena traka za znojenje, automatsko pode\u0161avanje trake za glavu, pri\u010dvr\u0161\u0107ivanje u 6 to\u010daka<br \/>\n<strong>Te\u017eina:<\/strong> 322 g<br \/>\n<strong>Norma:<\/strong> EN 397 CE, EN 50365 CE<br \/>\n<strong>Proizvo\u0111a\u010d:<\/strong> <a href=\"https:\/\/www.productosclimax.com\/?lang=en\">Climax<\/a><br \/>\n<strong>Boja:<\/strong> Bijela<\/p>\n<p><span style=\"font-weight: 400;\">Ako proizvod koji vam je potreban nije na zalihi ili ne mo\u017eete prona\u0107i \u017eeljeni proizvod u na\u0161oj internetskoj trgovini, pozivamo vas da nam po\u0161aljete upit na <\/span><a href=\"mailto:info@work-foxx.com\"><b>info@work-foxx.com<\/b><\/a><span style=\"font-weight: 400;\"> ili putem <\/span><a href=\"https:\/\/work-foxx.com\/hr\/pomoc-i-kontakt\/\"><span style=\"font-weight: 400;\">kontakt obrasca<\/span><\/a><span style=\"font-weight: 400;\">. S na\u0161om partnerskom mre\u017eom poku\u0161at \u0107emo vam pru\u017eiti \u017eeljene proizvode ili skratiti vrijeme isporuke.<\/span><\/p>\n","protected":false},"excerpt":{"rendered":"<p>Elektri\u010darska kaciga s kota\u010di\u0107em 5RG \u0161titi vas od napona do 1000 V i otporna na temperature od -20\u00b0C do +50\u00b0C. Veli\u010dina se pode\u0161ava pomo\u0107u kota\u010di\u0107a.<\/p>\n","protected":false},"featured_media":13192,"comment_status":"open","ping_status":"closed","template":"","meta":{"_acf_changed":false,"inline_featured_image":false},"product_brand":[],"product_cat":[958,962],"product_tag":[],"class_list":{"0":"post-18580","1":"product","2":"type-product","3":"status-publish","4":"has-post-thumbnail","6":"product_cat-zastita-glave","7":"product_cat-zastita-glave-2","9":"first","10":"instock","11":"taxable","12":"shipping-taxable","13":"purchasable","14":"product-type-simple"},"acf":[],"_links":{"self":[{"href":"https:\/\/work-foxx.com\/hr\/wp-json\/wp\/v2\/product\/18580","targetHints":{"allow":["GET"]}}],"collection":[{"href":"https:\/\/work-foxx.com\/hr\/wp-json\/wp\/v2\/product"}],"about":[{"href":"https:\/\/work-foxx.com\/hr\/wp-json\/wp\/v2\/types\/product"}],"replies":[{"embeddable":true,"href":"https:\/\/work-foxx.com\/hr\/wp-json\/wp\/v2\/comments?post=18580"}],"wp:featuredmedia":[{"embeddable":true,"href":"https:\/\/work-foxx.com\/hr\/wp-json\/wp\/v2\/media\/13192"}],"wp:attachment":[{"href":"https:\/\/work-foxx.com\/hr\/wp-json\/wp\/v2\/media?parent=18580"}],"wp:term":[{"taxonomy":"product_brand","embeddable":true,"href":"https:\/\/work-foxx.com\/hr\/wp-json\/wp\/v2\/product_brand?post=18580"},{"taxonomy":"product_cat","embeddable":true,"href":"https:\/\/work-foxx.com\/hr\/wp-json\/wp\/v2\/product_cat?post=18580"},{"taxonomy":"product_tag","embeddable":true,"href":"https:\/\/work-foxx.com\/hr\/wp-json\/wp\/v2\/product_tag?post=18580"}],"curies":[{"name":"wp","href":"https:\/\/api.w.org\/{rel}","templated":true}]}}