{"id":18568,"date":"2023-04-14T09:07:00","date_gmt":"2023-04-14T09:07:00","guid":{"rendered":"https:\/\/work-foxx.com\/product\/climax-sigurnosni-pojas-kacige\/"},"modified":"2023-12-29T10:25:17","modified_gmt":"2023-12-29T10:25:17","slug":"zastitna-traka-za-kacige-climax","status":"publish","type":"product","link":"https:\/\/work-foxx.com\/hr\/proizvod\/zastitna-traka-za-kacige-climax\/","title":{"rendered":"Za\u0161titna traka za kacige Climax"},"content":{"rendered":"<p>Za\u0161titna traka za kacige Climax kompatibilna sa za\u0161titnim kacigama marke <a href=\"https:\/\/www.productosclimax.com\/?lang=en\">Climax<\/a>.<\/p>\n<p><strong>Zna\u010dajke:<\/strong> Podesivi remen koji pru\u017ea bolju za\u0161titu i pristaje nositelju kacige<br \/>\n<strong>Kompatibilni modeli kaciga:<\/strong> 5RG, 5RS, TIRRENO TXR<\/p>\n","protected":false},"excerpt":{"rendered":"<p>Za\u0161titna traka za kacige Climax kompatibilna sa za\u0161titnim kacigama marke Climax. Kompatibilna je s modelima kaciga 5RG, 5RS, TIRRENO TXR.<\/p>\n","protected":false},"featured_media":13206,"comment_status":"open","ping_status":"closed","template":"","meta":{"_acf_changed":false,"inline_featured_image":false},"product_brand":[],"product_cat":[958,962],"product_tag":[],"class_list":{"0":"post-18568","1":"product","2":"type-product","3":"status-publish","4":"has-post-thumbnail","6":"product_cat-zastita-glave","7":"product_cat-zastita-glave-2","9":"first","10":"instock","11":"taxable","12":"shipping-taxable","13":"purchasable","14":"product-type-simple"},"acf":[],"_links":{"self":[{"href":"https:\/\/work-foxx.com\/hr\/wp-json\/wp\/v2\/product\/18568","targetHints":{"allow":["GET"]}}],"collection":[{"href":"https:\/\/work-foxx.com\/hr\/wp-json\/wp\/v2\/product"}],"about":[{"href":"https:\/\/work-foxx.com\/hr\/wp-json\/wp\/v2\/types\/product"}],"replies":[{"embeddable":true,"href":"https:\/\/work-foxx.com\/hr\/wp-json\/wp\/v2\/comments?post=18568"}],"wp:featuredmedia":[{"embeddable":true,"href":"https:\/\/work-foxx.com\/hr\/wp-json\/wp\/v2\/media\/13206"}],"wp:attachment":[{"href":"https:\/\/work-foxx.com\/hr\/wp-json\/wp\/v2\/media?parent=18568"}],"wp:term":[{"taxonomy":"product_brand","embeddable":true,"href":"https:\/\/work-foxx.com\/hr\/wp-json\/wp\/v2\/product_brand?post=18568"},{"taxonomy":"product_cat","embeddable":true,"href":"https:\/\/work-foxx.com\/hr\/wp-json\/wp\/v2\/product_cat?post=18568"},{"taxonomy":"product_tag","embeddable":true,"href":"https:\/\/work-foxx.com\/hr\/wp-json\/wp\/v2\/product_tag?post=18568"}],"curies":[{"name":"wp","href":"https:\/\/api.w.org\/{rel}","templated":true}]}}