{"id":18548,"date":"2023-04-14T09:07:00","date_gmt":"2023-04-14T09:07:00","guid":{"rendered":"https:\/\/work-foxx.com\/product\/kapa-sa-stitnikom-od-udara-plava\/"},"modified":"2026-05-05T13:30:19","modified_gmt":"2026-05-05T13:30:19","slug":"zastitna-silt-kapa-working-cap-plava","status":"publish","type":"product","link":"https:\/\/work-foxx.com\/hr\/proizvod\/zastitna-silt-kapa-working-cap-plava\/","title":{"rendered":"Za\u0161titna \u0161ilt kapa WORKING CAP, plava"},"content":{"rendered":"<h1>Za\u0161titna \u0161ilt kapa WORKING CAP<\/h1>\n<p>Za\u0161titna \u0161ilt kapa WORKING CAP ima integrirani za\u0161titni umetak od ABS plastike koji vas \u0161titi od pada predmeta. Veli\u010dina se pode\u0161ava remenom sa stra\u017enje strane. Za\u0161titna \u0161ilt kapa ima dva bo\u010dna proreza za bolju ventilaciju.<\/p>\n<h3>Materijalni sastav i tehni\u010dka svojstva<\/h3>\n<p><strong>Vanjski materijal:<\/strong> 100 % pamuk<br \/>\n<strong>Unutarnji materijal:<\/strong> ABS plasti\u010dna \u0161koljka<br \/>\n<strong>Unutra\u0161njost:<\/strong> Podstavljena EVA jastu\u010di\u0107ima<br \/>\n<strong>Zna\u010dajke:<\/strong> Metalni otvori za ventilaciju, podesivia sa stra\u017enje strane<br \/>\n<strong>Standard:<\/strong> EN 812<br \/>\n<strong>Proizvo\u0111a\u010d:<\/strong> <a href=\"https:\/\/www.coverguard-safety.com\/\">Coverguard<\/a><br \/>\n<strong>Boja:<\/strong> Plava<\/p>\n<p><span style=\"font-weight: 400;\">Ako proizvod koji vam je potreban nije na zalihi ili ne mo\u017eete prona\u0107i \u017eeljeni proizvod u na\u0161oj internetskoj trgovini, pozivamo vas da nam po\u0161aljete upit na <\/span><a href=\"mailto:info@work-foxx.com\"><b>info@work-foxx.com<\/b><\/a><span style=\"font-weight: 400;\"> ili putem <\/span><a href=\"https:\/\/work-foxx.com\/hr\/pomoc-i-kontakt\/\"><span style=\"font-weight: 400;\">kontakt obrasca<\/span><\/a><span style=\"font-weight: 400;\">. S na\u0161om partnerskom mre\u017eom poku\u0161at \u0107emo vam pru\u017eiti \u017eeljene proizvode ili skratiti vrijeme isporuke.<\/span><\/p>\n","protected":false},"excerpt":{"rendered":"<p>Za\u0161titna \u0161ilt kapa WORKING CAP \u0161titi vas od pada predmeta. Veli\u010dina se mo\u017ee pode\u0161avati remenom, a ventilaciju osiguravaju dva bo\u010dna proreza.<\/p>\n","protected":false},"featured_media":15452,"comment_status":"open","ping_status":"closed","template":"","meta":{"_acf_changed":false,"inline_featured_image":false},"product_brand":[],"product_cat":[958,962,2459],"product_tag":[],"class_list":{"0":"post-18548","1":"product","2":"type-product","3":"status-publish","4":"has-post-thumbnail","6":"product_cat-zastita-glave","7":"product_cat-zastita-glave-2","8":"product_cat-zastitne-silt-kape","10":"first","11":"instock","12":"taxable","13":"shipping-taxable","14":"purchasable","15":"product-type-simple"},"acf":[],"_links":{"self":[{"href":"https:\/\/work-foxx.com\/hr\/wp-json\/wp\/v2\/product\/18548","targetHints":{"allow":["GET"]}}],"collection":[{"href":"https:\/\/work-foxx.com\/hr\/wp-json\/wp\/v2\/product"}],"about":[{"href":"https:\/\/work-foxx.com\/hr\/wp-json\/wp\/v2\/types\/product"}],"replies":[{"embeddable":true,"href":"https:\/\/work-foxx.com\/hr\/wp-json\/wp\/v2\/comments?post=18548"}],"wp:featuredmedia":[{"embeddable":true,"href":"https:\/\/work-foxx.com\/hr\/wp-json\/wp\/v2\/media\/15452"}],"wp:attachment":[{"href":"https:\/\/work-foxx.com\/hr\/wp-json\/wp\/v2\/media?parent=18548"}],"wp:term":[{"taxonomy":"product_brand","embeddable":true,"href":"https:\/\/work-foxx.com\/hr\/wp-json\/wp\/v2\/product_brand?post=18548"},{"taxonomy":"product_cat","embeddable":true,"href":"https:\/\/work-foxx.com\/hr\/wp-json\/wp\/v2\/product_cat?post=18548"},{"taxonomy":"product_tag","embeddable":true,"href":"https:\/\/work-foxx.com\/hr\/wp-json\/wp\/v2\/product_tag?post=18548"}],"curies":[{"name":"wp","href":"https:\/\/api.w.org\/{rel}","templated":true}]}}