{"id":18524,"date":"2023-04-14T09:07:00","date_gmt":"2023-04-14T09:07:00","guid":{"rendered":"https:\/\/work-foxx.com\/product\/osnovna-kaciga-zuta\/"},"modified":"2023-12-29T10:25:23","modified_gmt":"2023-12-29T10:25:23","slug":"zastitna-kaciga-basic-zuta","status":"publish","type":"product","link":"https:\/\/work-foxx.com\/hr\/proizvod\/zastitna-kaciga-basic-zuta\/","title":{"rendered":"Za\u0161titna kaciga BASIC, \u017euta"},"content":{"rendered":"<p>Za\u0161titna kaciga Basic klasi\u010dnog je oblika s ventilacijskim otvorima za ve\u0107u prozra\u010dnost. Podesiv po obujmu pomo\u0107u trake. Za\u0161titna kaciga Basic iznutra ima dodatni ulo\u017eak koji upija znoj.<\/p>\n<p><strong>Veli\u010dina:<\/strong> Pode\u0161avanje kacige prema opsegu glave (53 &#8211; 61cm)<br \/>\n<strong>Materijal:<\/strong> Polipropilen (PP)<br \/>\n<strong>Dodatno:<\/strong> Jastu\u010di\u0107 za upijanje znoja 37 cm<br \/>\n<strong>Te\u017eina:<\/strong> 370 g\/m2<br \/>\n<strong>Proizvo\u0111a\u010d:<\/strong> <a href=\"https:\/\/www.coverguard-safety.com\/\">Coverguard<\/a><br \/>\n<strong>Standard:<\/strong> EN 397<\/p>\n<p><span style=\"font-weight: 400;\">Ako proizvod koji vam je potreban nije na zalihi ili ne mo\u017eete prona\u0107i \u017eeljeni proizvod u na\u0161oj internetskoj trgovini, pozivamo vas da nam po\u0161aljete upit na <\/span><a href=\"mailto:info@work-foxx.com\"><b>info@work-foxx.com<\/b><\/a><span style=\"font-weight: 400;\"> ili putem <\/span><a href=\"https:\/\/work-foxx.com\/hr\/pomoc-i-kontakt\/\"><span style=\"font-weight: 400;\">kontakt obrasca<\/span><\/a><span style=\"font-weight: 400;\">. S na\u0161om partnerskom mre\u017eom poku\u0161at \u0107emo vam pru\u017eiti \u017eeljene proizvode ili skratiti vrijeme isporuke.<\/span><\/p>\n","protected":false},"excerpt":{"rendered":"<p>Za\u0161titna kaciga BASIC ima ventilacijske proreze koji osiguravaju ve\u0107u prozra\u010dnost. Podesiv po obujmu pomo\u0107u trake. Unutra ima jastu\u010di\u0107 za upijanje znoja.<\/p>\n","protected":false},"featured_media":12278,"comment_status":"open","ping_status":"closed","template":"","meta":{"_acf_changed":false,"inline_featured_image":false},"product_brand":[],"product_cat":[958,962,2457],"product_tag":[],"class_list":{"0":"post-18524","1":"product","2":"type-product","3":"status-publish","4":"has-post-thumbnail","6":"product_cat-zastita-glave","7":"product_cat-zastita-glave-2","8":"product_cat-zastitne-kacige","10":"first","11":"instock","12":"taxable","13":"shipping-taxable","14":"purchasable","15":"product-type-simple"},"acf":[],"_links":{"self":[{"href":"https:\/\/work-foxx.com\/hr\/wp-json\/wp\/v2\/product\/18524","targetHints":{"allow":["GET"]}}],"collection":[{"href":"https:\/\/work-foxx.com\/hr\/wp-json\/wp\/v2\/product"}],"about":[{"href":"https:\/\/work-foxx.com\/hr\/wp-json\/wp\/v2\/types\/product"}],"replies":[{"embeddable":true,"href":"https:\/\/work-foxx.com\/hr\/wp-json\/wp\/v2\/comments?post=18524"}],"wp:featuredmedia":[{"embeddable":true,"href":"https:\/\/work-foxx.com\/hr\/wp-json\/wp\/v2\/media\/12278"}],"wp:attachment":[{"href":"https:\/\/work-foxx.com\/hr\/wp-json\/wp\/v2\/media?parent=18524"}],"wp:term":[{"taxonomy":"product_brand","embeddable":true,"href":"https:\/\/work-foxx.com\/hr\/wp-json\/wp\/v2\/product_brand?post=18524"},{"taxonomy":"product_cat","embeddable":true,"href":"https:\/\/work-foxx.com\/hr\/wp-json\/wp\/v2\/product_cat?post=18524"},{"taxonomy":"product_tag","embeddable":true,"href":"https:\/\/work-foxx.com\/hr\/wp-json\/wp\/v2\/product_tag?post=18524"}],"curies":[{"name":"wp","href":"https:\/\/api.w.org\/{rel}","templated":true}]}}