{"id":18517,"date":"2023-04-14T09:07:00","date_gmt":"2023-04-14T09:07:00","guid":{"rendered":"https:\/\/work-foxx.com\/product\/zastitna-kaciga-s-altai-wind-kotacem-fluorescentno-zuta\/"},"modified":"2026-04-23T17:24:57","modified_gmt":"2026-04-23T17:24:57","slug":"zastitna-kaciga-s-kotacicem-altai-wind-fluorescentno-zuta","status":"publish","type":"product","link":"https:\/\/work-foxx.com\/hr\/proizvod\/zastitna-kaciga-s-kotacicem-altai-wind-fluorescentno-zuta\/","title":{"rendered":"Za\u0161titna kaciga s kota\u010di\u0107em ALTAI WIND, fluorescentno \u017euta"},"content":{"rendered":"<p>Za\u0161titna kaciga s kota\u010di\u0107em ALTAI WIND modernog je dizajna. Ventilacijski otvori osiguravaju ve\u0107u prozra\u010dnost. Za\u0161titna kaciga s kota\u010di\u0107em ALTAI WIND je podesiva po opsegu s kota\u010di\u0107em. Odlikuje se za\u0161titnim pojasom u \u010detiri to\u010dke i temperaturnom postojano\u0161\u0107u od -30\u00b0C do +50\u00b0C.<\/p>\n<p><strong>Materijal:<\/strong> ABS<br \/>\n<strong>Karakteristike:<\/strong> Prilagodba kacige za opseg glave 52-63 cm<br \/>\n<strong>Te\u017eina:<\/strong> 470 g\/m2<br \/>\n<strong>Standard:<\/strong> EN397:2012+A1:2012<br \/>\n<strong>Proizvo\u0111a\u010d:<\/strong> <a href=\"https:\/\/www.coverguard-safety.com\/\">Coverguard<\/a><br \/>\n<strong>Boja:<\/strong> Fluorescentno \u017euta<\/p>\n<p><span style=\"font-weight: 400;\">Ako proizvod koji vam je potreban nije na zalihi ili ne mo\u017eete prona\u0107i \u017eeljeni proizvod u na\u0161oj internetskoj trgovini, pozivamo vas da nam po\u0161aljete upit na <\/span><a href=\"mailto:info@work-foxx.com\"><b>info@work-foxx.com<\/b><\/a><span style=\"font-weight: 400;\"> ili putem <\/span><a href=\"https:\/\/work-foxx.com\/hr\/pomoc-i-kontakt\/\"><span style=\"font-weight: 400;\">kontakt obrasca<\/span><\/a><span style=\"font-weight: 400;\">. S na\u0161om partnerskom mre\u017eom poku\u0161at \u0107emo vam pru\u017eiti \u017eeljene proizvode ili skratiti vrijeme isporuke.<\/span><\/p>\n","protected":false},"excerpt":{"rendered":"<p>Za\u0161titna kaciga s kota\u010di\u0107em ALTAI WIND ima pojas u \u010detiri to\u010dke i otporna je na temperaturu od -30\u00b0C do +50\u00b0C. Otvori sa strane pru\u017eaju ve\u0107u prozra\u010dnost.<\/p>\n","protected":false},"featured_media":13170,"comment_status":"open","ping_status":"closed","template":"","meta":{"_acf_changed":false,"inline_featured_image":false},"product_brand":[],"product_cat":[958,962,2457],"product_tag":[],"class_list":{"0":"post-18517","1":"product","2":"type-product","3":"status-publish","4":"has-post-thumbnail","6":"product_cat-zastita-glave","7":"product_cat-zastita-glave-2","8":"product_cat-zastitne-kacige","10":"first","11":"outofstock","12":"taxable","13":"shipping-taxable","14":"purchasable","15":"product-type-simple"},"acf":[],"_links":{"self":[{"href":"https:\/\/work-foxx.com\/hr\/wp-json\/wp\/v2\/product\/18517","targetHints":{"allow":["GET"]}}],"collection":[{"href":"https:\/\/work-foxx.com\/hr\/wp-json\/wp\/v2\/product"}],"about":[{"href":"https:\/\/work-foxx.com\/hr\/wp-json\/wp\/v2\/types\/product"}],"replies":[{"embeddable":true,"href":"https:\/\/work-foxx.com\/hr\/wp-json\/wp\/v2\/comments?post=18517"}],"wp:featuredmedia":[{"embeddable":true,"href":"https:\/\/work-foxx.com\/hr\/wp-json\/wp\/v2\/media\/13170"}],"wp:attachment":[{"href":"https:\/\/work-foxx.com\/hr\/wp-json\/wp\/v2\/media?parent=18517"}],"wp:term":[{"taxonomy":"product_brand","embeddable":true,"href":"https:\/\/work-foxx.com\/hr\/wp-json\/wp\/v2\/product_brand?post=18517"},{"taxonomy":"product_cat","embeddable":true,"href":"https:\/\/work-foxx.com\/hr\/wp-json\/wp\/v2\/product_cat?post=18517"},{"taxonomy":"product_tag","embeddable":true,"href":"https:\/\/work-foxx.com\/hr\/wp-json\/wp\/v2\/product_tag?post=18517"}],"curies":[{"name":"wp","href":"https:\/\/api.w.org\/{rel}","templated":true}]}}