{"id":18431,"date":"2023-04-14T12:44:00","date_gmt":"2023-04-14T12:44:00","guid":{"rendered":"https:\/\/work-foxx.com\/product\/vinylex-vinilne-rukavice-bez-praha-prozirne\/"},"modified":"2025-11-20T08:51:52","modified_gmt":"2025-11-20T08:51:52","slug":"vinilne-rukavice-vinylex-powder-free","status":"publish","type":"product","link":"https:\/\/work-foxx.com\/hr\/proizvod\/vinilne-rukavice-vinylex-powder-free\/","title":{"rendered":"Vinilne rukavice Vinylex Powder-free"},"content":{"rendered":"<h1 data-start=\"2861\" data-end=\"2948\">Vinilne rukavice Vinylex Powder-free \u2013 dijagnosti\u010dke i za\u0161titne rukavice bez pudera<\/h1>\n<p data-start=\"2950\" data-end=\"3377\">Vinilne rukavice Vinylex Powder-free su dijagnosti\u010dke i za\u0161titne rukavice za jednokratnu upotrebu, namijenjene medicini, laboratorijima, kozmetici, prehrambenoj industriji i svakodnevnim zadacima gdje su higijena i za\u0161tita klju\u010dne. Izra\u0111ene od vinila, predstavljaju ekonomi\u010dno rje\u0161enje, a budu\u0107i da su bez pudera, smanjuju rizik od iritacija i kontaminacije. Proziran materijal osigurava prirodan osje\u0107aj i udobnost pri radu.<\/p>\n<h2 data-start=\"3379\" data-end=\"3422\">Materijalni sastav i tehni\u010dka svojstva<\/h2>\n<ul data-start=\"3424\" data-end=\"4367\">\n<li data-start=\"3424\" data-end=\"3582\">\n<p data-start=\"3426\" data-end=\"3582\"><strong data-start=\"3426\" data-end=\"3444\">Standardi (MD)<\/strong>: EN 455-1:2020+A1:2022 \/ EN 455-2:2015 \/ EN 455-3:2015 \/ EN 455-4:2009 \/ EN ISO 15223-1:2021 \/ EN 1041:2008+A1:2013 \/ EN ISO 20417:2021<\/p>\n<\/li>\n<li data-start=\"3583\" data-end=\"3777\">\n<p data-start=\"3585\" data-end=\"3777\"><strong data-start=\"3585\" data-end=\"3604\">Standardi (PPE)<\/strong>: EN 420:2003+A1:2009 \/ EN ISO 21420:2020 \/ EN ISO 374-1:2016+A1:2018 \/ EN ISO 374-2:2019 \/ EN 16523-1:2015+A1:2018 \/ EN 374-4:2013 \/ EN ISO 374-4:2019 \/ EN ISO 374-5:2016<\/p>\n<\/li>\n<li data-start=\"3778\" data-end=\"3932\">\n<p data-start=\"3780\" data-end=\"3810\"><strong data-start=\"3780\" data-end=\"3807\">Otpornost na kemikalije<\/strong>:<\/p>\n<ul data-start=\"3813\" data-end=\"3932\">\n<li data-start=\"3813\" data-end=\"3849\">\n<p data-start=\"3815\" data-end=\"3849\">40 % NaOH (K): nivo 6 (&gt;480 min)<\/p>\n<\/li>\n<li data-start=\"3852\" data-end=\"3887\">\n<p data-start=\"3854\" data-end=\"3887\">30 % H\u2082O\u2082 (P): nivo 2 (&gt;30 min)<\/p>\n<\/li>\n<li data-start=\"3890\" data-end=\"3932\">\n<p data-start=\"3892\" data-end=\"3932\">37 % formaldehid (T): nivo 3 (&gt;60 min)<\/p>\n<\/li>\n<\/ul>\n<\/li>\n<li data-start=\"3933\" data-end=\"3993\">\n<p data-start=\"3935\" data-end=\"3993\"><strong data-start=\"3935\" data-end=\"3963\">Medicinska klasifikacija<\/strong>: I (Medical Device, Rule 5)<\/p>\n<\/li>\n<li data-start=\"3994\" data-end=\"4031\">\n<p data-start=\"3996\" data-end=\"4031\"><strong data-start=\"3996\" data-end=\"4024\">Kategorija za\u0161tite (OZO)<\/strong>: III<\/p>\n<\/li>\n<li data-start=\"4032\" data-end=\"4062\">\n<p data-start=\"4034\" data-end=\"4062\"><strong data-start=\"4034\" data-end=\"4048\">Sterilnost<\/strong>: nesterilne<\/p>\n<\/li>\n<li data-start=\"4063\" data-end=\"4093\">\n<p data-start=\"4065\" data-end=\"4093\"><strong data-start=\"4065\" data-end=\"4078\">Materijal<\/strong>: PVC (vinil)<\/p>\n<\/li>\n<li data-start=\"4094\" data-end=\"4137\">\n<p data-start=\"4096\" data-end=\"4137\"><strong data-start=\"4096\" data-end=\"4105\">Oblik<\/strong>: univerzalne (ambidekstralne)<\/p>\n<\/li>\n<li data-start=\"4138\" data-end=\"4174\">\n<p data-start=\"4140\" data-end=\"4174\"><strong data-start=\"4140\" data-end=\"4160\">Unutarnja obrada<\/strong>: bez pudera<\/p>\n<\/li>\n<li data-start=\"4175\" data-end=\"4213\">\n<p data-start=\"4177\" data-end=\"4213\"><strong data-start=\"4177\" data-end=\"4185\">Cuff<\/strong>: beaded cuff (oja\u010dan rub)<\/p>\n<\/li>\n<li data-start=\"4214\" data-end=\"4238\">\n<p data-start=\"4216\" data-end=\"4238\"><strong data-start=\"4216\" data-end=\"4228\">Povr\u0161ina<\/strong>: glatka<\/p>\n<\/li>\n<li data-start=\"4239\" data-end=\"4285\">\n<p data-start=\"4241\" data-end=\"4285\"><strong data-start=\"4241\" data-end=\"4265\">Duljina (veli\u010dina M)<\/strong>: pribli\u017eno 240 mm<\/p>\n<\/li>\n<li data-start=\"4286\" data-end=\"4318\">\n<p data-start=\"4288\" data-end=\"4318\"><strong data-start=\"4288\" data-end=\"4300\">Debljina<\/strong>: \u2248 0,07\u20130,08 mm<\/p>\n<\/li>\n<li data-start=\"4319\" data-end=\"4344\">\n<p data-start=\"4321\" data-end=\"4344\"><strong data-start=\"4321\" data-end=\"4333\">Veli\u010dine<\/strong>: XS \u2013 XL<\/p>\n<\/li>\n<li data-start=\"4345\" data-end=\"4367\">\n<p data-start=\"4347\" data-end=\"4367\"><strong data-start=\"4347\" data-end=\"4355\">Boja<\/strong>: prozirna<\/p>\n<\/li>\n<\/ul>\n<h2 data-start=\"4369\" data-end=\"4385\">Tehnologije<\/h2>\n<p data-start=\"4387\" data-end=\"4462\"><strong data-start=\"4387\" data-end=\"4402\">Powder-free<\/strong><br data-start=\"4402\" data-end=\"4405\" \/>Bez pudera za manji rizik od iritacija i kontaminacije.<\/p>\n<p data-start=\"4464\" data-end=\"4550\"><strong data-start=\"4464\" data-end=\"4481\">PVC materijal<\/strong><br data-start=\"4481\" data-end=\"4484\" \/>Ekonomi\u010dno rje\u0161enje za osnovnu za\u0161titu pri svakodnevnoj uporabi.<\/p>\n<p data-start=\"4552\" data-end=\"4634\"><strong data-start=\"4552\" data-end=\"4567\">Beaded cuff<\/strong><br data-start=\"4567\" data-end=\"4570\" \/>Oja\u010dani rub pove\u0107ava trajnost i olak\u0161ava rukovanje rukavicama.<\/p>\n<h2 data-start=\"4636\" data-end=\"4660\">Njega i ograni\u010denja<\/h2>\n<p data-start=\"4662\" data-end=\"5139\">Prije upotrebe provjerite jesu li rukavice neo\u0161te\u0107ene. Vinilne rukavice Vinylex Powder-free nisu prikladne za rad s o\u0161trim predmetima ili pri visokim temperaturama. Iako pru\u017eaju odre\u0111enu otpornost na kemikalije (NaOH, H\u2082O\u2082, formaldehid), nisu namijenjene za dugotrajni rad s agresivnim tvarima. Namijenjene su <strong data-start=\"4972\" data-end=\"4996\">jednokratnoj uporabi<\/strong> \u2013 nakon kori\u0161tenja odlo\u017eite ih u skladu s lokalnim propisima. \u010cuvajte ih na suhom mjestu, za\u0161ti\u0107enom od sun\u010deve svjetlosti i izvora topline.<\/p>\n<p data-start=\"5141\" data-end=\"5309\">Vinilne rukavice Vinylex Powder-free spajaju higijenu, jednostavnost i ekonomi\u010dnost. Izvrstan su izbor za medicinu, kozmetiku, prehrambenu industriju i op\u0107u primjenu.<\/p>\n<p data-start=\"4719\" data-end=\"4858\">&#x1f449; Pogledajte i <a href=\"https:\/\/work-foxx.com\/hr\/kategorija-proizvoda\/zastita-ruku\/jednokratne-rukavice\/\">druge rukavice za jednokratnu upotrebu<\/a> u na\u0161oj ponudi ili provjerite slu\u017ebeni opis proizvoda na stranici tvrtke <a href=\"https:\/\/emercator.com\/en\/product\/vinylex-powder-free-100-pcs-diagnostic-and-protective-gloves-vinyl-powder-free-transparent\">Mercator<\/a>.<\/p>\n","protected":false},"excerpt":{"rendered":"<p>Vinilne rukavice VINYLEX powder-free pogodne su za upotrebu u ku\u0107anstvu, kontakt s hranom, medicinske procedure, veterinu, kozmeti\u010dke salone itd.<\/p>\n","protected":false},"featured_media":24450,"comment_status":"open","ping_status":"closed","template":"","meta":{"_acf_changed":false,"inline_featured_image":false},"product_brand":[],"product_cat":[743,946,742],"product_tag":[],"class_list":{"0":"post-18431","1":"product","2":"type-product","3":"status-publish","4":"has-post-thumbnail","6":"product_cat-jednokratne-rukavice","7":"product_cat-vinilne-rukavice","8":"product_cat-zastita-ruku","10":"first","11":"instock","12":"taxable","13":"shipping-taxable","14":"purchasable","15":"product-type-variable"},"acf":[],"_links":{"self":[{"href":"https:\/\/work-foxx.com\/hr\/wp-json\/wp\/v2\/product\/18431","targetHints":{"allow":["GET"]}}],"collection":[{"href":"https:\/\/work-foxx.com\/hr\/wp-json\/wp\/v2\/product"}],"about":[{"href":"https:\/\/work-foxx.com\/hr\/wp-json\/wp\/v2\/types\/product"}],"replies":[{"embeddable":true,"href":"https:\/\/work-foxx.com\/hr\/wp-json\/wp\/v2\/comments?post=18431"}],"wp:featuredmedia":[{"embeddable":true,"href":"https:\/\/work-foxx.com\/hr\/wp-json\/wp\/v2\/media\/24450"}],"wp:attachment":[{"href":"https:\/\/work-foxx.com\/hr\/wp-json\/wp\/v2\/media?parent=18431"}],"wp:term":[{"taxonomy":"product_brand","embeddable":true,"href":"https:\/\/work-foxx.com\/hr\/wp-json\/wp\/v2\/product_brand?post=18431"},{"taxonomy":"product_cat","embeddable":true,"href":"https:\/\/work-foxx.com\/hr\/wp-json\/wp\/v2\/product_cat?post=18431"},{"taxonomy":"product_tag","embeddable":true,"href":"https:\/\/work-foxx.com\/hr\/wp-json\/wp\/v2\/product_tag?post=18431"}],"curies":[{"name":"wp","href":"https:\/\/api.w.org\/{rel}","templated":true}]}}