{"id":18392,"date":"2023-04-14T12:44:00","date_gmt":"2023-04-14T12:44:00","guid":{"rendered":"https:\/\/work-foxx.com\/product\/lira-kozna-rukavica-jedinicni-paket\/"},"modified":"2024-05-17T14:02:50","modified_gmt":"2024-05-17T14:02:50","slug":"kozne-rukavice-lira-pojedinacno-pakiranje","status":"publish","type":"product","link":"https:\/\/work-foxx.com\/hr\/proizvod\/kozne-rukavice-lira-pojedinacno-pakiranje\/","title":{"rendered":"Ko\u017ene rukavice LIRA (pojedina\u010dno pakiranje)"},"content":{"rendered":"<p>Kvalitetne <a href=\"https:\/\/work-foxx.com\/hr\/kategorija-proizvoda\/zastita-ruku\/kozne-rukavice\/kozne-radne-rukavice\/\">ko\u017ene radne rukavice<\/a> LIRA od glatke kozje ko\u017ee. Stra\u017enja strana je izra\u0111ena od najlonske tkanine u crvenoj boji koja osigurava da ruka di\u0161e. Ko\u017ene rukavice LIRA su udobne i fleksibilne te prikladne za precizan rad u suhim uvjetima.<\/p>\n<p><strong>Materijal:<\/strong> Kozja ko\u017ea s najlonskom podlogom u crvenoj boji<br \/>\n<strong>Man\u017eeta:<\/strong> Elasti\u010dna man\u017eeta, podesiva \u010di\u010dak trakom<br \/>\n<strong>Proizvo\u0111a\u010d:<\/strong> <a href=\"https:\/\/www.lacuna.hr\/\">Lacuna<\/a><br \/>\n<strong>Standardi:<\/strong> EN ISO 21420, EN 388 &#8211; 2121X<br \/>\n<strong>Veli\u010dina:<\/strong> 7\u201311<br \/>\n<strong>Pakiranje:<\/strong> 1 par<\/p>\n<p>Ako proizvod koji vam je potreban nije na zalihi ili ne mo\u017eete prona\u0107i \u017eeljeni proizvod u na\u0161oj internetskoj trgovini, pozivamo vas da nam po\u0161aljete upit\u00a0<strong><a href=\"mailto:info@work-foxx.com\">info@work-foxx.com<\/a>\u00a0<\/strong>ili nas kontaktirate putem\u00a0<a href=\"https:\/\/work-foxx.com\/hr\/pomoc-i-kontakt\/\">kontakt obrasca<\/a>. S na\u0161om partnerskom mre\u017eom poku\u0161at \u0107emo vam pru\u017eiti \u017eeljene proizvode ili skratiti vrijeme isporuke.<\/p>\n","protected":false},"excerpt":{"rendered":"<p>Kvalitetne ko\u017ene radne rukavice LIRA izra\u0111ene su od glatke kozje ko\u017ee. Najlonska pole\u0111ina u crvenoj boji osigurava da ruka di\u0161e.<\/p>\n","protected":false},"featured_media":15138,"comment_status":"open","ping_status":"closed","template":"","meta":{"_acf_changed":false,"inline_featured_image":false},"product_brand":[],"product_cat":[907,931,742],"product_tag":[],"class_list":{"0":"post-18392","1":"product","2":"type-product","3":"status-publish","4":"has-post-thumbnail","6":"product_cat-kozne-rukavice","7":"product_cat-radne-kozne-rukavice","8":"product_cat-zastita-ruku","10":"first","11":"instock","12":"taxable","13":"shipping-taxable","14":"purchasable","15":"product-type-variable"},"acf":[],"_links":{"self":[{"href":"https:\/\/work-foxx.com\/hr\/wp-json\/wp\/v2\/product\/18392","targetHints":{"allow":["GET"]}}],"collection":[{"href":"https:\/\/work-foxx.com\/hr\/wp-json\/wp\/v2\/product"}],"about":[{"href":"https:\/\/work-foxx.com\/hr\/wp-json\/wp\/v2\/types\/product"}],"replies":[{"embeddable":true,"href":"https:\/\/work-foxx.com\/hr\/wp-json\/wp\/v2\/comments?post=18392"}],"wp:featuredmedia":[{"embeddable":true,"href":"https:\/\/work-foxx.com\/hr\/wp-json\/wp\/v2\/media\/15138"}],"wp:attachment":[{"href":"https:\/\/work-foxx.com\/hr\/wp-json\/wp\/v2\/media?parent=18392"}],"wp:term":[{"taxonomy":"product_brand","embeddable":true,"href":"https:\/\/work-foxx.com\/hr\/wp-json\/wp\/v2\/product_brand?post=18392"},{"taxonomy":"product_cat","embeddable":true,"href":"https:\/\/work-foxx.com\/hr\/wp-json\/wp\/v2\/product_cat?post=18392"},{"taxonomy":"product_tag","embeddable":true,"href":"https:\/\/work-foxx.com\/hr\/wp-json\/wp\/v2\/product_tag?post=18392"}],"curies":[{"name":"wp","href":"https:\/\/api.w.org\/{rel}","templated":true}]}}