{"id":18330,"date":"2023-04-14T12:44:00","date_gmt":"2023-04-14T12:44:00","guid":{"rendered":"https:\/\/work-foxx.com\/product\/duge-kozne-rukavice-palada-vel-10\/"},"modified":"2024-01-13T17:25:30","modified_gmt":"2024-01-13T17:25:30","slug":"duge-kozne-rukavice-palada-vel-10","status":"publish","type":"product","link":"https:\/\/work-foxx.com\/hr\/proizvod\/duge-kozne-rukavice-palada-vel-10\/","title":{"rendered":"Duge ko\u017ene rukavice PALADA, vel. 10"},"content":{"rendered":"<p>Duge ko\u017ene rukavice PALADA s oja\u010danjem za za\u0161titu od mehani\u010dkih opasnosti, osiguravaju dobro prianjanje. Duge ko\u017ene radne rukavice PALADA prikladne su za precizan rad u suhoj okolini.<\/p>\n<p><strong>Materijal:<\/strong> Gove\u0111a ko\u017ea, pole\u0111ina od cijepane ko\u017ee<br \/>\n<strong>Man\u017eeta:<\/strong> Cijepljena gove\u0111a ko\u017ea<br \/>\n<strong>Proizvo\u0111a\u010d:<\/strong> <a href=\"https:\/\/www.lacuna.hr\/\">Lacuna<\/a><br \/>\n<strong>Standardi:<\/strong> EN388:3133<br \/>\n<strong>Veli\u010dina:<\/strong> 10<br \/>\n<strong>Pakiranje:<\/strong> 12 pari<\/p>\n<p>Ako proizvod koji vam je potreban nije na zalihi ili ne mo\u017eete prona\u0107i \u017eeljeni proizvod u na\u0161oj internetskoj trgovini, pozivamo vas da nam po\u0161aljete upit\u00a0<strong><a href=\"mailto:info@work-foxx.com\">info@work-foxx.com<\/a>\u00a0<\/strong>ili nas kontaktirate putem\u00a0<a href=\"https:\/\/work-foxx.com\/hr\/pomoc-i-kontakt\/\">kontakt obrasca<\/a>. S na\u0161om partnerskom mre\u017eom poku\u0161at \u0107emo vam pru\u017eiti \u017eeljene proizvode ili skratiti vrijeme isporuke.<\/p>\n","protected":false},"excerpt":{"rendered":"<p>Duge ko\u017ene rukavice PALADA s oja\u010danjem za za\u0161titu od mehani\u010dkih opasnosti, osiguravaju dobro prianjanje. Prikladni su za precizan rad u suhom okru\u017eenju.<\/p>\n","protected":false},"featured_media":12630,"comment_status":"open","ping_status":"closed","template":"","meta":{"_acf_changed":false,"inline_featured_image":false},"product_brand":[],"product_cat":[907,931,742],"product_tag":[],"class_list":{"0":"post-18330","1":"product","2":"type-product","3":"status-publish","4":"has-post-thumbnail","6":"product_cat-kozne-rukavice","7":"product_cat-radne-kozne-rukavice","8":"product_cat-zastita-ruku","10":"first","11":"outofstock","12":"taxable","13":"shipping-taxable","14":"purchasable","15":"product-type-simple"},"acf":[],"_links":{"self":[{"href":"https:\/\/work-foxx.com\/hr\/wp-json\/wp\/v2\/product\/18330","targetHints":{"allow":["GET"]}}],"collection":[{"href":"https:\/\/work-foxx.com\/hr\/wp-json\/wp\/v2\/product"}],"about":[{"href":"https:\/\/work-foxx.com\/hr\/wp-json\/wp\/v2\/types\/product"}],"replies":[{"embeddable":true,"href":"https:\/\/work-foxx.com\/hr\/wp-json\/wp\/v2\/comments?post=18330"}],"wp:featuredmedia":[{"embeddable":true,"href":"https:\/\/work-foxx.com\/hr\/wp-json\/wp\/v2\/media\/12630"}],"wp:attachment":[{"href":"https:\/\/work-foxx.com\/hr\/wp-json\/wp\/v2\/media?parent=18330"}],"wp:term":[{"taxonomy":"product_brand","embeddable":true,"href":"https:\/\/work-foxx.com\/hr\/wp-json\/wp\/v2\/product_brand?post=18330"},{"taxonomy":"product_cat","embeddable":true,"href":"https:\/\/work-foxx.com\/hr\/wp-json\/wp\/v2\/product_cat?post=18330"},{"taxonomy":"product_tag","embeddable":true,"href":"https:\/\/work-foxx.com\/hr\/wp-json\/wp\/v2\/product_tag?post=18330"}],"curies":[{"name":"wp","href":"https:\/\/api.w.org\/{rel}","templated":true}]}}