{"id":18286,"date":"2023-04-14T12:45:00","date_gmt":"2023-04-14T12:45:00","guid":{"rendered":"https:\/\/work-foxx.com\/product\/lagoa-kozne-rukavice-jednostruko-pakiranje\/"},"modified":"2024-01-13T15:56:07","modified_gmt":"2024-01-13T15:56:07","slug":"kozne-rukavice-lagoa-pojedinacno-pakiranje","status":"publish","type":"product","link":"https:\/\/work-foxx.com\/hr\/proizvod\/kozne-rukavice-lagoa-pojedinacno-pakiranje\/","title":{"rendered":"Ko\u017ene rukavice LAGOA (pojedina\u010dno pakiranje)"},"content":{"rendered":"<p><a href=\"https:\/\/work-foxx.com\/hr\/kategorija-proizvoda\/zastita-ruku\/kozne-rukavice\/kozne-radne-rukavice\/\">Ko\u017ene radne rukavice<\/a> LAGOA s ergonomski oblikovanim palcem fleksibilne su i dobro prianjaju u dlan. Ko\u017ene rukavice LAGOA prikladne su za precizan rad u suhoj okolini.<\/p>\n<p><strong>Materijal:<\/strong> Glatka gove\u0111a ko\u017ea<br \/>\n<strong>Man\u017eeta:<\/strong> Elasti\u010dna traka ispod le\u0111a<br \/>\n<strong>Proizvo\u0111a\u010d:<\/strong> <a href=\"https:\/\/www.lacuna.hr\/\">Lacuna<\/a><br \/>\n<strong>Standardi:<\/strong> EN 420, EN 388 2132X<br \/>\n<strong>Veli\u010dina:<\/strong> 8\u201312<br \/>\n<strong>Pakiranje:<\/strong> 1 par<\/p>\n<p>Ako proizvod koji vam je potreban nije na zalihi ili ne mo\u017eete prona\u0107i \u017eeljeni proizvod u na\u0161oj internetskoj trgovini, pozivamo vas da nam po\u0161aljete upit\u00a0<strong><a href=\"mailto:info@work-foxx.com\">info@work-foxx.com<\/a>\u00a0<\/strong>ili nas kontaktirate putem\u00a0<a href=\"https:\/\/work-foxx.com\/hr\/pomoc-i-kontakt\/\">kontakt obrasca<\/a>. S na\u0161om partnerskom mre\u017eom poku\u0161at \u0107emo vam pru\u017eiti \u017eeljene proizvode ili skratiti vrijeme isporuke.<\/p>\n","protected":false},"excerpt":{"rendered":"<p>Ko\u017ene radne rukavice LAGOA s ergonomski oblikovanim palcem fleksibilne su i dobro prianjaju u dlan. Prikladne su za precizan rad u suhom okru\u017eenju.<\/p>\n","protected":false},"featured_media":14234,"comment_status":"open","ping_status":"closed","template":"","meta":{"_acf_changed":false,"inline_featured_image":false},"product_brand":[],"product_cat":[907,931,742],"product_tag":[],"class_list":{"0":"post-18286","1":"product","2":"type-product","3":"status-publish","4":"has-post-thumbnail","6":"product_cat-kozne-rukavice","7":"product_cat-radne-kozne-rukavice","8":"product_cat-zastita-ruku","10":"first","11":"instock","12":"taxable","13":"shipping-taxable","14":"purchasable","15":"product-type-variable"},"acf":[],"_links":{"self":[{"href":"https:\/\/work-foxx.com\/hr\/wp-json\/wp\/v2\/product\/18286","targetHints":{"allow":["GET"]}}],"collection":[{"href":"https:\/\/work-foxx.com\/hr\/wp-json\/wp\/v2\/product"}],"about":[{"href":"https:\/\/work-foxx.com\/hr\/wp-json\/wp\/v2\/types\/product"}],"replies":[{"embeddable":true,"href":"https:\/\/work-foxx.com\/hr\/wp-json\/wp\/v2\/comments?post=18286"}],"wp:featuredmedia":[{"embeddable":true,"href":"https:\/\/work-foxx.com\/hr\/wp-json\/wp\/v2\/media\/14234"}],"wp:attachment":[{"href":"https:\/\/work-foxx.com\/hr\/wp-json\/wp\/v2\/media?parent=18286"}],"wp:term":[{"taxonomy":"product_brand","embeddable":true,"href":"https:\/\/work-foxx.com\/hr\/wp-json\/wp\/v2\/product_brand?post=18286"},{"taxonomy":"product_cat","embeddable":true,"href":"https:\/\/work-foxx.com\/hr\/wp-json\/wp\/v2\/product_cat?post=18286"},{"taxonomy":"product_tag","embeddable":true,"href":"https:\/\/work-foxx.com\/hr\/wp-json\/wp\/v2\/product_tag?post=18286"}],"curies":[{"name":"wp","href":"https:\/\/api.w.org\/{rel}","templated":true}]}}