{"id":18283,"date":"2023-04-14T12:44:00","date_gmt":"2023-04-14T12:44:00","guid":{"rendered":"https:\/\/work-foxx.com\/product\/kron-duge-kozne-rukavice-podstavljene\/"},"modified":"2024-01-13T17:22:09","modified_gmt":"2024-01-13T17:22:09","slug":"duge-kozne-rukavice-kron-podstavljene","status":"publish","type":"product","link":"https:\/\/work-foxx.com\/hr\/proizvod\/duge-kozne-rukavice-kron-podstavljene\/","title":{"rendered":"Duge ko\u017ene rukavice KRON, podstavljene"},"content":{"rendered":"<p>Duge <a href=\"https:\/\/work-foxx.com\/hr\/kategorija-proizvoda\/zastita-ruku\/kozne-rukavice\/kozne-radne-rukavice\/\">ko\u017ene rukavice<\/a> KRON izra\u0111ene su od mekane gove\u0111e ko\u017ee i imaju man\u0161etu od podijeljene ko\u017ee. Rukavice imaju dodatnu za\u0161titu na stra\u017enjoj strani te oja\u010danja u podru\u010dju zglobova i na krajevima prstiju. Rukavice su dodatno podstavljene i stoga pogodne za rad u hladnijim uvjetima. Duge ko\u017ene radne rukavice KRON savr\u0161ene su za zahtjevne mehani\u010dke radove koje karakteriziraju rizici povezani s toplinom.<\/p>\n<p><strong>Materijal:<\/strong> Meka gove\u0111a ko\u017ea<br \/>\n<strong>Man\u017eeta:<\/strong> Cijepljena gove\u0111a ko\u017ea<br \/>\n<strong>Poja\u010danje:<\/strong> Dodatna za\u0161tita le\u0111a s oja\u010danjima u podru\u010dju zglobova i na krajevima prstiju.<br \/>\n<strong>Proizvo\u0111a\u010d:<\/strong> <a href=\"https:\/\/www.lacuna.hr\/\">Lacuna<\/a><br \/>\n<strong>Standard:<\/strong> EN 388:3144X, EN 407:412X4X<br \/>\n<strong>Veli\u010dina:<\/strong> 10\u201311<br \/>\n<strong>Pakiranje:<\/strong> 12 par<\/p>\n<p>Ako proizvod koji vam je potreban nije na zalihi ili ne mo\u017eete prona\u0107i \u017eeljeni proizvod u na\u0161oj internetskoj trgovini, pozivamo vas da nam po\u0161aljete upit\u00a0<strong><a href=\"mailto:info@work-foxx.com\">info@work-foxx.com<\/a>\u00a0<\/strong>ili nas kontaktirate putem\u00a0<a href=\"https:\/\/work-foxx.com\/hr\/pomoc-i-kontakt\/\">kontakt obrasca<\/a>. S na\u0161om partnerskom mre\u017eom poku\u0161at \u0107emo vam pru\u017eiti \u017eeljene proizvode ili skratiti vrijeme isporuke.<\/p>\n","protected":false},"excerpt":{"rendered":"<p>Duge ko\u017ene rukavice KRON izra\u0111ene su od mekane gove\u0111e ko\u017ee i imaju man\u0161etu od podijeljene ko\u017ee. Rukavice su dodatno podstavljene.<\/p>\n","protected":false},"featured_media":15210,"comment_status":"open","ping_status":"closed","template":"","meta":{"_acf_changed":false,"inline_featured_image":false},"product_brand":[],"product_cat":[907,931,742],"product_tag":[],"class_list":{"0":"post-18283","1":"product","2":"type-product","3":"status-publish","4":"has-post-thumbnail","6":"product_cat-kozne-rukavice","7":"product_cat-radne-kozne-rukavice","8":"product_cat-zastita-ruku","10":"first","11":"instock","12":"taxable","13":"shipping-taxable","14":"purchasable","15":"product-type-variable"},"acf":[],"_links":{"self":[{"href":"https:\/\/work-foxx.com\/hr\/wp-json\/wp\/v2\/product\/18283","targetHints":{"allow":["GET"]}}],"collection":[{"href":"https:\/\/work-foxx.com\/hr\/wp-json\/wp\/v2\/product"}],"about":[{"href":"https:\/\/work-foxx.com\/hr\/wp-json\/wp\/v2\/types\/product"}],"replies":[{"embeddable":true,"href":"https:\/\/work-foxx.com\/hr\/wp-json\/wp\/v2\/comments?post=18283"}],"wp:featuredmedia":[{"embeddable":true,"href":"https:\/\/work-foxx.com\/hr\/wp-json\/wp\/v2\/media\/15210"}],"wp:attachment":[{"href":"https:\/\/work-foxx.com\/hr\/wp-json\/wp\/v2\/media?parent=18283"}],"wp:term":[{"taxonomy":"product_brand","embeddable":true,"href":"https:\/\/work-foxx.com\/hr\/wp-json\/wp\/v2\/product_brand?post=18283"},{"taxonomy":"product_cat","embeddable":true,"href":"https:\/\/work-foxx.com\/hr\/wp-json\/wp\/v2\/product_cat?post=18283"},{"taxonomy":"product_tag","embeddable":true,"href":"https:\/\/work-foxx.com\/hr\/wp-json\/wp\/v2\/product_tag?post=18283"}],"curies":[{"name":"wp","href":"https:\/\/api.w.org\/{rel}","templated":true}]}}