{"id":18273,"date":"2023-04-14T12:55:00","date_gmt":"2023-04-14T12:55:00","guid":{"rendered":"https:\/\/work-foxx.com\/product\/tisa-rukavice-oblozene-nitrilom-jednostruko-pakiranje\/"},"modified":"2025-08-01T00:03:20","modified_gmt":"2025-08-01T00:03:20","slug":"rukavice-s-nitrilnim-premazom-tisa-pojedinacno-pakiranje","status":"publish","type":"product","link":"https:\/\/work-foxx.com\/hr\/proizvod\/rukavice-s-nitrilnim-premazom-tisa-pojedinacno-pakiranje\/","title":{"rendered":"Rukavice s nitrilnim premazom TISA (pojedina\u010dno pakiranje)"},"content":{"rendered":"<p>Rukavice s nitrilnim premazom TISA imaju tkanu postavu od elasti\u010dnog materijala (kombinacija najlona i elastina) i nitrilnu presvlaku. Rukavice s nitrilnim premazom TISA osiguravaju visoku pokretljivost prstiju i za\u0161titu od kontakta s toplinom do 100 \u00b0C.<\/p>\n<p><strong>Materijal:<\/strong> Najlon i elastan<br \/>\n<strong>Prevlaka:<\/strong> Nitril<br \/>\n<strong>Man\u017eeta:<\/strong> Najlon i elastan<br \/>\n<strong>Boja:<\/strong> Crvena<br \/>\n<strong>Veli\u010dine:<\/strong> 7\u201311<br \/>\n<strong>Posebne zna\u010dajke:<\/strong> Elasti\u010dna man\u0161eta, podru\u010dje dlana i vrhovi prstiju na stra\u017enjoj strani tretirani su nitrilom<br \/>\n<strong>Proizvo\u0111a\u010d:<\/strong> <a href=\"https:\/\/www.lacuna.hr\/\">Lacuna<\/a><br \/>\n<strong>Standardi:<\/strong> EN420, EN388 (4121X), EN407 (X1XXXX)<br \/>\n<strong>Pakiranje:<\/strong> 1 par<\/p>\n<p><strong><a href=\"https:\/\/work-foxx.com\/hr\/kategorija-proizvoda\/zastita-ruku\/rukavice-za-precizne-poslove\/pletene-rukavice-s-premazom\/\">Pletene rukavice<\/a>\u00a0klasificirane su kao za\u0161titne rukavice I. kategorije<\/strong>\u00a0i prikladne su za minimalne rizike. \u0160tite va\u0161e dlanove od mehani\u010dkih utjecaja, prljav\u0161tine i povr\u0161inskih o\u0161te\u0107enja kojima smo izlo\u017eeni na poslu ili kod ku\u0107e.\u00a0<strong>Pletene rukavice odlikuju se izvrsnim pristajanjem uz ruku \u0161to osigurava spretnost pri radu u suhim uvjetima.<\/strong>\u00a0Pletene rukavice karakterizira udobnost i izdr\u017eljivost. Zbog ekonomi\u010dnosti materijala koriste se za svakodnevni rad.<\/p>\n","protected":false},"excerpt":{"rendered":"<p>Rukavice s nitrilnim premazom TISA imaju tkanu postavu od elasti\u010dnog materijala (kombinacija najlona i elastina) i nitrilnu presvlaku.<\/p>\n","protected":false},"featured_media":14926,"comment_status":"open","ping_status":"closed","template":"","meta":{"_acf_changed":false,"inline_featured_image":false},"product_brand":[],"product_cat":[883,880,742],"product_tag":[],"class_list":{"0":"post-18273","1":"product","2":"type-product","3":"status-publish","4":"has-post-thumbnail","6":"product_cat-rukavice-s-premazom","7":"product_cat-rukavice-za-precizne-poslove","8":"product_cat-zastita-ruku","10":"first","11":"instock","12":"taxable","13":"shipping-taxable","14":"purchasable","15":"product-type-variable"},"acf":[],"_links":{"self":[{"href":"https:\/\/work-foxx.com\/hr\/wp-json\/wp\/v2\/product\/18273","targetHints":{"allow":["GET"]}}],"collection":[{"href":"https:\/\/work-foxx.com\/hr\/wp-json\/wp\/v2\/product"}],"about":[{"href":"https:\/\/work-foxx.com\/hr\/wp-json\/wp\/v2\/types\/product"}],"replies":[{"embeddable":true,"href":"https:\/\/work-foxx.com\/hr\/wp-json\/wp\/v2\/comments?post=18273"}],"wp:featuredmedia":[{"embeddable":true,"href":"https:\/\/work-foxx.com\/hr\/wp-json\/wp\/v2\/media\/14926"}],"wp:attachment":[{"href":"https:\/\/work-foxx.com\/hr\/wp-json\/wp\/v2\/media?parent=18273"}],"wp:term":[{"taxonomy":"product_brand","embeddable":true,"href":"https:\/\/work-foxx.com\/hr\/wp-json\/wp\/v2\/product_brand?post=18273"},{"taxonomy":"product_cat","embeddable":true,"href":"https:\/\/work-foxx.com\/hr\/wp-json\/wp\/v2\/product_cat?post=18273"},{"taxonomy":"product_tag","embeddable":true,"href":"https:\/\/work-foxx.com\/hr\/wp-json\/wp\/v2\/product_tag?post=18273"}],"curies":[{"name":"wp","href":"https:\/\/api.w.org\/{rel}","templated":true}]}}