{"id":18271,"date":"2023-04-14T12:46:00","date_gmt":"2023-04-14T12:46:00","guid":{"rendered":"https:\/\/work-foxx.com\/product\/pvc-rukavice-park-27-cm-vel-10\/"},"modified":"2026-03-20T15:22:32","modified_gmt":"2026-03-20T15:22:32","slug":"pvc-rukavice-park-27-cm-vel-10","status":"publish","type":"product","link":"https:\/\/work-foxx.com\/hr\/proizvod\/pvc-rukavice-park-27-cm-vel-10\/","title":{"rendered":"PVC rukavice PARK, 27 cm, vel. 10"},"content":{"rendered":"<p>Izdr\u017eljive PVC rukavice PARK imaju postavu od mje\u0161avine poliestera i pamuka i premaz od crvenog polivinil klorida (PVC). PVC rukavice PARK nude dobro prianjanje i otporne su na vodene otopine.<\/p>\n<p><strong>Materijal:<\/strong> Podstava od poliestera\/pamuka, gornji sloj od crvenog polivinil klorida (PVC)<br \/>\n<strong>Du\u017eina:<\/strong> 27 cm<br \/>\n<strong>Proizvo\u0111a\u010d:<\/strong> <a href=\"https:\/\/www.lacuna.hr\/\">Lacuna<\/a><br \/>\n<strong>Standard:<\/strong> EN 420, EN 388 (4121X)<br \/>\n<strong>Veli\u010dina:<\/strong> 10<br \/>\n<strong>Pakiranje:<\/strong> 12 par<\/p>\n<p>Ako proizvod koji vam je potreban nije na zalihi ili ne mo\u017eete prona\u0107i \u017eeljeni proizvod u na\u0161oj internetskoj trgovini, pozivamo vas da nam po\u0161aljete upit\u00a0<strong><a href=\"mailto:info@work-foxx.com\">info@work-foxx.com<\/a>\u00a0<\/strong>ili nas kontaktirate putem\u00a0<a href=\"https:\/\/work-foxx.com\/hr\/pomoc-i-kontakt\/\">kontakt obrasca<\/a>. S na\u0161om partnerskom mre\u017eom poku\u0161at \u0107emo vam pru\u017eiti \u017eeljene proizvode ili skratiti vrijeme isporuke.<\/p>\n","protected":false},"excerpt":{"rendered":"<p>PVC rukavice PARK imaju postavu od mje\u0161avine poliestera i pamuka te premaz od polivinil klorida. Nude dobro prianjanje i otporni su na vodene otopine.<\/p>\n","protected":false},"featured_media":13112,"comment_status":"open","ping_status":"closed","template":"","meta":{"_acf_changed":false,"inline_featured_image":false},"product_brand":[],"product_cat":[906,908,742],"product_tag":[],"class_list":{"0":"post-18271","1":"product","2":"type-product","3":"status-publish","4":"has-post-thumbnail","6":"product_cat-pvc-i-gumene-rukavice","7":"product_cat-pvc-rukavice","8":"product_cat-zastita-ruku","10":"first","11":"instock","12":"taxable","13":"shipping-taxable","14":"purchasable","15":"product-type-simple"},"acf":[],"_links":{"self":[{"href":"https:\/\/work-foxx.com\/hr\/wp-json\/wp\/v2\/product\/18271","targetHints":{"allow":["GET"]}}],"collection":[{"href":"https:\/\/work-foxx.com\/hr\/wp-json\/wp\/v2\/product"}],"about":[{"href":"https:\/\/work-foxx.com\/hr\/wp-json\/wp\/v2\/types\/product"}],"replies":[{"embeddable":true,"href":"https:\/\/work-foxx.com\/hr\/wp-json\/wp\/v2\/comments?post=18271"}],"wp:featuredmedia":[{"embeddable":true,"href":"https:\/\/work-foxx.com\/hr\/wp-json\/wp\/v2\/media\/13112"}],"wp:attachment":[{"href":"https:\/\/work-foxx.com\/hr\/wp-json\/wp\/v2\/media?parent=18271"}],"wp:term":[{"taxonomy":"product_brand","embeddable":true,"href":"https:\/\/work-foxx.com\/hr\/wp-json\/wp\/v2\/product_brand?post=18271"},{"taxonomy":"product_cat","embeddable":true,"href":"https:\/\/work-foxx.com\/hr\/wp-json\/wp\/v2\/product_cat?post=18271"},{"taxonomy":"product_tag","embeddable":true,"href":"https:\/\/work-foxx.com\/hr\/wp-json\/wp\/v2\/product_tag?post=18271"}],"curies":[{"name":"wp","href":"https:\/\/api.w.org\/{rel}","templated":true}]}}