{"id":18255,"date":"2023-04-14T12:55:00","date_gmt":"2023-04-14T12:55:00","guid":{"rendered":"https:\/\/work-foxx.com\/product\/fortis-nitrilne-rukavice-32-cm-plave\/"},"modified":"2024-01-14T20:33:50","modified_gmt":"2024-01-14T20:33:50","slug":"nitrilne-rukavice-fortis-32-cm-plave","status":"publish","type":"product","link":"https:\/\/work-foxx.com\/hr\/proizvod\/nitrilne-rukavice-fortis-32-cm-plave\/","title":{"rendered":"Nitrilne rukavice FORTIS, 32 cm, plave"},"content":{"rendered":"<p>Nitrilne rukavice FORTIS otporne su na kemikalije. Rukavice su izra\u0111ene od nitrila s pamu\u010dnom postavom. Pakirane su u prakti\u010dno pojedina\u010dno pakiranje.<\/p>\n<p><strong>Materijal:<\/strong> Pamu\u010dna podstava, nitrilni premaz<br \/>\n<strong>Du\u017eina:<\/strong> 32 cm<br \/>\n<strong>Proizvo\u0111a\u010d:<\/strong> <a href=\"https:\/\/www.lacuna.hr\/\">Lacuna<\/a><br \/>\n<strong>Standard:<\/strong> EN 420, EN388 (3101X), EN374-1:2016, TIP B (AJKL), EN374-5:2016<br \/>\n<strong>Veli\u010dina:<\/strong> 7\u201311<br \/>\n<strong>Pakiranje:<\/strong> 1 par<\/p>\n<p>Ako proizvod koji vam je potreban nije na zalihi ili ne mo\u017eete prona\u0107i \u017eeljeni proizvod u na\u0161oj internetskoj trgovini, pozivamo vas da nam po\u0161aljete upit\u00a0<strong><a href=\"mailto:info@work-foxx.com\">info@work-foxx.com<\/a>\u00a0<\/strong>ili nas kontaktirate putem\u00a0<a href=\"https:\/\/work-foxx.com\/hr\/pomoc-i-kontakt\/\">kontakt obrasca<\/a>. S na\u0161om partnerskom mre\u017eom poku\u0161at \u0107emo vam pru\u017eiti \u017eeljene proizvode ili skratiti vrijeme isporuke.<\/p>\n","protected":false},"excerpt":{"rendered":"<p>Nitrilne rukavice FORTIS otporne su na kemikalije. Rukavice su izra\u0111ene od nitrila s pamu\u010dnom postavom. Pakirane su po 12 pari u paketu.<\/p>\n","protected":false},"featured_media":14920,"comment_status":"open","ping_status":"closed","template":"","meta":{"_acf_changed":false,"inline_featured_image":false},"product_brand":[],"product_cat":[906,910,742],"product_tag":[],"class_list":{"0":"post-18255","1":"product","2":"type-product","3":"status-publish","4":"has-post-thumbnail","6":"product_cat-pvc-i-gumene-rukavice","7":"product_cat-rukavice-od-gume-neoprena-i-nitrila","8":"product_cat-zastita-ruku","10":"first","11":"instock","12":"taxable","13":"shipping-taxable","14":"purchasable","15":"product-type-variable"},"acf":[],"_links":{"self":[{"href":"https:\/\/work-foxx.com\/hr\/wp-json\/wp\/v2\/product\/18255","targetHints":{"allow":["GET"]}}],"collection":[{"href":"https:\/\/work-foxx.com\/hr\/wp-json\/wp\/v2\/product"}],"about":[{"href":"https:\/\/work-foxx.com\/hr\/wp-json\/wp\/v2\/types\/product"}],"replies":[{"embeddable":true,"href":"https:\/\/work-foxx.com\/hr\/wp-json\/wp\/v2\/comments?post=18255"}],"wp:featuredmedia":[{"embeddable":true,"href":"https:\/\/work-foxx.com\/hr\/wp-json\/wp\/v2\/media\/14920"}],"wp:attachment":[{"href":"https:\/\/work-foxx.com\/hr\/wp-json\/wp\/v2\/media?parent=18255"}],"wp:term":[{"taxonomy":"product_brand","embeddable":true,"href":"https:\/\/work-foxx.com\/hr\/wp-json\/wp\/v2\/product_brand?post=18255"},{"taxonomy":"product_cat","embeddable":true,"href":"https:\/\/work-foxx.com\/hr\/wp-json\/wp\/v2\/product_cat?post=18255"},{"taxonomy":"product_tag","embeddable":true,"href":"https:\/\/work-foxx.com\/hr\/wp-json\/wp\/v2\/product_tag?post=18255"}],"curies":[{"name":"wp","href":"https:\/\/api.w.org\/{rel}","templated":true}]}}