{"id":18233,"date":"2023-04-14T12:46:00","date_gmt":"2023-04-14T12:46:00","guid":{"rendered":"https:\/\/work-foxx.com\/product\/pvc-rukavice-superior-36-cm-crvene-vel-10\/"},"modified":"2024-01-14T20:22:34","modified_gmt":"2024-01-14T20:22:34","slug":"pvc-rukavice-superior-36-cm-crvene-vel-10","status":"publish","type":"product","link":"https:\/\/work-foxx.com\/hr\/proizvod\/pvc-rukavice-superior-36-cm-crvene-vel-10\/","title":{"rendered":"PVC rukavice SUPERIOR, 36 cm, crvene, vel. 10"},"content":{"rendered":"<p>Visokokvalitetne duge PVC rukavice SUPERIOR otporne su na slabe kiseline, imaju neklizaju\u0107i dlan i Actifresh pamu\u010dnu postavu.<\/p>\n<p><strong>Materijal:<\/strong> PVC, podstava od pamuka<br \/>\n<strong>Du\u017eina:<\/strong> 36 cm<br \/>\n<strong>Standardi:<\/strong> EN 420, EN 388, EN 374-1, EN 374-2, EN 374-3<br \/>\n<strong>Veli\u010dina:<\/strong> 10<br \/>\n<strong>Pakiranje:<\/strong> 10 par<\/p>\n<p>Ako proizvod koji vam je potreban nije na zalihi ili ne mo\u017eete prona\u0107i \u017eeljeni proizvod u na\u0161oj internetskoj trgovini, pozivamo vas da nam po\u0161aljete upit\u00a0<strong><a href=\"mailto:info@work-foxx.com\">info@work-foxx.com<\/a>\u00a0<\/strong>ili nas kontaktirate putem\u00a0<a href=\"https:\/\/work-foxx.com\/hr\/pomoc-i-kontakt\/\">kontakt obrasca<\/a>. S na\u0161om partnerskom mre\u017eom poku\u0161at \u0107emo vam pru\u017eiti \u017eeljene proizvode ili skratiti vrijeme isporuke.<\/p>\n","protected":false},"excerpt":{"rendered":"<p>Visokokvalitetne duge PVC rukavice SUPERIOR otporne su na slabe kiseline, imaju neklizaju\u0107i dlan i Actifresh pamu\u010dnu postavu.<\/p>\n","protected":false},"featured_media":12212,"comment_status":"open","ping_status":"closed","template":"","meta":{"_acf_changed":false,"inline_featured_image":false},"product_brand":[],"product_cat":[906,908,742],"product_tag":[],"class_list":{"0":"post-18233","1":"product","2":"type-product","3":"status-publish","4":"has-post-thumbnail","6":"product_cat-pvc-i-gumene-rukavice","7":"product_cat-pvc-rukavice","8":"product_cat-zastita-ruku","10":"first","11":"instock","12":"taxable","13":"shipping-taxable","14":"purchasable","15":"product-type-simple"},"acf":[],"_links":{"self":[{"href":"https:\/\/work-foxx.com\/hr\/wp-json\/wp\/v2\/product\/18233","targetHints":{"allow":["GET"]}}],"collection":[{"href":"https:\/\/work-foxx.com\/hr\/wp-json\/wp\/v2\/product"}],"about":[{"href":"https:\/\/work-foxx.com\/hr\/wp-json\/wp\/v2\/types\/product"}],"replies":[{"embeddable":true,"href":"https:\/\/work-foxx.com\/hr\/wp-json\/wp\/v2\/comments?post=18233"}],"wp:featuredmedia":[{"embeddable":true,"href":"https:\/\/work-foxx.com\/hr\/wp-json\/wp\/v2\/media\/12212"}],"wp:attachment":[{"href":"https:\/\/work-foxx.com\/hr\/wp-json\/wp\/v2\/media?parent=18233"}],"wp:term":[{"taxonomy":"product_brand","embeddable":true,"href":"https:\/\/work-foxx.com\/hr\/wp-json\/wp\/v2\/product_brand?post=18233"},{"taxonomy":"product_cat","embeddable":true,"href":"https:\/\/work-foxx.com\/hr\/wp-json\/wp\/v2\/product_cat?post=18233"},{"taxonomy":"product_tag","embeddable":true,"href":"https:\/\/work-foxx.com\/hr\/wp-json\/wp\/v2\/product_tag?post=18233"}],"curies":[{"name":"wp","href":"https:\/\/api.w.org\/{rel}","templated":true}]}}