{"id":18222,"date":"2023-04-14T12:56:00","date_gmt":"2023-04-14T12:56:00","guid":{"rendered":"https:\/\/work-foxx.com\/product\/vrtne-rukavice-flora-ruzicasta-vel-8-jedinicni-paket\/"},"modified":"2025-08-01T00:02:44","modified_gmt":"2025-08-01T00:02:44","slug":"vrtne-rukavice-flora-ruzicaste-vel-8-pojedinacno-pakiranje","status":"publish","type":"product","link":"https:\/\/work-foxx.com\/hr\/proizvod\/vrtne-rukavice-flora-ruzicaste-vel-8-pojedinacno-pakiranje\/","title":{"rendered":"Vrtne rukavice FLORA, ru\u017ei\u010daste, vel. 8 (pojedina\u010dno pakiranje)"},"content":{"rendered":"<p>Vrtne rukavice FLORA imaju podstavu od tkanog poliestera i tanki poliuretanski premaz na dlanovima. Prikladne su za precizan rad u suhom okru\u017eenju.<\/p>\n<p><strong>Materijal:<\/strong> Poliesterska tkanina<br \/>\n<strong>Prevlaka:<\/strong> Poliuretanski premaz (PU)<br \/>\n<strong>Man\u017eeta:<\/strong> Poliesterska tkanina<br \/>\n<strong>Boja:<\/strong> Ru\u017ei\u010dasta<br \/>\n<strong>Veli\u010dine:<\/strong> 8<br \/>\n<strong>Posebne zna\u010dajke:<\/strong> Elasti\u010dna man\u0161eta, podru\u010dje dlana i vrhovi prstiju na stra\u017enjoj strani obra\u0111eni su poliuretanom<br \/>\n<strong>Proizvo\u0111a\u010d:<\/strong> <a href=\"https:\/\/www.lacuna.hr\/\">Lacuna<\/a><br \/>\n<strong>Standardi:<\/strong> EN 420, EN 388 2131X<br \/>\n<strong>Pakiranje:<\/strong> 1 par<\/p>\n<p><strong><a href=\"https:\/\/work-foxx.com\/hr\/kategorija-proizvoda\/zastita-ruku\/rukavice-za-precizne-poslove\/vrtne-rukavice\/\">Vrtne rukavice<\/a> su klasificirane kao za\u0161titne rukavice I. kategorije i prikladne su za minimalne rizike.<\/strong>\u00a0\u0160tite va\u0161e dlanove od prljav\u0161tine i povr\u0161inskih o\u0161te\u0107enja kojima smo izlo\u017eeni pri radu u vrtu ili kod ku\u0107e. Za alergi\u010dare i osobe s ko\u017enim bolestima preporu\u010da se kori\u0161tenje pamu\u010dnih ili dermatolo\u0161ki certificiranih ATG rukavica.\u00a0<strong>Rukavice se odlikuju izvrsnim prianjanjem uz ruku i izvrsnim prianjanjem, \u0161to osigurava spretnost pri radu u suhim uvjetima.<\/strong><\/p>\n","protected":false},"excerpt":{"rendered":"<p>Vrtne rukavice FLORA imaju podstavu od tkanog poliestera i tanki poliuretanski premaz na dlanovima. Prikladne su za precizan rad u suhom okru\u017eenju.<\/p>\n","protected":false},"featured_media":12970,"comment_status":"open","ping_status":"closed","template":"","meta":{"_acf_changed":false,"inline_featured_image":false},"product_brand":[],"product_cat":[880,916,742],"product_tag":[],"class_list":{"0":"post-18222","1":"product","2":"type-product","3":"status-publish","4":"has-post-thumbnail","6":"product_cat-rukavice-za-precizne-poslove","7":"product_cat-vrtne-rukavice","8":"product_cat-zastita-ruku","10":"first","11":"instock","12":"taxable","13":"shipping-taxable","14":"purchasable","15":"product-type-simple"},"acf":[],"_links":{"self":[{"href":"https:\/\/work-foxx.com\/hr\/wp-json\/wp\/v2\/product\/18222","targetHints":{"allow":["GET"]}}],"collection":[{"href":"https:\/\/work-foxx.com\/hr\/wp-json\/wp\/v2\/product"}],"about":[{"href":"https:\/\/work-foxx.com\/hr\/wp-json\/wp\/v2\/types\/product"}],"replies":[{"embeddable":true,"href":"https:\/\/work-foxx.com\/hr\/wp-json\/wp\/v2\/comments?post=18222"}],"wp:featuredmedia":[{"embeddable":true,"href":"https:\/\/work-foxx.com\/hr\/wp-json\/wp\/v2\/media\/12970"}],"wp:attachment":[{"href":"https:\/\/work-foxx.com\/hr\/wp-json\/wp\/v2\/media?parent=18222"}],"wp:term":[{"taxonomy":"product_brand","embeddable":true,"href":"https:\/\/work-foxx.com\/hr\/wp-json\/wp\/v2\/product_brand?post=18222"},{"taxonomy":"product_cat","embeddable":true,"href":"https:\/\/work-foxx.com\/hr\/wp-json\/wp\/v2\/product_cat?post=18222"},{"taxonomy":"product_tag","embeddable":true,"href":"https:\/\/work-foxx.com\/hr\/wp-json\/wp\/v2\/product_tag?post=18222"}],"curies":[{"name":"wp","href":"https:\/\/api.w.org\/{rel}","templated":true}]}}