{"id":18175,"date":"2023-04-14T12:55:00","date_gmt":"2023-04-14T12:55:00","guid":{"rendered":"https:\/\/work-foxx.com\/product\/rukavice-od-lateksa-eurotehnika-30-cm-plava\/"},"modified":"2024-01-14T20:39:03","modified_gmt":"2024-01-14T20:39:03","slug":"lateks-rukavice-eurotechnique-30-cm-plava","status":"publish","type":"product","link":"https:\/\/work-foxx.com\/hr\/proizvod\/lateks-rukavice-eurotechnique-30-cm-plava\/","title":{"rendered":"Lateks rukavice EUROTECHNIQUE, 30 cm, plave"},"content":{"rendered":"<p>Visokokvalitetne lateks rukavice EUROTECHNIQUE otporne su na slabe kiseline i imaju protuklizni dlan. Izra\u0111ene su od lateksa i imaju pamu\u010dnu postavu.<\/p>\n<p><strong>Materijal:<\/strong> Lateks, podstava od pamuka<br \/>\n<strong>Du\u017eina:<\/strong> 30 cm<br \/>\n<strong>Debljina:<\/strong> 1,3 mm<br \/>\n<strong>Proizvo\u0111a\u010d:<\/strong> <a href=\"https:\/\/www.coverguard-safety.com\/\">Coverguard<\/a><br \/>\n<strong>Standard:<\/strong> EN 420, EN 388, EN 374-1, EN 374-5<br \/>\n<strong>Veli\u010dina:<\/strong> 9, 10<br \/>\n<strong>Pakiranje:<\/strong> 12 par<\/p>\n<p><strong>Podru\u010dja primjene:<\/strong> Rukovanje te\u0161kim predmetima u skliskom i te\u0161kom okru\u017eenju, \u0161umarstvo i ribarstvo, hortikultura, vo\u0107arstvo, gospodarenje otpadom i ku\u0107nim otpadom. Prikladno za kontakt s hranom.<\/p>\n<p>Ako proizvod koji vam je potreban nije na zalihi ili ne mo\u017eete prona\u0107i \u017eeljeni proizvod u na\u0161oj internetskoj trgovini, pozivamo vas da nam po\u0161aljete upit\u00a0<strong><a href=\"mailto:info@work-foxx.com\">info@work-foxx.com<\/a>\u00a0<\/strong>ili nas kontaktirate putem\u00a0<a href=\"https:\/\/work-foxx.com\/hr\/pomoc-i-kontakt\/\">kontakt obrasca<\/a>. S na\u0161om partnerskom mre\u017eom poku\u0161at \u0107emo vam pru\u017eiti \u017eeljene proizvode ili skratiti vrijeme isporuke.<\/p>\n","protected":false},"excerpt":{"rendered":"<p>Visokokvalitetne lateks rukavice EUROTECHNIQUE otporne su na slabe kiseline i imaju protuklizni dlan. Izra\u0111ene su od lateksa i imaju pamu\u010dnu podstavu.<\/p>\n","protected":false},"featured_media":13334,"comment_status":"open","ping_status":"closed","template":"","meta":{"_acf_changed":false,"inline_featured_image":false},"product_brand":[],"product_cat":[906,910,742],"product_tag":[],"class_list":{"0":"post-18175","1":"product","2":"type-product","3":"status-publish","4":"has-post-thumbnail","6":"product_cat-pvc-i-gumene-rukavice","7":"product_cat-rukavice-od-gume-neoprena-i-nitrila","8":"product_cat-zastita-ruku","10":"first","11":"outofstock","12":"taxable","13":"shipping-taxable","14":"purchasable","15":"product-type-variable"},"acf":[],"_links":{"self":[{"href":"https:\/\/work-foxx.com\/hr\/wp-json\/wp\/v2\/product\/18175","targetHints":{"allow":["GET"]}}],"collection":[{"href":"https:\/\/work-foxx.com\/hr\/wp-json\/wp\/v2\/product"}],"about":[{"href":"https:\/\/work-foxx.com\/hr\/wp-json\/wp\/v2\/types\/product"}],"replies":[{"embeddable":true,"href":"https:\/\/work-foxx.com\/hr\/wp-json\/wp\/v2\/comments?post=18175"}],"wp:featuredmedia":[{"embeddable":true,"href":"https:\/\/work-foxx.com\/hr\/wp-json\/wp\/v2\/media\/13334"}],"wp:attachment":[{"href":"https:\/\/work-foxx.com\/hr\/wp-json\/wp\/v2\/media?parent=18175"}],"wp:term":[{"taxonomy":"product_brand","embeddable":true,"href":"https:\/\/work-foxx.com\/hr\/wp-json\/wp\/v2\/product_brand?post=18175"},{"taxonomy":"product_cat","embeddable":true,"href":"https:\/\/work-foxx.com\/hr\/wp-json\/wp\/v2\/product_cat?post=18175"},{"taxonomy":"product_tag","embeddable":true,"href":"https:\/\/work-foxx.com\/hr\/wp-json\/wp\/v2\/product_tag?post=18175"}],"curies":[{"name":"wp","href":"https:\/\/api.w.org\/{rel}","templated":true}]}}