{"id":18174,"date":"2023-04-14T12:46:00","date_gmt":"2023-04-14T12:46:00","guid":{"rendered":"https:\/\/work-foxx.com\/product\/zimske-rukavice-aljaska-vel-10\/"},"modified":"2024-01-29T08:27:24","modified_gmt":"2024-01-29T08:27:24","slug":"zimske-rukavice-aljaska-vel-10","status":"publish","type":"product","link":"https:\/\/work-foxx.com\/hr\/proizvod\/zimske-rukavice-aljaska-vel-10\/","title":{"rendered":"Zimske rukavice ALJASKA, vel. 10"},"content":{"rendered":"<p>Vodootporne i uljeotporne <a href=\"https:\/\/work-foxx.com\/hr\/kategorija-proizvoda\/zastita-ruku\/kozne-rukavice\/zimske-kozne-rukavice\/\">zimske rukavice<\/a> ALASKA podstavljene su flisom. Rukavice imaju man\u017eetu, smanjuju znojenje, pru\u017eaju udobnost i optimalno prianjanje.<\/p>\n<p><strong>Materijal:<\/strong> Glatka gove\u0111a ko\u017ea<br \/>\n<strong>Obloga:<\/strong> Izolacija od flisa Thinsulate<br \/>\n<strong>Proizvo\u0111a\u010d:<\/strong> <a href=\"https:\/\/www.lacuna.hr\/\">Lacuna<\/a><br \/>\n<strong>Standard:<\/strong> EN 420, EN 388 2122x, EN 511 22x<br \/>\n<strong>Dostupne veli\u010dine:<\/strong> 10<br \/>\n<strong>Pakiranje:<\/strong> 12 par<\/p>\n<p>Ako proizvod koji vam je potreban nije na zalihi ili ne mo\u017eete prona\u0107i \u017eeljeni proizvod u na\u0161oj internetskoj trgovini, pozivamo vas da nam po\u0161aljete upit\u00a0<strong><a href=\"mailto:info@work-foxx.com\">info@work-foxx.com<\/a>\u00a0<\/strong>ili nas kontaktirate putem\u00a0<a href=\"https:\/\/work-foxx.com\/hr\/pomoc-i-kontakt\/\">kontakt obrasca<\/a>. S na\u0161om partnerskom mre\u017eom poku\u0161at \u0107emo vam pru\u017eiti \u017eeljene proizvode ili skratiti vrijeme isporuke.<\/p>\n","protected":false},"excerpt":{"rendered":"<p>Zimske rukavice ALASKA podstavljene su flisom. Rukavice imaju man\u017eetu, smanjuju znojenje, pru\u017eaju udobnost i optimalno prianjanje.<\/p>\n","protected":false},"featured_media":12240,"comment_status":"open","ping_status":"closed","template":"","meta":{"_acf_changed":false,"inline_featured_image":false},"product_brand":[],"product_cat":[907,742,921],"product_tag":[],"class_list":{"0":"post-18174","1":"product","2":"type-product","3":"status-publish","4":"has-post-thumbnail","6":"product_cat-kozne-rukavice","7":"product_cat-zastita-ruku","8":"product_cat-zimske-kozne-rukavice","10":"first","11":"outofstock","12":"taxable","13":"shipping-taxable","14":"purchasable","15":"product-type-simple"},"acf":[],"_links":{"self":[{"href":"https:\/\/work-foxx.com\/hr\/wp-json\/wp\/v2\/product\/18174","targetHints":{"allow":["GET"]}}],"collection":[{"href":"https:\/\/work-foxx.com\/hr\/wp-json\/wp\/v2\/product"}],"about":[{"href":"https:\/\/work-foxx.com\/hr\/wp-json\/wp\/v2\/types\/product"}],"replies":[{"embeddable":true,"href":"https:\/\/work-foxx.com\/hr\/wp-json\/wp\/v2\/comments?post=18174"}],"wp:featuredmedia":[{"embeddable":true,"href":"https:\/\/work-foxx.com\/hr\/wp-json\/wp\/v2\/media\/12240"}],"wp:attachment":[{"href":"https:\/\/work-foxx.com\/hr\/wp-json\/wp\/v2\/media?parent=18174"}],"wp:term":[{"taxonomy":"product_brand","embeddable":true,"href":"https:\/\/work-foxx.com\/hr\/wp-json\/wp\/v2\/product_brand?post=18174"},{"taxonomy":"product_cat","embeddable":true,"href":"https:\/\/work-foxx.com\/hr\/wp-json\/wp\/v2\/product_cat?post=18174"},{"taxonomy":"product_tag","embeddable":true,"href":"https:\/\/work-foxx.com\/hr\/wp-json\/wp\/v2\/product_tag?post=18174"}],"curies":[{"name":"wp","href":"https:\/\/api.w.org\/{rel}","templated":true}]}}