{"id":18170,"date":"2023-04-14T12:56:00","date_gmt":"2023-04-14T12:56:00","guid":{"rendered":"https:\/\/work-foxx.com\/product\/codo-gradevinske-rukavice-vel-10-jedinicni-paket\/"},"modified":"2025-08-02T00:02:29","modified_gmt":"2025-08-02T00:02:29","slug":"gradevinske-rukavice-codo-vel-10-pojedinacno-pakiranje","status":"publish","type":"product","link":"https:\/\/work-foxx.com\/hr\/proizvod\/gradevinske-rukavice-codo-vel-10-pojedinacno-pakiranje\/","title":{"rendered":"Gra\u0111evinske rukavice CODO, vel. 10 (pojedina\u010dno pakiranje)"},"content":{"rendered":"<p>Gra\u0111evinske rukavice CODO imaju podstavu od tkanog be\u0161avnog poliestera i dvoslojnu prevlaku od lateks gume na dlanovima. Prikladne su za grube radove u suhom okru\u017eenju. Gra\u0111evinske rukavice CODO pakirane su pojedina\u010dno ili 12 pari u pakiranju.<\/p>\n<p><strong>Materijal:<\/strong> Poliesterska tkanina<br \/>\n<strong>Prevlaka:<\/strong> Dvoslojna lateks guma<br \/>\n<strong>Man\u017eeta:<\/strong> Poliesterska tkanina<br \/>\n<strong>Boja:<\/strong> Be\u017e<br \/>\n<strong>Veli\u010dine:<\/strong> 10<br \/>\n<strong>Posebne zna\u010dajke:<\/strong> Elasti\u010dna man\u0161eta, podru\u010dje dlana i vrhovi prstiju obra\u0111eni su lateks gumom<br \/>\n<strong>Proizvo\u0111a\u010d:<\/strong> <a href=\"https:\/\/www.lacuna.hr\/\">Lacuna<\/a><br \/>\n<strong>Standardi:<\/strong> EN 420, EN 388 (2142X)<br \/>\n<strong>Pakiranje:<\/strong> 1 par<\/p>\n<p><strong><a href=\"https:\/\/work-foxx.com\/hr\/kategorija-proizvoda\/zastita-ruku\/rukavice-za-teske-i-grube-poslove\/gradevinske-rukavice\/\">Gra\u0111evinske rukavice<\/a> svrstavaju se u II. kategoriju za\u0161titnih rukavica i pru\u017eaju za\u0161titu dlana od mehani\u010dkih rizika.<\/strong>\u00a0Rukavice su robusnije, izdr\u017eljive, imaju oja\u010dani dlan i dvostruko su tkane. \u0160tite va\u0161e dlanove od mehani\u010dkih utjecaja, prljav\u0161tine i povr\u0161inskih o\u0161te\u0107enja kojima smo izlo\u017eeni na poslu ili kod ku\u0107e. Rukavice nude visoku razinu udobnosti i za\u0161tite te su prikladne za rad u suhom i mokrom okru\u017eenju.<\/p>\n<p><strong>Gra\u0111evinske rukavice karakterizira udobnost i izdr\u017eljivost. Zbog ekonomi\u010dnosti materijala koriste se za svakodnevni rad.<\/strong><\/p>\n","protected":false},"excerpt":{"rendered":"<p>Gra\u0111evinske rukavice CODO imaju podstavu od poliestera i dvoslojnu prevlaku od lateks gume na dlanovima. rikladne su za grube radove u suhom okru\u017eenju.<\/p>\n","protected":false},"featured_media":12562,"comment_status":"open","ping_status":"closed","template":"","meta":{"_acf_changed":false,"inline_featured_image":false},"product_brand":[],"product_cat":[911,835,742],"product_tag":[],"class_list":{"0":"post-18170","1":"product","2":"type-product","3":"status-publish","4":"has-post-thumbnail","6":"product_cat-gradevinske-rukavice","7":"product_cat-rukavice-za-teske-i-grube-poslove","8":"product_cat-zastita-ruku","10":"first","11":"instock","12":"taxable","13":"shipping-taxable","14":"purchasable","15":"product-type-simple"},"acf":[],"_links":{"self":[{"href":"https:\/\/work-foxx.com\/hr\/wp-json\/wp\/v2\/product\/18170","targetHints":{"allow":["GET"]}}],"collection":[{"href":"https:\/\/work-foxx.com\/hr\/wp-json\/wp\/v2\/product"}],"about":[{"href":"https:\/\/work-foxx.com\/hr\/wp-json\/wp\/v2\/types\/product"}],"replies":[{"embeddable":true,"href":"https:\/\/work-foxx.com\/hr\/wp-json\/wp\/v2\/comments?post=18170"}],"wp:featuredmedia":[{"embeddable":true,"href":"https:\/\/work-foxx.com\/hr\/wp-json\/wp\/v2\/media\/12562"}],"wp:attachment":[{"href":"https:\/\/work-foxx.com\/hr\/wp-json\/wp\/v2\/media?parent=18170"}],"wp:term":[{"taxonomy":"product_brand","embeddable":true,"href":"https:\/\/work-foxx.com\/hr\/wp-json\/wp\/v2\/product_brand?post=18170"},{"taxonomy":"product_cat","embeddable":true,"href":"https:\/\/work-foxx.com\/hr\/wp-json\/wp\/v2\/product_cat?post=18170"},{"taxonomy":"product_tag","embeddable":true,"href":"https:\/\/work-foxx.com\/hr\/wp-json\/wp\/v2\/product_tag?post=18170"}],"curies":[{"name":"wp","href":"https:\/\/api.w.org\/{rel}","templated":true}]}}