{"id":18147,"date":"2023-04-14T12:46:00","date_gmt":"2023-04-14T12:46:00","guid":{"rendered":"https:\/\/work-foxx.com\/product\/horus-rukavice-za-zavarivanje\/"},"modified":"2024-01-14T16:52:53","modified_gmt":"2024-01-14T16:52:53","slug":"carilacke-rukavice-horus","status":"publish","type":"product","link":"https:\/\/work-foxx.com\/hr\/proizvod\/carilacke-rukavice-horus\/","title":{"rendered":"Varila\u010dke rukavice HORUS"},"content":{"rendered":"<p><a href=\"https:\/\/work-foxx.com\/hr\/kategorija-proizvoda\/zastita-ruku\/kozne-rukavice\/rukavice-za-zavarivanje\/\">Varila\u010dke rukavice<\/a> HORUS izra\u0111ene su od gove\u0111e ko\u017ee s oja\u010danjem na dlanu i palcu. Podstavljene su pamukom i pro\u0161ivene kevlarom za dulji vijek trajanja.<\/p>\n<p><strong>Dlan:<\/strong> Cijepljena gove\u0111a ko\u017ea<br \/>\n<strong>Stra\u017enja strana:<\/strong> Cijepljena gove\u0111a ko\u017ea<br \/>\n<strong>Man\u017eeta:<\/strong> Cijepljena gove\u0111a ko\u017ea<br \/>\n<strong>Obloga:<\/strong> Pamuk<br \/>\n<strong>Proizvo\u0111a\u010d:<\/strong> <a href=\"https:\/\/www.lacuna.hr\/\">Lacuna<\/a><br \/>\n<strong>Standard:<\/strong> EN 420 EN 388 (4143X), EN 407 (413X4X), EN 12477 (TIP A)<br \/>\n<strong>Dostupne veli\u010dine:<\/strong> 10, 11<br \/>\n<strong>Pakiranje:<\/strong> 1 par<\/p>\n<p>Ako proizvod koji vam je potreban nije na zalihi ili ne mo\u017eete prona\u0107i \u017eeljeni proizvod u na\u0161oj internetskoj trgovini, pozivamo vas da nam po\u0161aljete upit\u00a0<strong><a href=\"mailto:info@work-foxx.com\">info@work-foxx.com<\/a>\u00a0<\/strong>ili nas kontaktirate putem\u00a0<a href=\"https:\/\/work-foxx.com\/hr\/pomoc-i-kontakt\/\">kontakt obrasca<\/a>. S na\u0161om partnerskom mre\u017eom poku\u0161at \u0107emo vam pru\u017eiti \u017eeljene proizvode ili skratiti vrijeme isporuke.<\/p>\n","protected":false},"excerpt":{"rendered":"<p>Varila\u010dke rukavice HORUS izra\u0111ene su od gove\u0111e ko\u017ee s oja\u010danjem na dlanu i palcu. Podstavljene su pamukom i pro\u0161ivene kevlarom.<\/p>\n","protected":false},"featured_media":14386,"comment_status":"open","ping_status":"closed","template":"","meta":{"_acf_changed":false,"inline_featured_image":false},"product_brand":[],"product_cat":[2471,909,742],"product_tag":[],"class_list":{"0":"post-18147","1":"product","2":"type-product","3":"status-publish","4":"has-post-thumbnail","6":"product_cat-mig-mag-rukavice-za-zavarivanje","7":"product_cat-rukavice-za-zavarivanje","8":"product_cat-zastita-ruku","10":"first","11":"instock","12":"taxable","13":"shipping-taxable","14":"purchasable","15":"product-type-variable"},"acf":[],"_links":{"self":[{"href":"https:\/\/work-foxx.com\/hr\/wp-json\/wp\/v2\/product\/18147","targetHints":{"allow":["GET"]}}],"collection":[{"href":"https:\/\/work-foxx.com\/hr\/wp-json\/wp\/v2\/product"}],"about":[{"href":"https:\/\/work-foxx.com\/hr\/wp-json\/wp\/v2\/types\/product"}],"replies":[{"embeddable":true,"href":"https:\/\/work-foxx.com\/hr\/wp-json\/wp\/v2\/comments?post=18147"}],"wp:featuredmedia":[{"embeddable":true,"href":"https:\/\/work-foxx.com\/hr\/wp-json\/wp\/v2\/media\/14386"}],"wp:attachment":[{"href":"https:\/\/work-foxx.com\/hr\/wp-json\/wp\/v2\/media?parent=18147"}],"wp:term":[{"taxonomy":"product_brand","embeddable":true,"href":"https:\/\/work-foxx.com\/hr\/wp-json\/wp\/v2\/product_brand?post=18147"},{"taxonomy":"product_cat","embeddable":true,"href":"https:\/\/work-foxx.com\/hr\/wp-json\/wp\/v2\/product_cat?post=18147"},{"taxonomy":"product_tag","embeddable":true,"href":"https:\/\/work-foxx.com\/hr\/wp-json\/wp\/v2\/product_tag?post=18147"}],"curies":[{"name":"wp","href":"https:\/\/api.w.org\/{rel}","templated":true}]}}