{"id":18139,"date":"2023-04-14T12:55:00","date_gmt":"2023-04-14T12:55:00","guid":{"rendered":"https:\/\/work-foxx.com\/product\/eurolite-4170-pamucne-rukavice-s-granulama-vel-10\/"},"modified":"2025-08-01T00:02:46","modified_gmt":"2025-08-01T00:02:46","slug":"pamucne-rukavice-eurolite-4170-s-granulama-vel-10","status":"publish","type":"product","link":"https:\/\/work-foxx.com\/hr\/proizvod\/pamucne-rukavice-eurolite-4170-s-granulama-vel-10\/","title":{"rendered":"Pamu\u010dne rukavice EUROLITE 4170 s granulama, vel. 10"},"content":{"rendered":"<p>Pamu\u010dne rukavice EUROLITE 4170 pogodne su za spretno rukovanje i precizan rad u suhim okru\u017eenjima s minimalnim rizikom. Pamu\u010dne rukavice EUROLITE 4170 imaju PVC granule na dlanu koje omogu\u0107uju bolje prianjanje.<\/p>\n<p><strong>Materijal:<\/strong> Pamuk \/ PVC to\u010dke<br \/>\n<strong>Promjer niti:<\/strong> 10<br \/>\n<strong>Veli\u010dina:<\/strong> 10<br \/>\n<strong>Proizvo\u0111a\u010d:<\/strong> <a href=\"https:\/\/www.coverguard-safety.com\/\">Coverguard<\/a><br \/>\n<strong>Pakiranje:<\/strong> 12 par<\/p>\n<p><strong><a href=\"https:\/\/work-foxx.com\/hr\/kategorija-proizvoda\/zastita-ruku\/rukavice-za-precizne-poslove\/pamucne-rukavice\/\">Pamu\u010dne rukavice<\/a> spadaju u I. kategoriju za\u0161titnih rukavica i prikladne su za minimalne rizike.<\/strong>\u00a0\u0160tite va\u0161e dlanove od prljav\u0161tine i povr\u0161inskih o\u0161te\u0107enja kojima smo izlo\u017eeni na poslu ili kod ku\u0107e. Rukavice se preporu\u010duju alergi\u010darima i osobama s ko\u017enim bolestima.\u00a0<strong>Odlikuje ih izvrsno pristajanje ruci koje osigurava spretnost pri radu u suhim uvjetima.<\/strong><\/p>\n","protected":false},"excerpt":{"rendered":"<p>Pamu\u010dne rukavice EUROLITE 4170 pogodne su za spretno rukovanje i precizan rad u suhim okru\u017eenjima s minimalnim rizikom. Na dlanu imaju PVC granule.<\/p>\n","protected":false},"featured_media":12220,"comment_status":"open","ping_status":"closed","template":"","meta":{"_acf_changed":false,"inline_featured_image":false},"product_brand":[],"product_cat":[902,880,742],"product_tag":[],"class_list":{"0":"post-18139","1":"product","2":"type-product","3":"status-publish","4":"has-post-thumbnail","6":"product_cat-pamucne-rukavice","7":"product_cat-rukavice-za-precizne-poslove","8":"product_cat-zastita-ruku","10":"first","11":"outofstock","12":"taxable","13":"shipping-taxable","14":"purchasable","15":"product-type-simple"},"acf":[],"_links":{"self":[{"href":"https:\/\/work-foxx.com\/hr\/wp-json\/wp\/v2\/product\/18139","targetHints":{"allow":["GET"]}}],"collection":[{"href":"https:\/\/work-foxx.com\/hr\/wp-json\/wp\/v2\/product"}],"about":[{"href":"https:\/\/work-foxx.com\/hr\/wp-json\/wp\/v2\/types\/product"}],"replies":[{"embeddable":true,"href":"https:\/\/work-foxx.com\/hr\/wp-json\/wp\/v2\/comments?post=18139"}],"wp:featuredmedia":[{"embeddable":true,"href":"https:\/\/work-foxx.com\/hr\/wp-json\/wp\/v2\/media\/12220"}],"wp:attachment":[{"href":"https:\/\/work-foxx.com\/hr\/wp-json\/wp\/v2\/media?parent=18139"}],"wp:term":[{"taxonomy":"product_brand","embeddable":true,"href":"https:\/\/work-foxx.com\/hr\/wp-json\/wp\/v2\/product_brand?post=18139"},{"taxonomy":"product_cat","embeddable":true,"href":"https:\/\/work-foxx.com\/hr\/wp-json\/wp\/v2\/product_cat?post=18139"},{"taxonomy":"product_tag","embeddable":true,"href":"https:\/\/work-foxx.com\/hr\/wp-json\/wp\/v2\/product_tag?post=18139"}],"curies":[{"name":"wp","href":"https:\/\/api.w.org\/{rel}","templated":true}]}}