{"id":18123,"date":"2023-04-14T12:56:00","date_gmt":"2023-04-14T12:56:00","guid":{"rendered":"https:\/\/work-foxx.com\/product\/rukavice-s-pu-premazom-pinto-sive-jednostruko-pakiranje\/"},"modified":"2025-08-01T00:03:21","modified_gmt":"2025-08-01T00:03:21","slug":"rukavice-s-pu-premazom-pinto-pojedinacno-pakiranje-2","status":"publish","type":"product","link":"https:\/\/work-foxx.com\/hr\/proizvod\/rukavice-s-pu-premazom-pinto-pojedinacno-pakiranje-2\/","title":{"rendered":"Rukavice s PU premazom PINTO, sive (pojedina\u010dno pakiranje)"},"content":{"rendered":"<p>Rukavice s PU premazom PINTO imaju podstavu od tkanog poliestera i poliuretanski premaz na dlanovima. Prikladne su za precizan rad u suhom okru\u017eenju. Rukavice s PU premazom PINTO dostupne su u bijeloj, sivoj, crnoj, zelenoj i \u017eutoj boji. Pakiraju se pojedina\u010dno ili u pakiranju od 12 pari.<\/p>\n<p><strong>Materijal:<\/strong> Poliesterska tkanina<br \/>\n<strong>Premaz:<\/strong> Poliuretan (PU)<br \/>\n<strong>Man\u017eeta:<\/strong> Poliesterska tkanina<br \/>\n<strong>Boja:<\/strong> Siva<br \/>\n<strong>Veli\u010dine:<\/strong> 7\u201311<br \/>\n<strong>Posebne zna\u010dajke:<\/strong> Elasti\u010dna man\u0161eta, podru\u010dje dlana i vrhovi prstiju na stra\u017enjoj strani obra\u0111eni su poliuretanom<br \/>\n<strong>Proizvo\u0111a\u010d:<\/strong> <a href=\"https:\/\/www.lacuna.hr\/\">Lacuna<\/a><br \/>\n<strong>Standardi:<\/strong> EN420, EN388 (3121X)<br \/>\n<strong>Pakiranje:<\/strong> 12 par<\/p>\n<p><strong><a href=\"https:\/\/work-foxx.com\/hr\/kategorija-proizvoda\/zastita-ruku\/rukavice-za-precizne-poslove\/pletene-rukavice-s-premazom\/\">Pletene rukavice<\/a> klasificirane su kao za\u0161titne rukavice I. kategorije<\/strong> i prikladne su za minimalne rizike. \u0160tite va\u0161e dlanove od mehani\u010dkih utjecaja, prljav\u0161tine i povr\u0161inskih o\u0161te\u0107enja kojima smo izlo\u017eeni na poslu ili kod ku\u0107e. <strong>Pletene rukavice odlikuju se izvrsnim pristajanjem uz ruku \u0161to osigurava spretnost pri radu u suhim uvjetima.<\/strong> Pletene rukavice karakterizira udobnost i izdr\u017eljivost. Zbog ekonomi\u010dnosti materijala koriste se za svakodnevni rad.<\/p>\n","protected":false},"excerpt":{"rendered":"<p>Rukavice s PU premazom PINTO imaju podstavu od tkanog poliestera i poliuretanski premaz na dlanovima. Prikladne su za precizan rad u suhom okru\u017eenju.<\/p>\n","protected":false},"featured_media":13512,"comment_status":"open","ping_status":"closed","template":"","meta":{"_acf_changed":false,"inline_featured_image":false},"product_brand":[],"product_cat":[883,880,742],"product_tag":[],"class_list":{"0":"post-18123","1":"product","2":"type-product","3":"status-publish","4":"has-post-thumbnail","6":"product_cat-rukavice-s-premazom","7":"product_cat-rukavice-za-precizne-poslove","8":"product_cat-zastita-ruku","10":"first","11":"instock","12":"taxable","13":"shipping-taxable","14":"purchasable","15":"product-type-variable"},"acf":[],"_links":{"self":[{"href":"https:\/\/work-foxx.com\/hr\/wp-json\/wp\/v2\/product\/18123","targetHints":{"allow":["GET"]}}],"collection":[{"href":"https:\/\/work-foxx.com\/hr\/wp-json\/wp\/v2\/product"}],"about":[{"href":"https:\/\/work-foxx.com\/hr\/wp-json\/wp\/v2\/types\/product"}],"replies":[{"embeddable":true,"href":"https:\/\/work-foxx.com\/hr\/wp-json\/wp\/v2\/comments?post=18123"}],"wp:featuredmedia":[{"embeddable":true,"href":"https:\/\/work-foxx.com\/hr\/wp-json\/wp\/v2\/media\/13512"}],"wp:attachment":[{"href":"https:\/\/work-foxx.com\/hr\/wp-json\/wp\/v2\/media?parent=18123"}],"wp:term":[{"taxonomy":"product_brand","embeddable":true,"href":"https:\/\/work-foxx.com\/hr\/wp-json\/wp\/v2\/product_brand?post=18123"},{"taxonomy":"product_cat","embeddable":true,"href":"https:\/\/work-foxx.com\/hr\/wp-json\/wp\/v2\/product_cat?post=18123"},{"taxonomy":"product_tag","embeddable":true,"href":"https:\/\/work-foxx.com\/hr\/wp-json\/wp\/v2\/product_tag?post=18123"}],"curies":[{"name":"wp","href":"https:\/\/api.w.org\/{rel}","templated":true}]}}