{"id":18096,"date":"2023-04-14T12:56:00","date_gmt":"2023-04-14T12:56:00","guid":{"rendered":"https:\/\/work-foxx.com\/product\/rukavice-od-lateksa-eurowinter-6610\/"},"modified":"2025-08-01T00:03:22","modified_gmt":"2025-08-01T00:03:22","slug":"rukavice-s-lateks-premazom-eurowinter-6610","status":"publish","type":"product","link":"https:\/\/work-foxx.com\/hr\/proizvod\/rukavice-s-lateks-premazom-eurowinter-6610\/","title":{"rendered":"Rukavice s lateks premazom EUROWINTER 6610"},"content":{"rendered":"<p>Rukavice s lateks premazom EUROWINTER 6610 imaju be\u0161avnu podstavu od akrila i poliestera i elasti\u010dnu man\u017eetu. Imaju crni premaz od lateksa na dlanu i stra\u017enjoj strani kako bi pru\u017eili za\u0161titu od klizanja. Rukavice s lateks premazom EUROWINTER 6610 pogodne su za izuzetno precizan rad u hladnom okru\u017eenju.<\/p>\n<p><strong>Materijal:<\/strong> Be\u0161avna akrilna i poliesterska tkanina<br \/>\n<strong>Premaz:<\/strong> 2\/3 lateks premaz na dlanovima i le\u0111ima<br \/>\n<strong>Man\u017eeta:<\/strong> Be\u0161avna tkanina od akrila i poliestera<br \/>\n<strong>Boja:<\/strong> Crna<br \/>\n<strong>Veli\u010dine:<\/strong> 8\u201311<br \/>\n<strong>Posebne zna\u010dajke:<\/strong> Elasti\u010dna man\u0161eta, 2\/3 premaz od lateksa na dlanovima i le\u0111ima<br \/>\n<strong>Proizvo\u0111a\u010d:<\/strong> <a href=\"https:\/\/www.coverguard-safety.com\/\">Coverguard<\/a><br \/>\n<strong>Standardi:<\/strong> EN 420, EN388 (2243X), EN 511 (X2X)<br \/>\n<strong>Pakiranje:<\/strong> 10 par<\/p>\n<p><strong><a href=\"https:\/\/work-foxx.com\/hr\/kategorija-proizvoda\/zastita-ruku\/rukavice-za-precizne-poslove\/pletene-rukavice-s-premazom\/\">Pletene rukavice<\/a>\u00a0klasificirane su kao za\u0161titne rukavice I. kategorije<\/strong>\u00a0i prikladne su za minimalne rizike. \u0160tite va\u0161e dlanove od mehani\u010dkih utjecaja, prljav\u0161tine i povr\u0161inskih o\u0161te\u0107enja kojima smo izlo\u017eeni na poslu ili kod ku\u0107e.\u00a0<strong>Pletene rukavice odlikuju se izvrsnim pristajanjem uz ruku \u0161to osigurava spretnost pri radu u suhim uvjetima.<\/strong>\u00a0Pletene rukavice karakterizira udobnost i izdr\u017eljivost. Zbog ekonomi\u010dnosti materijala koriste se za svakodnevni rad.<\/p>\n","protected":false},"excerpt":{"rendered":"<p>Rukavice s lateks premazom EUROWINTER 6610 imaju be\u0161avnu podstavu od akrila i poliestera i elasti\u010dnu man\u017eetu. Imaju crni premaz od lateksa na dlanu.<\/p>\n","protected":false},"featured_media":14590,"comment_status":"open","ping_status":"closed","template":"","meta":{"_acf_changed":false,"inline_featured_image":false},"product_brand":[],"product_cat":[883,880,742],"product_tag":[],"class_list":{"0":"post-18096","1":"product","2":"type-product","3":"status-publish","4":"has-post-thumbnail","6":"product_cat-rukavice-s-premazom","7":"product_cat-rukavice-za-precizne-poslove","8":"product_cat-zastita-ruku","10":"first","11":"instock","12":"taxable","13":"shipping-taxable","14":"purchasable","15":"product-type-variable"},"acf":[],"_links":{"self":[{"href":"https:\/\/work-foxx.com\/hr\/wp-json\/wp\/v2\/product\/18096","targetHints":{"allow":["GET"]}}],"collection":[{"href":"https:\/\/work-foxx.com\/hr\/wp-json\/wp\/v2\/product"}],"about":[{"href":"https:\/\/work-foxx.com\/hr\/wp-json\/wp\/v2\/types\/product"}],"replies":[{"embeddable":true,"href":"https:\/\/work-foxx.com\/hr\/wp-json\/wp\/v2\/comments?post=18096"}],"wp:featuredmedia":[{"embeddable":true,"href":"https:\/\/work-foxx.com\/hr\/wp-json\/wp\/v2\/media\/14590"}],"wp:attachment":[{"href":"https:\/\/work-foxx.com\/hr\/wp-json\/wp\/v2\/media?parent=18096"}],"wp:term":[{"taxonomy":"product_brand","embeddable":true,"href":"https:\/\/work-foxx.com\/hr\/wp-json\/wp\/v2\/product_brand?post=18096"},{"taxonomy":"product_cat","embeddable":true,"href":"https:\/\/work-foxx.com\/hr\/wp-json\/wp\/v2\/product_cat?post=18096"},{"taxonomy":"product_tag","embeddable":true,"href":"https:\/\/work-foxx.com\/hr\/wp-json\/wp\/v2\/product_tag?post=18096"}],"curies":[{"name":"wp","href":"https:\/\/api.w.org\/{rel}","templated":true}]}}