{"id":18074,"date":"2023-04-14T12:57:00","date_gmt":"2023-04-14T12:57:00","guid":{"rendered":"https:\/\/work-foxx.com\/product\/rukavice-s-nitrilnim-premazom-sinop-plava-vel-10-jedinicni-paket\/"},"modified":"2025-08-01T00:02:48","modified_gmt":"2025-08-01T00:02:48","slug":"rukavice-s-nitrilnim-premaz-sinop-plave-vel-10-pojedinacno-pakiranje","status":"publish","type":"product","link":"https:\/\/work-foxx.com\/hr\/proizvod\/rukavice-s-nitrilnim-premaz-sinop-plave-vel-10-pojedinacno-pakiranje\/","title":{"rendered":"Rukavice s nitrilnim premazom SINOP, plave, vel. 10 (pojedina\u010dno pakiranje)"},"content":{"rendered":"<p>Rukavice s nitrilnim premazom SINOP imaju tkanu be\u0161avnu postavu od pamuka i nitrilni premaz na 3\/4 povr\u0161ine. Prikladne su za grube radove u suhim i mokrim okru\u017eenjima. Rukavice s nitrilnim premazom SINOP pakirane su pojedina\u010dno ili 12 pari u paketu.<\/p>\n<p><strong>Materijal:<\/strong> Pamu\u010dna tkanina<br \/>\n<strong>Prevlaka:<\/strong> Nitrilni premaz na 3\/4 povr\u0161ine<br \/>\n<strong>Man\u017eeta:<\/strong> Pamu\u010dna tkanina<br \/>\n<strong>Boja:<\/strong> Be\u017e s plavim premazom<br \/>\n<strong>Veli\u010dine:<\/strong> 10<br \/>\n<strong>Posebne zna\u010dajke:<\/strong> Elasti\u010dna man\u0161eta, 3\/4 povr\u0161ine rukavice oblo\u017eene lateksom<br \/>\n<strong>Proizvo\u0111a\u010d:<\/strong> <a href=\"https:\/\/www.lacuna.hr\/\">Lacuna<\/a><br \/>\n<strong>Standardi:<\/strong> EN 388 3111X, EN 420<br \/>\n<strong>Pakiranje:<\/strong> 1 par<\/p>\n<p><strong><a href=\"https:\/\/work-foxx.com\/hr\/kategorija-proizvoda\/zastita-ruku\/rukavice-za-teske-i-grube-poslove\/rukavice-s-nitrilnim-premazom\/\">Rukavice s nitrilnim premazom<\/a> razvrstavaju se u II. kategoriju za\u0161titnih rukavica i pru\u017eaju za\u0161titu dlana od mehani\u010dkih rizika.<\/strong>\u00a0Rukavice su robusnije, izdr\u017eljive, imaju oja\u010dani dlan i dvostruko su tkane. \u0160tite va\u0161e dlanove od mehani\u010dkih utjecaja, prljav\u0161tine i povr\u0161inskih o\u0161te\u0107enja kojima smo izlo\u017eeni na poslu ili kod ku\u0107e. Rukavice nude visoku razinu udobnosti i za\u0161tite te su prikladne za rad u suhom i mokrom okru\u017eenju.<\/p>\n<p><strong>Rukavice karakterizira udobnost i izdr\u017eljivost. Zbog ekonomi\u010dnosti materijala koriste se za svakodnevni rad.<\/strong><\/p>\n","protected":false},"excerpt":{"rendered":"<p>Rukavice s nitrilnim premazom SINOP imaju postavu od pamuka i nitrilni premaz na 3\/4 povr\u0161ine. Prikladne su za grube radove u suhim i mokrim okru\u017eenjima.<\/p>\n","protected":false},"featured_media":13100,"comment_status":"open","ping_status":"closed","template":"","meta":{"_acf_changed":false,"inline_featured_image":false},"product_brand":[],"product_cat":[877,835,742],"product_tag":[],"class_list":{"0":"post-18074","1":"product","2":"type-product","3":"status-publish","4":"has-post-thumbnail","6":"product_cat-rukavice-s-nitrilnim-premazom","7":"product_cat-rukavice-za-teske-i-grube-poslove","8":"product_cat-zastita-ruku","10":"first","11":"outofstock","12":"taxable","13":"shipping-taxable","14":"purchasable","15":"product-type-simple"},"acf":[],"_links":{"self":[{"href":"https:\/\/work-foxx.com\/hr\/wp-json\/wp\/v2\/product\/18074","targetHints":{"allow":["GET"]}}],"collection":[{"href":"https:\/\/work-foxx.com\/hr\/wp-json\/wp\/v2\/product"}],"about":[{"href":"https:\/\/work-foxx.com\/hr\/wp-json\/wp\/v2\/types\/product"}],"replies":[{"embeddable":true,"href":"https:\/\/work-foxx.com\/hr\/wp-json\/wp\/v2\/comments?post=18074"}],"wp:featuredmedia":[{"embeddable":true,"href":"https:\/\/work-foxx.com\/hr\/wp-json\/wp\/v2\/media\/13100"}],"wp:attachment":[{"href":"https:\/\/work-foxx.com\/hr\/wp-json\/wp\/v2\/media?parent=18074"}],"wp:term":[{"taxonomy":"product_brand","embeddable":true,"href":"https:\/\/work-foxx.com\/hr\/wp-json\/wp\/v2\/product_brand?post=18074"},{"taxonomy":"product_cat","embeddable":true,"href":"https:\/\/work-foxx.com\/hr\/wp-json\/wp\/v2\/product_cat?post=18074"},{"taxonomy":"product_tag","embeddable":true,"href":"https:\/\/work-foxx.com\/hr\/wp-json\/wp\/v2\/product_tag?post=18074"}],"curies":[{"name":"wp","href":"https:\/\/api.w.org\/{rel}","templated":true}]}}