{"id":18058,"date":"2023-04-14T12:56:00","date_gmt":"2023-04-14T12:56:00","guid":{"rendered":"https:\/\/work-foxx.com\/product\/eurolite-sl555n-nitrilne-rukavice-oblozene\/"},"modified":"2025-08-01T00:03:22","modified_gmt":"2025-08-01T00:03:22","slug":"rukavice-z-nitrilnim-premazom-eurolite-en555n","status":"publish","type":"product","link":"https:\/\/work-foxx.com\/hr\/proizvod\/rukavice-z-nitrilnim-premazom-eurolite-en555n\/","title":{"rendered":"Rukavice s nitrilnim premazom EUROLITE SL555N"},"content":{"rendered":"<p>Rukavice s nitrilnim premazom EUROLITE SL555N imaju be\u0161avnu pletenu podstavu, elasti\u010dnu man\u0161etu i dvostruki nitrilni premaz. Glatki naran\u010dasti premaz po cijeloj povr\u0161ini osigurava otpornost rukavica na ulja i masno\u0107e, a crni nitrilni premaz na dlanu osigurava bolje prianjanje. Rukavice s nitrilnim premazom EUROLITE SL555N prikladne su za izuzetno precizan rad u mokrom ili vla\u017enom okru\u017eenju.<\/p>\n<p><strong>Materijal:<\/strong> Poliesterska tkanina<br \/>\n<strong>Prevlaka:<\/strong> Dvostruki nitrilni premaz na (dlan i le\u0111a)<br \/>\n<strong>Man\u017eeta:<\/strong> Poliesterska tkanina<br \/>\n<strong>Boja:<\/strong> Naran\u010dasta<br \/>\n<strong>Raspolo\u017eiva veli\u010dina:<\/strong> 8\u201311<br \/>\n<strong>Posebne zna\u010dajke:<\/strong> Elasti\u010dna man\u0161eta, predio dlana i vrhovi prstiju sa stra\u017enje strane tretirani su lateksom<br \/>\n<strong>Proizvo\u0111a\u010d:<\/strong> <a href=\"https:\/\/www.coverguard-safety.com\/\">Coverguard<\/a><br \/>\n<strong>Standardi:<\/strong> EN 420, EN 388 4121X<br \/>\n<strong>Pakiranje:<\/strong> 10 par<\/p>\n<p><strong><a href=\"https:\/\/work-foxx.com\/hr\/kategorija-proizvoda\/zastita-ruku\/rukavice-za-precizne-poslove\/pletene-rukavice-s-premazom\/\">Pletene rukavice<\/a> klasificirane su kao za\u0161titne rukavice I. kategorije<\/strong> i prikladne su za minimalne rizike. \u0160tite va\u0161e dlanove od mehani\u010dkih utjecaja, prljav\u0161tine i povr\u0161inskih o\u0161te\u0107enja kojima smo izlo\u017eeni na poslu ili kod ku\u0107e. <strong>Pletene rukavice odlikuju se izvrsnim pristajanjem uz ruku \u0161to osigurava spretnost pri radu u suhim uvjetima.<\/strong> Pletene rukavice karakterizira udobnost i izdr\u017eljivost. Zbog ekonomi\u010dnosti materijala koriste se za svakodnevni rad.<\/p>\n","protected":false},"excerpt":{"rendered":"<p>Rukavice s nitrilnim premazom EUROLITE SL555N imaju be\u0161avnu pletenu podstavu, elasti\u010dnu man\u0161etu i dvostruki nitrilni premaz.<\/p>\n","protected":false},"featured_media":13878,"comment_status":"open","ping_status":"closed","template":"","meta":{"_acf_changed":false,"inline_featured_image":false},"product_brand":[],"product_cat":[883,880,742],"product_tag":[],"class_list":{"0":"post-18058","1":"product","2":"type-product","3":"status-publish","4":"has-post-thumbnail","6":"product_cat-rukavice-s-premazom","7":"product_cat-rukavice-za-precizne-poslove","8":"product_cat-zastita-ruku","10":"first","11":"instock","12":"taxable","13":"shipping-taxable","14":"purchasable","15":"product-type-variable"},"acf":[],"_links":{"self":[{"href":"https:\/\/work-foxx.com\/hr\/wp-json\/wp\/v2\/product\/18058","targetHints":{"allow":["GET"]}}],"collection":[{"href":"https:\/\/work-foxx.com\/hr\/wp-json\/wp\/v2\/product"}],"about":[{"href":"https:\/\/work-foxx.com\/hr\/wp-json\/wp\/v2\/types\/product"}],"replies":[{"embeddable":true,"href":"https:\/\/work-foxx.com\/hr\/wp-json\/wp\/v2\/comments?post=18058"}],"wp:featuredmedia":[{"embeddable":true,"href":"https:\/\/work-foxx.com\/hr\/wp-json\/wp\/v2\/media\/13878"}],"wp:attachment":[{"href":"https:\/\/work-foxx.com\/hr\/wp-json\/wp\/v2\/media?parent=18058"}],"wp:term":[{"taxonomy":"product_brand","embeddable":true,"href":"https:\/\/work-foxx.com\/hr\/wp-json\/wp\/v2\/product_brand?post=18058"},{"taxonomy":"product_cat","embeddable":true,"href":"https:\/\/work-foxx.com\/hr\/wp-json\/wp\/v2\/product_cat?post=18058"},{"taxonomy":"product_tag","embeddable":true,"href":"https:\/\/work-foxx.com\/hr\/wp-json\/wp\/v2\/product_tag?post=18058"}],"curies":[{"name":"wp","href":"https:\/\/api.w.org\/{rel}","templated":true}]}}