{"id":18015,"date":"2023-04-14T12:57:00","date_gmt":"2023-04-14T12:57:00","guid":{"rendered":"https:\/\/work-foxx.com\/product\/euroheat-4655-rukavice-35-cm-vel-10\/"},"modified":"2024-01-16T14:52:23","modified_gmt":"2024-01-16T14:52:23","slug":"rukavice-euroheat-4655-35-cm-vel-10","status":"publish","type":"product","link":"https:\/\/work-foxx.com\/hr\/proizvod\/rukavice-euroheat-4655-35-cm-vel-10\/","title":{"rendered":"Rukavice EUROHEAT 4655, 35 cm, vel. 10"},"content":{"rendered":"<p>Rukavice EUROHEAT 4655 izra\u0111ene su od te\u0161ke tkanine od kevlara i prikladne su za op\u0107eniti i grubi rad u suhim uvjetima. Rukavice pru\u017eaju visoku otpornost na posjekotine i toplinsku izolaciju do 350 \u00b0C.<\/p>\n<p><strong>Materijal:<\/strong> Te\u0161ka kevlarna tkanina<br \/>\n<strong>Obloga:<\/strong> Pamuk<br \/>\n<strong>Du\u017eina:<\/strong> 35 cm<br \/>\n<strong>Veli\u010dina:<\/strong> 10<br \/>\n<strong>Proizvo\u0111a\u010d:<\/strong> <a href=\"https:\/\/www.coverguard-safety.com\/\">Coverguard<\/a><br \/>\n<strong>Standardi:<\/strong> EN 388 254X, EN 420, EN 407 42XXXXX<br \/>\n<strong>Pakiranje:<\/strong> 5 par<\/p>\n<p>Ako postoji opasnost od kontakta s toplinom, vatrom, zra\u010denjem, konvekcijom ili rastaljenim metalom, treba nositi <a href=\"https:\/\/work-foxx.com\/hr\/kategorija-proizvoda\/zastita-ruku\/tehnicke-rukavice\/rukavice-otporne-na-visoke-temperature\/\">rukavice otporne na visoke temperature<\/a>.\u00a0<strong>Uredba EN 407 ispituje u\u010dinkovitost toplinskih rizika i klasificira ih uz pomo\u0107 brojeva.<\/strong><\/p>\n","protected":false},"excerpt":{"rendered":"<p>Rukavice EUROHEAT 4655 izra\u0111ene su od te\u0161ke tkanine od kevlara i pru\u017eaju visoku otpornost na posjekotine i toplinsku izolaciju do 350 \u00b0C.<\/p>\n","protected":false},"featured_media":12230,"comment_status":"open","ping_status":"closed","template":"","meta":{"_acf_changed":false,"inline_featured_image":false},"product_brand":[],"product_cat":[887,875,742],"product_tag":[],"class_list":{"0":"post-18015","1":"product","2":"type-product","3":"status-publish","4":"has-post-thumbnail","6":"product_cat-rukavice-otporne-na-visoke-temperature","7":"product_cat-specijalne-zastitne-rukavice","8":"product_cat-zastita-ruku","10":"first","11":"outofstock","12":"taxable","13":"shipping-taxable","14":"purchasable","15":"product-type-simple"},"acf":[],"_links":{"self":[{"href":"https:\/\/work-foxx.com\/hr\/wp-json\/wp\/v2\/product\/18015","targetHints":{"allow":["GET"]}}],"collection":[{"href":"https:\/\/work-foxx.com\/hr\/wp-json\/wp\/v2\/product"}],"about":[{"href":"https:\/\/work-foxx.com\/hr\/wp-json\/wp\/v2\/types\/product"}],"replies":[{"embeddable":true,"href":"https:\/\/work-foxx.com\/hr\/wp-json\/wp\/v2\/comments?post=18015"}],"wp:featuredmedia":[{"embeddable":true,"href":"https:\/\/work-foxx.com\/hr\/wp-json\/wp\/v2\/media\/12230"}],"wp:attachment":[{"href":"https:\/\/work-foxx.com\/hr\/wp-json\/wp\/v2\/media?parent=18015"}],"wp:term":[{"taxonomy":"product_brand","embeddable":true,"href":"https:\/\/work-foxx.com\/hr\/wp-json\/wp\/v2\/product_brand?post=18015"},{"taxonomy":"product_cat","embeddable":true,"href":"https:\/\/work-foxx.com\/hr\/wp-json\/wp\/v2\/product_cat?post=18015"},{"taxonomy":"product_tag","embeddable":true,"href":"https:\/\/work-foxx.com\/hr\/wp-json\/wp\/v2\/product_tag?post=18015"}],"curies":[{"name":"wp","href":"https:\/\/api.w.org\/{rel}","templated":true}]}}