{"id":17990,"date":"2023-04-14T12:57:00","date_gmt":"2023-04-14T12:57:00","guid":{"rendered":"https:\/\/work-foxx.com\/product\/arkadne-rukavice-protiv-vibracija-jednostruko-pakiranje\/"},"modified":"2024-01-16T14:48:35","modified_gmt":"2024-01-16T14:48:35","slug":"antivibracijske-rukavice-arkad-pojedinacno-pakiranje","status":"publish","type":"product","link":"https:\/\/work-foxx.com\/hr\/proizvod\/antivibracijske-rukavice-arkad-pojedinacno-pakiranje\/","title":{"rendered":"Antivibracijske rukavice ARKAD (pojedina\u010dno pakiranje)"},"content":{"rendered":"<p>Antivibracijske rukavice ARKAD s oja\u010danjem i jastu\u010di\u0107ima na dlanu \u0161tite od vibracija te su stoga pogodne za rad sa strojevima koji generiraju vibracije. Elasti\u010dni patent osigurava dodatnu udobnost tijekom kori\u0161tenja. Antivibracijske rukavice ARKAD izuzetno dobro prianjaju u ruke zahvaljuju\u0107i svom anatomskom obliku koji se prilago\u0111ava obliku dlana.<\/p>\n<p><strong>Materijal:<\/strong> Visokokvalitetna gove\u0111a ko\u017ea, gove\u0111a ko\u017ea le\u0111a s crnim tekstilom izme\u0111u prstiju i dijela le\u0111a<br \/>\n<strong>Man\u017eeta:<\/strong> Elasti\u010dna s \u010di\u010dak trakom<br \/>\n<strong>Boja:<\/strong> Fluorescentno \u017euta<br \/>\n<strong>Veli\u010dine: <\/strong>10\u201311<br \/>\n<strong>Proizvo\u0111a\u010d:<\/strong> <a href=\"https:\/\/www.coverguard-safety.com\/\">Coverguard<\/a><br \/>\n<strong>Standardi:<\/strong> EN 420, EN 388:3233X<br \/>\n<strong>Pakiranje:<\/strong> 1 par<\/p>\n<p><strong><a href=\"https:\/\/work-foxx.com\/hr\/kategorija-proizvoda\/zastita-ruku\/tehnicke-rukavice\/antivibracijske-rukavice\/\">Antivibracijske rukavice<\/a> posebno su dizajnirane za sprje\u010davanje ozljeda pri radu sa strojevima i strojevima koji uzrokuju vibracije tijekom rada.<\/strong>\u00a0Zbog dodatne podloge na dlanovima apsorbiraju vibracije i omogu\u0107uju nesmetan rad.<\/p>\n","protected":false},"excerpt":{"rendered":"<p>Antivibracijske rukavice ARKAD s oja\u010danjem i jastu\u010di\u0107ima na dlanu \u0161tite od vibracija te su stoga pogodne za rad sa strojevima koji generiraju vibracije.<\/p>\n","protected":false},"featured_media":14372,"comment_status":"open","ping_status":"closed","template":"","meta":{"_acf_changed":false,"inline_featured_image":false},"product_brand":[],"product_cat":[890,875,742],"product_tag":[],"class_list":{"0":"post-17990","1":"product","2":"type-product","3":"status-publish","4":"has-post-thumbnail","6":"product_cat-antivibracijske-rukavice","7":"product_cat-specijalne-zastitne-rukavice","8":"product_cat-zastita-ruku","10":"first","11":"instock","12":"taxable","13":"shipping-taxable","14":"purchasable","15":"product-type-variable"},"acf":[],"_links":{"self":[{"href":"https:\/\/work-foxx.com\/hr\/wp-json\/wp\/v2\/product\/17990","targetHints":{"allow":["GET"]}}],"collection":[{"href":"https:\/\/work-foxx.com\/hr\/wp-json\/wp\/v2\/product"}],"about":[{"href":"https:\/\/work-foxx.com\/hr\/wp-json\/wp\/v2\/types\/product"}],"replies":[{"embeddable":true,"href":"https:\/\/work-foxx.com\/hr\/wp-json\/wp\/v2\/comments?post=17990"}],"wp:featuredmedia":[{"embeddable":true,"href":"https:\/\/work-foxx.com\/hr\/wp-json\/wp\/v2\/media\/14372"}],"wp:attachment":[{"href":"https:\/\/work-foxx.com\/hr\/wp-json\/wp\/v2\/media?parent=17990"}],"wp:term":[{"taxonomy":"product_brand","embeddable":true,"href":"https:\/\/work-foxx.com\/hr\/wp-json\/wp\/v2\/product_brand?post=17990"},{"taxonomy":"product_cat","embeddable":true,"href":"https:\/\/work-foxx.com\/hr\/wp-json\/wp\/v2\/product_cat?post=17990"},{"taxonomy":"product_tag","embeddable":true,"href":"https:\/\/work-foxx.com\/hr\/wp-json\/wp\/v2\/product_tag?post=17990"}],"curies":[{"name":"wp","href":"https:\/\/api.w.org\/{rel}","templated":true}]}}