{"id":17952,"date":"2023-04-14T12:57:00","date_gmt":"2023-04-14T12:57:00","guid":{"rendered":"https:\/\/work-foxx.com\/product\/gle36-elektroizolacijske-rukavice-klasa-zastite-3\/"},"modified":"2024-01-16T15:03:51","modified_gmt":"2024-01-16T15:03:51","slug":"elektroizolacijske-rukavice-gle36-klasa-zastite-3","status":"publish","type":"product","link":"https:\/\/work-foxx.com\/hr\/proizvod\/elektroizolacijske-rukavice-gle36-klasa-zastite-3\/","title":{"rendered":"Elektroizolacijske rukavice GLE36, klasa za\u0161tite 3"},"content":{"rendered":"<p>Elektroizolacijske rukavice GLE36 za\u0161titne klase 3. Preporu\u010duje se kori\u0161tenje u kombinaciji s ko\u017enim rukavicama za mehani\u010dku za\u0161titu.<\/p>\n<p><strong>Kori\u0161tenje:<\/strong> Za elektri\u010dnu izolaciju<br \/>\n<strong>Maksimalni radni (korisni\u010dki) napon:<\/strong> 26500V<br \/>\n<strong>Klasa:<\/strong> 3<br \/>\n<strong>Materijal:<\/strong> Prirodni lateks<br \/>\n<strong>Du\u017eina:<\/strong> 36 cm<br \/>\n<strong>Veli\u010dine:<\/strong> 8-11<br \/>\n<strong>Proizvo\u0111a\u010d:<\/strong> <a href=\"https:\/\/www.coverguard-safety.com\/\">Coverguard<\/a><br \/>\n<strong>Standardi: <\/strong>EN60903:2003 &#8211; IEC 60903:2014<br \/>\n<strong>Pakiranje:<\/strong> 1 par<\/p>\n<p><strong><a href=\"https:\/\/work-foxx.com\/hr\/kategorija-proizvoda\/zastita-ruku\/tehnicke-rukavice\/rukavice-s-elektroizolacijom\/\">Rukavice s elektroizolacijom<\/a> su ovisno o maksimalnom radnom (korisni\u010dkom) naponu razvrstane u za\u0161titne klase 00, 0, 1, 2, 3, 4.<\/strong>\u00a0Preporu\u010da se koristiti u kombinaciji s ko\u017enim rukavicama za mehani\u010dku za\u0161titu. Prikladni su za radove odr\u017eavanja, servisiranja i popravaka pri radu u blizini elektri\u010dnih sustava.<\/p>\n","protected":false},"excerpt":{"rendered":"<p>Elektroizolacijske rukavice GLE36 za\u0161titne klase 3. Preporu\u010duje se kori\u0161tenje u kombinaciji s ko\u017enim rukavicama za mehani\u010dku za\u0161titu.<\/p>\n","protected":false},"featured_media":13288,"comment_status":"open","ping_status":"closed","template":"","meta":{"_acf_changed":false,"inline_featured_image":false},"product_brand":[],"product_cat":[878,875,742],"product_tag":[],"class_list":{"0":"post-17952","1":"product","2":"type-product","3":"status-publish","4":"has-post-thumbnail","6":"product_cat-elektroizolacijske-rukavice","7":"product_cat-specijalne-zastitne-rukavice","8":"product_cat-zastita-ruku","10":"first","11":"instock","12":"taxable","13":"shipping-taxable","14":"purchasable","15":"product-type-variable"},"acf":[],"_links":{"self":[{"href":"https:\/\/work-foxx.com\/hr\/wp-json\/wp\/v2\/product\/17952","targetHints":{"allow":["GET"]}}],"collection":[{"href":"https:\/\/work-foxx.com\/hr\/wp-json\/wp\/v2\/product"}],"about":[{"href":"https:\/\/work-foxx.com\/hr\/wp-json\/wp\/v2\/types\/product"}],"replies":[{"embeddable":true,"href":"https:\/\/work-foxx.com\/hr\/wp-json\/wp\/v2\/comments?post=17952"}],"wp:featuredmedia":[{"embeddable":true,"href":"https:\/\/work-foxx.com\/hr\/wp-json\/wp\/v2\/media\/13288"}],"wp:attachment":[{"href":"https:\/\/work-foxx.com\/hr\/wp-json\/wp\/v2\/media?parent=17952"}],"wp:term":[{"taxonomy":"product_brand","embeddable":true,"href":"https:\/\/work-foxx.com\/hr\/wp-json\/wp\/v2\/product_brand?post=17952"},{"taxonomy":"product_cat","embeddable":true,"href":"https:\/\/work-foxx.com\/hr\/wp-json\/wp\/v2\/product_cat?post=17952"},{"taxonomy":"product_tag","embeddable":true,"href":"https:\/\/work-foxx.com\/hr\/wp-json\/wp\/v2\/product_tag?post=17952"}],"curies":[{"name":"wp","href":"https:\/\/api.w.org\/{rel}","templated":true}]}}