{"id":17926,"date":"2023-04-14T13:23:00","date_gmt":"2023-04-14T13:23:00","guid":{"rendered":"https:\/\/work-foxx.com\/product\/uredaj-za-sprecavanje-pada-celicnom-zicom-i-vitlom\/"},"modified":"2024-01-16T19:06:21","modified_gmt":"2024-01-16T19:06:21","slug":"naprava-za-zaustavljanje-pada-s-sajlom-20-m-i-vitlom","status":"publish","type":"product","link":"https:\/\/work-foxx.com\/hr\/proizvod\/naprava-za-zaustavljanje-pada-s-sajlom-20-m-i-vitlom\/","title":{"rendered":"Naprava za zaustavljanje pada s sajlom 20 m i vitlom"},"content":{"rendered":"<p>Naprava za zaustavljanje pada Kratos Safety sa \u010deli\u010dnom sajlom 20 m i vitlom. Pogodna za horizontalnu i vertikalnu uporabu.<\/p>\n<p><strong>Materijal<\/strong>: <em>Ku\u0107i\u0161te: <\/em>polimer, <em>Remen<\/em> : poliester, <em>Kop\u010da:<\/em> \u010delik<br \/>\n<strong>Kop\u010danje:<\/strong> 1 kop\u010da FA5010117 i 1 kop\u010da FA50 203 20<br \/>\n<strong>Prekidna \u010dvrsto\u0107a:<\/strong> &gt;12 kN<br \/>\n<strong>Te\u017eina proizvoda:<\/strong> 9,2 kg<br \/>\n<strong>Standard:<\/strong> EN360:2002<\/p>\n<p><a href=\"https:\/\/kratossafety.com\/en\/\">Kratos Safety<\/a> nudi kompletan asortiman <a href=\"https:\/\/work-foxx.com\/hr\/kategorija-proizvoda\/siguran-rad\/siguran-rad-na-visini\/\">opreme za rad na visini<\/a> i sprje\u010davanje pada. Za\u0161titna oprema za rad na visini iznimno je va\u017ena jer za\u0161tita od pada, koji je drugi naj\u010de\u0161\u0107i uzrok nesre\u0107a sa smrtnim ishodom, spada u osobnu za\u0161titnu opremu kategorije III \u2013 smrtna opasnost.<\/p>\n<p><strong>U skladu s odredbama Uredbe (EU) 2016\/425 o osobnoj za\u0161titnoj opremi, oprema za rad na visini podlije\u017ee periodi\u010dnom pregledu, godinu dana od po\u010detka uporabe.<\/strong><\/p>\n<p>Ako proizvod koji vam je potreban nije na zalihi ili ne mo\u017eete prona\u0107i \u017eeljeni proizvod u na\u0161oj internetskoj trgovini, pozivamo vas da nam po\u0161aljete upit putem\u00a0<a href=\"https:\/\/work-foxx.com\/hr\/pomoc-i-kontakt\/\">kontakt obrasca<\/a>\u00a0ili na\u00a0<strong><a href=\"mailto:info@work-foxx.com\">info@work-foxx.com<\/a>.<\/strong>\u00a0S na\u0161om partnerskom mre\u017eom poku\u0161at \u0107emo vam pru\u017eiti \u017eeljene proizvode ili skratiti vrijeme isporuke.<\/p>\n","protected":false},"excerpt":{"rendered":"<p>Naprava za zaustavljanje pada Kratos Safety sa \u010deli\u010dnom sajlom 20 m i vitlom. Pogodna za horizontalnu i vertikalnu uporabu.<\/p>\n","protected":false},"featured_media":12972,"comment_status":"open","ping_status":"closed","template":"","meta":{"_acf_changed":false,"inline_featured_image":false},"product_brand":[],"product_cat":[842,816,824],"product_tag":[],"class_list":{"0":"post-17926","1":"product","2":"type-product","3":"status-publish","4":"has-post-thumbnail","6":"product_cat-naprave-za-zaustavljanje-pada","7":"product_cat-rad-na-visini","8":"product_cat-siguran-rad-na-visini","10":"first","11":"instock","12":"taxable","13":"shipping-taxable","14":"purchasable","15":"product-type-simple"},"acf":[],"_links":{"self":[{"href":"https:\/\/work-foxx.com\/hr\/wp-json\/wp\/v2\/product\/17926","targetHints":{"allow":["GET"]}}],"collection":[{"href":"https:\/\/work-foxx.com\/hr\/wp-json\/wp\/v2\/product"}],"about":[{"href":"https:\/\/work-foxx.com\/hr\/wp-json\/wp\/v2\/types\/product"}],"replies":[{"embeddable":true,"href":"https:\/\/work-foxx.com\/hr\/wp-json\/wp\/v2\/comments?post=17926"}],"wp:featuredmedia":[{"embeddable":true,"href":"https:\/\/work-foxx.com\/hr\/wp-json\/wp\/v2\/media\/12972"}],"wp:attachment":[{"href":"https:\/\/work-foxx.com\/hr\/wp-json\/wp\/v2\/media?parent=17926"}],"wp:term":[{"taxonomy":"product_brand","embeddable":true,"href":"https:\/\/work-foxx.com\/hr\/wp-json\/wp\/v2\/product_brand?post=17926"},{"taxonomy":"product_cat","embeddable":true,"href":"https:\/\/work-foxx.com\/hr\/wp-json\/wp\/v2\/product_cat?post=17926"},{"taxonomy":"product_tag","embeddable":true,"href":"https:\/\/work-foxx.com\/hr\/wp-json\/wp\/v2\/product_tag?post=17926"}],"curies":[{"name":"wp","href":"https:\/\/api.w.org\/{rel}","templated":true}]}}