{"id":17925,"date":"2023-04-14T12:57:00","date_gmt":"2023-04-14T12:57:00","guid":{"rendered":"https:\/\/work-foxx.com\/product\/lateks-rukavice-se-razlikuju-zute-vel-10\/"},"modified":"2025-08-01T00:02:51","modified_gmt":"2025-08-01T00:02:51","slug":"rukavice-s-lateks-premazom-differ-zute-vel-10","status":"publish","type":"product","link":"https:\/\/work-foxx.com\/hr\/proizvod\/rukavice-s-lateks-premazom-differ-zute-vel-10\/","title":{"rendered":"Rukavice s lateks premazom DIFFER, \u017eute, vel. 10"},"content":{"rendered":"<p>Rukavice s lateks premazom DIFFER imaju podstavu od tkanog poliestera i plavu prevlaku od lateksa na dlanovima. Prikladne su za grube radove u suhom okru\u017eenju. Rukavice s lateks premazom DIFFER dostupne su u plavoj, \u017eutoj, sivoj i naran\u010dastoj boji.<\/p>\n<p><strong>Materijal:<\/strong> Poliesterska tkanina<br \/>\n<strong>Prevlaka:<\/strong> Plavi premaz od lateksa na dlanovima<br \/>\n<strong>Man\u017eeta:<\/strong> Poliesterska tkanina<br \/>\n<strong>Boja:<\/strong> \u017duta sa \u017eutim premazom<br \/>\n<strong>Veli\u010dine:<\/strong> 10<br \/>\n<strong>Posebne zna\u010dajke:<\/strong> Elasti\u010dna man\u0161eta, predio dlana i vrhovi prstiju obra\u0111eni su lateksom<br \/>\n<strong>Proizvo\u0111a\u010d:<\/strong> <a href=\"https:\/\/www.lacuna.hr\/\">Lacuna<\/a><br \/>\n<strong>Standardi:<\/strong> EN420, EN388 (2121X)<br \/>\n<strong>Pakiranje:<\/strong> 1 par<\/p>\n<p><strong><a href=\"https:\/\/work-foxx.com\/hr\/kategorija-proizvoda\/zastita-ruku\/rukavice-za-teske-i-grube-poslove\/rukavice-s-lateks-premazom\/\">Rukavice s lateks premazom<\/a> razvrstavaju se u II. kategoriju za\u0161titnih rukavica i pru\u017eaju za\u0161titu dlana od mehani\u010dkih rizika.<\/strong>\u00a0Rukavice su robusnije, izdr\u017eljive, imaju oja\u010dani dlan i dvostruko su tkane. \u0160tite va\u0161e dlanove od mehani\u010dkih utjecaja, prljav\u0161tine i povr\u0161inskih o\u0161te\u0107enja kojima smo izlo\u017eeni na poslu ili kod ku\u0107e. Rukavice nude visoku razinu udobnosti i za\u0161tite te su prikladne za rad u suhom i mokrom okru\u017eenju.<\/p>\n<p><strong>Rukavice karakterizira udobnost i izdr\u017eljivost. Zbog ekonomi\u010dnosti materijala koriste se za svakodnevni rad.<\/strong><\/p>\n","protected":false},"excerpt":{"rendered":"<p>Rukavice s lateks premazom DIFFER imaju podstavu od poliestera i plavu prevlaku od lateksa na dlanovima. Prikladne su za grube radove u suhom okru\u017eenju.<\/p>\n","protected":false},"featured_media":12554,"comment_status":"open","ping_status":"closed","template":"","meta":{"_acf_changed":false,"inline_featured_image":false},"product_brand":[],"product_cat":[837,835,742],"product_tag":[],"class_list":{"0":"post-17925","1":"product","2":"type-product","3":"status-publish","4":"has-post-thumbnail","6":"product_cat-rukavice-s-lateks-premazom","7":"product_cat-rukavice-za-teske-i-grube-poslove","8":"product_cat-zastita-ruku","10":"first","11":"instock","12":"taxable","13":"shipping-taxable","14":"purchasable","15":"product-type-simple"},"acf":[],"_links":{"self":[{"href":"https:\/\/work-foxx.com\/hr\/wp-json\/wp\/v2\/product\/17925","targetHints":{"allow":["GET"]}}],"collection":[{"href":"https:\/\/work-foxx.com\/hr\/wp-json\/wp\/v2\/product"}],"about":[{"href":"https:\/\/work-foxx.com\/hr\/wp-json\/wp\/v2\/types\/product"}],"replies":[{"embeddable":true,"href":"https:\/\/work-foxx.com\/hr\/wp-json\/wp\/v2\/comments?post=17925"}],"wp:featuredmedia":[{"embeddable":true,"href":"https:\/\/work-foxx.com\/hr\/wp-json\/wp\/v2\/media\/12554"}],"wp:attachment":[{"href":"https:\/\/work-foxx.com\/hr\/wp-json\/wp\/v2\/media?parent=17925"}],"wp:term":[{"taxonomy":"product_brand","embeddable":true,"href":"https:\/\/work-foxx.com\/hr\/wp-json\/wp\/v2\/product_brand?post=17925"},{"taxonomy":"product_cat","embeddable":true,"href":"https:\/\/work-foxx.com\/hr\/wp-json\/wp\/v2\/product_cat?post=17925"},{"taxonomy":"product_tag","embeddable":true,"href":"https:\/\/work-foxx.com\/hr\/wp-json\/wp\/v2\/product_tag?post=17925"}],"curies":[{"name":"wp","href":"https:\/\/api.w.org\/{rel}","templated":true}]}}