{"id":17908,"date":"2023-04-14T13:23:00","date_gmt":"2023-04-14T13:23:00","guid":{"rendered":"https:\/\/work-foxx.com\/product\/komplet-za-samozastitu\/"},"modified":"2024-01-16T17:57:10","modified_gmt":"2024-01-16T17:57:10","slug":"komplet-za-samozastitu","status":"publish","type":"product","link":"https:\/\/work-foxx.com\/hr\/proizvod\/komplet-za-samozastitu\/","title":{"rendered":"Komplet za samoza\u0161titu"},"content":{"rendered":"<p>Komplet za samoza\u0161titu tvrtke Kratos Safety. Uklju\u010duje sigurnosni pojas, u\u017ee za radno pozicioniranje i dva \u010deli\u010dna karabinera. Komplet za samoza\u0161titu pakiran je u vre\u0107icu od jute.<\/p>\n<p><strong>Set FA 80 001 00 sastoji se od:<\/strong><\/p>\n<ul>\n<li>Sigurnosni pojas FA10 102 00<\/li>\n<li>U\u017ee za radno pozicioniranje FA40 100 15, duljine 1,5 m<\/li>\n<li>2 x \u010deli\u010dni karabiner FA 50 101 17<\/li>\n<\/ul>\n<p><strong>Te\u017eina proizvoda:<\/strong> 1,56 kg<br \/>\n<strong>Standardi:<\/strong> EN361:2002, EN354:2002, EN362:2004 Klasa B<\/p>\n<p><a href=\"https:\/\/kratossafety.com\/en\/\">Kratos Safety<\/a> nudi kompletan asortiman <a href=\"https:\/\/work-foxx.com\/hr\/kategorija-proizvoda\/siguran-rad\/siguran-rad-na-visini\/\">opreme za rad na visini<\/a> i sprje\u010davanje pada. Za\u0161titna oprema za rad na visini iznimno je va\u017ena jer za\u0161tita od pada, koji je drugi naj\u010de\u0161\u0107i uzrok nesre\u0107a sa smrtnim ishodom, spada u osobnu za\u0161titnu opremu kategorije III \u2013 smrtna opasnost.<\/p>\n<p><strong>U skladu s odredbama Uredbe (EU) 2016\/425 o osobnoj za\u0161titnoj opremi, oprema za rad na visini podlije\u017ee periodi\u010dnom pregledu, godinu dana od po\u010detka uporabe.<\/strong><\/p>\n<p>Ako proizvod koji vam je potreban nije na zalihi ili ne mo\u017eete prona\u0107i \u017eeljeni proizvod u na\u0161oj internetskoj trgovini, pozivamo vas da nam po\u0161aljete upit putem\u00a0<a href=\"https:\/\/work-foxx.com\/hr\/pomoc-i-kontakt\/\">kontakt obrasca<\/a>\u00a0ili na\u00a0<strong><a href=\"mailto:info@work-foxx.com\">info@work-foxx.com<\/a>.<\/strong>\u00a0S na\u0161om partnerskom mre\u017eom poku\u0161at \u0107emo vam pru\u017eiti \u017eeljene proizvode ili skratiti vrijeme isporuke.<\/p>\n","protected":false},"excerpt":{"rendered":"<p>Komplet za samoza\u0161titu tvrtke Kratos Safety. Uklju\u010duje sigurnosni pojas, u\u017ee za radno pozicioniranje i dva \u010deli\u010dna karabinera.<\/p>\n","protected":false},"featured_media":12878,"comment_status":"open","ping_status":"closed","template":"","meta":{"_acf_changed":false,"inline_featured_image":false},"product_brand":[],"product_cat":[850,816,824],"product_tag":[],"class_list":{"0":"post-17908","1":"product","2":"type-product","3":"status-publish","4":"has-post-thumbnail","6":"product_cat-kompleti-i-dodatna-oprema","7":"product_cat-rad-na-visini","8":"product_cat-siguran-rad-na-visini","10":"first","11":"instock","12":"taxable","13":"shipping-taxable","14":"purchasable","15":"product-type-simple"},"acf":[],"_links":{"self":[{"href":"https:\/\/work-foxx.com\/hr\/wp-json\/wp\/v2\/product\/17908","targetHints":{"allow":["GET"]}}],"collection":[{"href":"https:\/\/work-foxx.com\/hr\/wp-json\/wp\/v2\/product"}],"about":[{"href":"https:\/\/work-foxx.com\/hr\/wp-json\/wp\/v2\/types\/product"}],"replies":[{"embeddable":true,"href":"https:\/\/work-foxx.com\/hr\/wp-json\/wp\/v2\/comments?post=17908"}],"wp:featuredmedia":[{"embeddable":true,"href":"https:\/\/work-foxx.com\/hr\/wp-json\/wp\/v2\/media\/12878"}],"wp:attachment":[{"href":"https:\/\/work-foxx.com\/hr\/wp-json\/wp\/v2\/media?parent=17908"}],"wp:term":[{"taxonomy":"product_brand","embeddable":true,"href":"https:\/\/work-foxx.com\/hr\/wp-json\/wp\/v2\/product_brand?post=17908"},{"taxonomy":"product_cat","embeddable":true,"href":"https:\/\/work-foxx.com\/hr\/wp-json\/wp\/v2\/product_cat?post=17908"},{"taxonomy":"product_tag","embeddable":true,"href":"https:\/\/work-foxx.com\/hr\/wp-json\/wp\/v2\/product_tag?post=17908"}],"curies":[{"name":"wp","href":"https:\/\/api.w.org\/{rel}","templated":true}]}}