{"id":17906,"date":"2023-04-14T13:23:00","date_gmt":"2023-04-14T13:23:00","guid":{"rendered":"https:\/\/work-foxx.com\/product\/uze-za-ugradnju-pri-radu-s-dvije-kopce\/"},"modified":"2024-01-18T18:00:13","modified_gmt":"2024-01-18T18:00:13","slug":"uze-za-radno-pozicioniranje-2-m-s-dvije-kopce-2","status":"publish","type":"product","link":"https:\/\/work-foxx.com\/hr\/proizvod\/uze-za-radno-pozicioniranje-2-m-s-dvije-kopce-2\/","title":{"rendered":"U\u017ee za radno pozicioniranje 2 m s dvije kop\u010de"},"content":{"rendered":"<p>Kratos Safety Kernmantle u\u017ee za radno pozicioniranje s dvije kop\u010de i prstenom za pode\u0161avanje du\u017eine.<\/p>\n<p><strong>Du\u017eina:<\/strong> 2 m<br \/>\n<strong>Promjer:<\/strong> 12 mm<br \/>\n<strong>U\u017ee:<\/strong> Kernmantle (u\u017ee s jezgrom) poliamid<br \/>\n<strong>Montiranje:<\/strong> \u010celi\u010dna kop\u010da FA5010117 i \u010deli\u010dni karabiner FA5020217<br \/>\n<strong>Te\u017eina proizvoda:<\/strong> 0,69 kg<br \/>\n<strong>Standard:<\/strong> EN358:2000<\/p>\n<p><a href=\"https:\/\/kratossafety.com\/en\/\">Kratos Safety<\/a> nudi kompletan asortiman <a href=\"https:\/\/work-foxx.com\/hr\/kategorija-proizvoda\/siguran-rad\/siguran-rad-na-visini\/\">opreme za rad na visini<\/a> i sprje\u010davanje pada. Za\u0161titna oprema za rad na visini iznimno je va\u017ena jer za\u0161tita od pada, koji je drugi naj\u010de\u0161\u0107i uzrok nesre\u0107a sa smrtnim ishodom, spada u osobnu za\u0161titnu opremu kategorije III \u2013 smrtna opasnost.<\/p>\n<p><strong>U skladu s odredbama Uredbe (EU) 2016\/425 o osobnoj za\u0161titnoj opremi, oprema za rad na visini podlije\u017ee periodi\u010dnom pregledu, godinu dana od po\u010detka uporabe.<\/strong><\/p>\n<p>Ako proizvod koji vam je potreban nije na zalihi ili ne mo\u017eete prona\u0107i \u017eeljeni proizvod u na\u0161oj internetskoj trgovini, pozivamo vas da nam po\u0161aljete upit putem\u00a0<a href=\"https:\/\/work-foxx.com\/hr\/pomoc-i-kontakt\/\">kontakt obrasca<\/a>\u00a0ili na\u00a0<strong><a href=\"mailto:info@work-foxx.com\">info@work-foxx.com<\/a>.<\/strong>\u00a0S na\u0161om partnerskom mre\u017eom poku\u0161at \u0107emo vam pru\u017eiti \u017eeljene proizvode ili skratiti vrijeme isporuke.<\/p>\n","protected":false},"excerpt":{"rendered":"<p>Kratos Safety Kernmantle u\u017ee za radno pozicioniranje s dvije kop\u010de i prstenom za pode\u0161avanje du\u017eine.<\/p>\n","protected":false},"featured_media":12958,"comment_status":"open","ping_status":"closed","template":"","meta":{"_acf_changed":false,"inline_featured_image":false},"product_brand":[],"product_cat":[816,824,828],"product_tag":[],"class_list":{"0":"post-17906","1":"product","2":"type-product","3":"status-publish","4":"has-post-thumbnail","6":"product_cat-rad-na-visini","7":"product_cat-siguran-rad-na-visini","8":"product_cat-uzad","10":"first","11":"instock","12":"taxable","13":"shipping-taxable","14":"purchasable","15":"product-type-simple"},"acf":[],"_links":{"self":[{"href":"https:\/\/work-foxx.com\/hr\/wp-json\/wp\/v2\/product\/17906","targetHints":{"allow":["GET"]}}],"collection":[{"href":"https:\/\/work-foxx.com\/hr\/wp-json\/wp\/v2\/product"}],"about":[{"href":"https:\/\/work-foxx.com\/hr\/wp-json\/wp\/v2\/types\/product"}],"replies":[{"embeddable":true,"href":"https:\/\/work-foxx.com\/hr\/wp-json\/wp\/v2\/comments?post=17906"}],"wp:featuredmedia":[{"embeddable":true,"href":"https:\/\/work-foxx.com\/hr\/wp-json\/wp\/v2\/media\/12958"}],"wp:attachment":[{"href":"https:\/\/work-foxx.com\/hr\/wp-json\/wp\/v2\/media?parent=17906"}],"wp:term":[{"taxonomy":"product_brand","embeddable":true,"href":"https:\/\/work-foxx.com\/hr\/wp-json\/wp\/v2\/product_brand?post=17906"},{"taxonomy":"product_cat","embeddable":true,"href":"https:\/\/work-foxx.com\/hr\/wp-json\/wp\/v2\/product_cat?post=17906"},{"taxonomy":"product_tag","embeddable":true,"href":"https:\/\/work-foxx.com\/hr\/wp-json\/wp\/v2\/product_tag?post=17906"}],"curies":[{"name":"wp","href":"https:\/\/api.w.org\/{rel}","templated":true}]}}