{"id":17902,"date":"2023-04-14T13:23:00","date_gmt":"2023-04-14T13:23:00","guid":{"rendered":"https:\/\/work-foxx.com\/product\/uredaj-za-sprecavanje-pada-celicnom-zicom\/"},"modified":"2025-04-21T10:18:19","modified_gmt":"2025-04-21T10:18:19","slug":"naprava-za-zaustavljanje-pada-sa-sajlom-helixon-10-m","status":"publish","type":"product","link":"https:\/\/work-foxx.com\/hr\/proizvod\/naprava-za-zaustavljanje-pada-sa-sajlom-helixon-10-m\/","title":{"rendered":"Naprava za zaustavljanje pada sa sajlom Helixon 10 m"},"content":{"rendered":"<p>Kratos Safety naprava za zaustavljanje pada sa polimernim ku\u0107i\u0161tem s \u010deli\u010dnom sajlom Helixon du\u017eine 10 m.<\/p>\n<p><strong>Du\u017eina:<\/strong> 10 m<br \/>\n<strong>Promjer \u017eice:<\/strong> 4,5 mm<br \/>\n<strong>Prekidna \u010dvrsto\u0107a:<\/strong> 12 kN<br \/>\n<strong>Kop\u010danje:<\/strong> \u010celi\u010dna kop\u010da FA50 101 17 i aluminijski karabiner FA 50 203 20<br \/>\n<strong>Nosivost:<\/strong> Preporu\u010deno za korisnike te\u017eine max. do 140 kg za vertikalnu upotrebu<br \/>\n<strong>Te\u017eina proizvoda:<\/strong> 4,27 kg<br \/>\n<strong>Standard:<\/strong> EN360:2002<\/p>\n<p><a href=\"https:\/\/kratossafety.com\/en\/\">Kratos Safety<\/a> nudi kompletan asortiman <a href=\"https:\/\/work-foxx.com\/hr\/kategorija-proizvoda\/siguran-rad\/siguran-rad-na-visini\/\">opreme za rad na visini<\/a> i sprje\u010davanje pada. Za\u0161titna oprema za rad na visini iznimno je va\u017ena jer za\u0161tita od pada, koji je drugi naj\u010de\u0161\u0107i uzrok nesre\u0107a sa smrtnim ishodom, spada u osobnu za\u0161titnu opremu kategorije III \u2013 smrtna opasnost.<\/p>\n<p><strong>U skladu s odredbama Uredbe (EU) 2016\/425 o osobnoj za\u0161titnoj opremi, oprema za rad na visini podlije\u017ee periodi\u010dnom pregledu, godinu dana od po\u010detka uporabe.<\/strong><\/p>\n<p>Ako proizvod koji vam je potreban nije na zalihi ili ne mo\u017eete prona\u0107i \u017eeljeni proizvod u na\u0161oj internetskoj trgovini, pozivamo vas da nam po\u0161aljete upit putem\u00a0<a href=\"https:\/\/work-foxx.com\/hr\/pomoc-i-kontakt\/\">kontakt obrasca<\/a>\u00a0ili na\u00a0<strong><a href=\"mailto:info@work-foxx.com\">info@work-foxx.com<\/a>.<\/strong>\u00a0S na\u0161om partnerskom mre\u017eom poku\u0161at \u0107emo vam pru\u017eiti \u017eeljene proizvode ili skratiti vrijeme isporuke.<\/p>\n","protected":false},"excerpt":{"rendered":"<p>Naprava za zaustavljanje pada sa \u010deli\u010dnom sajlom Helixon du\u017eine 10 m i polimernim ku\u0107i\u0161tem Kratos Safety.<\/p>\n","protected":false},"featured_media":13082,"comment_status":"open","ping_status":"closed","template":"","meta":{"_acf_changed":false,"inline_featured_image":false},"product_brand":[],"product_cat":[842,816,824],"product_tag":[],"class_list":{"0":"post-17902","1":"product","2":"type-product","3":"status-publish","4":"has-post-thumbnail","6":"product_cat-naprave-za-zaustavljanje-pada","7":"product_cat-rad-na-visini","8":"product_cat-siguran-rad-na-visini","10":"first","11":"instock","12":"taxable","13":"shipping-taxable","14":"purchasable","15":"product-type-simple"},"acf":[],"_links":{"self":[{"href":"https:\/\/work-foxx.com\/hr\/wp-json\/wp\/v2\/product\/17902","targetHints":{"allow":["GET"]}}],"collection":[{"href":"https:\/\/work-foxx.com\/hr\/wp-json\/wp\/v2\/product"}],"about":[{"href":"https:\/\/work-foxx.com\/hr\/wp-json\/wp\/v2\/types\/product"}],"replies":[{"embeddable":true,"href":"https:\/\/work-foxx.com\/hr\/wp-json\/wp\/v2\/comments?post=17902"}],"wp:featuredmedia":[{"embeddable":true,"href":"https:\/\/work-foxx.com\/hr\/wp-json\/wp\/v2\/media\/13082"}],"wp:attachment":[{"href":"https:\/\/work-foxx.com\/hr\/wp-json\/wp\/v2\/media?parent=17902"}],"wp:term":[{"taxonomy":"product_brand","embeddable":true,"href":"https:\/\/work-foxx.com\/hr\/wp-json\/wp\/v2\/product_brand?post=17902"},{"taxonomy":"product_cat","embeddable":true,"href":"https:\/\/work-foxx.com\/hr\/wp-json\/wp\/v2\/product_cat?post=17902"},{"taxonomy":"product_tag","embeddable":true,"href":"https:\/\/work-foxx.com\/hr\/wp-json\/wp\/v2\/product_tag?post=17902"}],"curies":[{"name":"wp","href":"https:\/\/api.w.org\/{rel}","templated":true}]}}