{"id":17894,"date":"2023-04-14T13:24:00","date_gmt":"2023-04-14T13:24:00","guid":{"rendered":"https:\/\/work-foxx.com\/product\/quickfix-zakrpe-jedinica-za-punjenje-s-2x-paketom-zakrpi-za-otkrivanje\/"},"modified":"2024-01-18T18:55:33","modified_gmt":"2024-01-18T18:55:33","slug":"flasteri-quickfix-jedinica-za-punjenje-s-2x-paketom-detektabilnih-flastera","status":"publish","type":"product","link":"https:\/\/work-foxx.com\/hr\/proizvod\/flasteri-quickfix-jedinica-za-punjenje-s-2x-paketom-detektabilnih-flastera\/","title":{"rendered":"Flasteri QuickFix &#8211; jedinica za punjenje s 2x paketom detektabilnih flastera"},"content":{"rendered":"<p>Flasteri QuickFix &#8211; Prikladna jedinica za punjenje s 2x paketom detektabilnih flastera (45kom) koju mo\u017eete pri\u010dvrstiti na zid.<\/p>\n<p>Ako proizvod koji vam je potreban nije na zalihi ili ne mo\u017eete prona\u0107i \u017eeljeni proizvod u na\u0161oj internetskoj trgovini, pozivamo vas da nam po\u0161aljete upit putem\u00a0<a href=\"https:\/\/work-foxx.com\/hr\/pomoc-i-kontakt\/\">kontakt obrasca<\/a>\u00a0ili na\u00a0<strong><a href=\"mailto:info@work-foxx.com\">info@work-foxx.com<\/a>.<\/strong>\u00a0S na\u0161om partnerskom mre\u017eom poku\u0161at \u0107emo vam pru\u017eiti \u017eeljene proizvode ili skratiti vrijeme isporuke.<\/p>\n","protected":false},"excerpt":{"rendered":"<p>Flasteri QuickFix &#8211; Prikladna jedinica za punjenje s 2x paketom elasti\u010dnih flastera (45kom) koju mo\u017eete pri\u010dvrstiti na zid.<\/p>\n","protected":false},"featured_media":12428,"comment_status":"open","ping_status":"closed","template":"","meta":{"_acf_changed":false,"inline_featured_image":false},"product_brand":[],"product_cat":[817,816],"product_tag":[],"class_list":{"0":"post-17894","1":"product","2":"type-product","3":"status-publish","4":"has-post-thumbnail","6":"product_cat-oprema-za-prvu-pomoc","7":"product_cat-rad-na-visini","9":"first","10":"instock","11":"taxable","12":"shipping-taxable","13":"purchasable","14":"product-type-simple"},"acf":[],"_links":{"self":[{"href":"https:\/\/work-foxx.com\/hr\/wp-json\/wp\/v2\/product\/17894","targetHints":{"allow":["GET"]}}],"collection":[{"href":"https:\/\/work-foxx.com\/hr\/wp-json\/wp\/v2\/product"}],"about":[{"href":"https:\/\/work-foxx.com\/hr\/wp-json\/wp\/v2\/types\/product"}],"replies":[{"embeddable":true,"href":"https:\/\/work-foxx.com\/hr\/wp-json\/wp\/v2\/comments?post=17894"}],"wp:featuredmedia":[{"embeddable":true,"href":"https:\/\/work-foxx.com\/hr\/wp-json\/wp\/v2\/media\/12428"}],"wp:attachment":[{"href":"https:\/\/work-foxx.com\/hr\/wp-json\/wp\/v2\/media?parent=17894"}],"wp:term":[{"taxonomy":"product_brand","embeddable":true,"href":"https:\/\/work-foxx.com\/hr\/wp-json\/wp\/v2\/product_brand?post=17894"},{"taxonomy":"product_cat","embeddable":true,"href":"https:\/\/work-foxx.com\/hr\/wp-json\/wp\/v2\/product_cat?post=17894"},{"taxonomy":"product_tag","embeddable":true,"href":"https:\/\/work-foxx.com\/hr\/wp-json\/wp\/v2\/product_tag?post=17894"}],"curies":[{"name":"wp","href":"https:\/\/api.w.org\/{rel}","templated":true}]}}