{"id":17893,"date":"2023-04-14T13:23:00","date_gmt":"2023-04-14T13:23:00","guid":{"rendered":"https:\/\/work-foxx.com\/product\/dvostruko-uze-s-apsorberom-energije-i-kopcama\/"},"modified":"2024-01-16T17:47:59","modified_gmt":"2024-01-16T17:47:59","slug":"dvostruko-uze-s-apsorberom-energije-i-kopcama","status":"publish","type":"product","link":"https:\/\/work-foxx.com\/hr\/proizvod\/dvostruko-uze-s-apsorberom-energije-i-kopcama\/","title":{"rendered":"Dvostruko u\u017ee s apsorberom energije i kop\u010dama"},"content":{"rendered":"<p>Dvostruko u\u017ee s apsorberom energije i kop\u010dama tvrtke Kratos Safety. U\u017ee je dugo 1,5 m i promjera 12 mm. Dodana su dva karabinera FA5020755 i jedna kop\u010da FA5010117.<\/p>\n<p><strong>Duljina:<\/strong> 1,5 m (sa kop\u010dama)<br \/>\n<strong>Promjer:<\/strong> 12 mm<br \/>\n<strong>U\u017ee:<\/strong> Polyamide Kernmantle (jezgro u\u017eeta)<br \/>\n<strong>Remen koji apsorbira energiju:<\/strong> Poliamid\/poliester, \u0161irine 44 mm<br \/>\n<strong>Kop\u010danje:<\/strong> Jedna kop\u010da FA5010117 i dva karabinera FA5020755<br \/>\n<strong>Te\u017eina proizvoda:<\/strong> 1,82 kg<br \/>\n<strong>Standard:<\/strong> EN355:2002<\/p>\n<p><a href=\"https:\/\/kratossafety.com\/en\/\">Kratos Safety<\/a> nudi kompletan asortiman <a href=\"https:\/\/work-foxx.com\/hr\/kategorija-proizvoda\/siguran-rad\/siguran-rad-na-visini\/\">opreme za rad na visini<\/a> i sprje\u010davanje pada. Za\u0161titna oprema za rad na visini iznimno je va\u017ena jer za\u0161tita od pada, koji je drugi naj\u010de\u0161\u0107i uzrok nesre\u0107a sa smrtnim ishodom, spada u osobnu za\u0161titnu opremu kategorije III \u2013 smrtna opasnost.<\/p>\n<p><strong>U skladu s odredbama Uredbe (EU) 2016\/425 o osobnoj za\u0161titnoj opremi, oprema za rad na visini podlije\u017ee periodi\u010dnom pregledu, godinu dana od po\u010detka uporabe.<\/strong><\/p>\n<p>Ako proizvod koji vam je potreban nije na zalihi ili ne mo\u017eete prona\u0107i \u017eeljeni proizvod u na\u0161oj internetskoj trgovini, pozivamo vas da nam po\u0161aljete upit putem\u00a0<a href=\"https:\/\/work-foxx.com\/hr\/pomoc-i-kontakt\/\">kontakt obrasca<\/a>\u00a0ili na\u00a0<strong><a href=\"mailto:info@work-foxx.com\">info@work-foxx.com<\/a>.<\/strong>\u00a0S na\u0161om partnerskom mre\u017eom poku\u0161at \u0107emo vam pru\u017eiti \u017eeljene proizvode ili skratiti vrijeme isporuke.<\/p>\n","protected":false},"excerpt":{"rendered":"<p>Dvostruko u\u017ee s apsorberom energije i kop\u010dama iz Kratos Safety. U\u017ee ima duljinu od 1,5 m i promjer od 12 mm. Dodana su dva karabinera i jedna kop\u010da.<\/p>\n","protected":false},"featured_media":12892,"comment_status":"open","ping_status":"closed","template":"","meta":{"_acf_changed":false,"inline_featured_image":false},"product_brand":[],"product_cat":[825,816,824],"product_tag":[],"class_list":{"0":"post-17893","1":"product","2":"type-product","3":"status-publish","4":"has-post-thumbnail","6":"product_cat-apsorberi-energije","7":"product_cat-rad-na-visini","8":"product_cat-siguran-rad-na-visini","10":"first","11":"instock","12":"taxable","13":"shipping-taxable","14":"purchasable","15":"product-type-simple"},"acf":[],"_links":{"self":[{"href":"https:\/\/work-foxx.com\/hr\/wp-json\/wp\/v2\/product\/17893","targetHints":{"allow":["GET"]}}],"collection":[{"href":"https:\/\/work-foxx.com\/hr\/wp-json\/wp\/v2\/product"}],"about":[{"href":"https:\/\/work-foxx.com\/hr\/wp-json\/wp\/v2\/types\/product"}],"replies":[{"embeddable":true,"href":"https:\/\/work-foxx.com\/hr\/wp-json\/wp\/v2\/comments?post=17893"}],"wp:featuredmedia":[{"embeddable":true,"href":"https:\/\/work-foxx.com\/hr\/wp-json\/wp\/v2\/media\/12892"}],"wp:attachment":[{"href":"https:\/\/work-foxx.com\/hr\/wp-json\/wp\/v2\/media?parent=17893"}],"wp:term":[{"taxonomy":"product_brand","embeddable":true,"href":"https:\/\/work-foxx.com\/hr\/wp-json\/wp\/v2\/product_brand?post=17893"},{"taxonomy":"product_cat","embeddable":true,"href":"https:\/\/work-foxx.com\/hr\/wp-json\/wp\/v2\/product_cat?post=17893"},{"taxonomy":"product_tag","embeddable":true,"href":"https:\/\/work-foxx.com\/hr\/wp-json\/wp\/v2\/product_tag?post=17893"}],"curies":[{"name":"wp","href":"https:\/\/api.w.org\/{rel}","templated":true}]}}