{"id":17892,"date":"2023-04-14T13:24:00","date_gmt":"2023-04-14T13:24:00","guid":{"rendered":"https:\/\/work-foxx.com\/product\/komplet-prve-pomoci-u-prehrambenoj-industriji-quicksafe\/"},"modified":"2024-01-18T19:03:25","modified_gmt":"2024-01-18T19:03:25","slug":"komplet-prve-pomoci-za-prehrambenu-industriju-quicksafe","status":"publish","type":"product","link":"https:\/\/work-foxx.com\/hr\/proizvod\/komplet-prve-pomoci-za-prehrambenu-industriju-quicksafe\/","title":{"rendered":"Komplet prve pomo\u0107i za prehrambenu industriju QUICKSAFE"},"content":{"rendered":"<p>Komplet prve pomo\u0107i za prehrambenu industriju QUICKSAFE.<\/p>\n<p><strong>Sadr\u017eaj:<\/strong><\/p>\n<ul>\n<li>2x 500 ml teku\u0107ine za ispiranje o\u010diju Plum<\/li>\n<li>1x 200 ml pH neutralnog<\/li>\n<li>20kom QuickClean maramica za \u010di\u0161\u0107enje rana<\/li>\n<li>18 komada QuickCool gela za opekline<\/li>\n<li>1 QuickStop kutija za omatanje rana<\/li>\n<li>1 komad 17 x 17 cm i 2 komada 12 x 7,5 cm<\/li>\n<li>1 flaster s QuickFix metalnim vlaknima<\/li>\n<li>1 veliki flaster s QuickFix metalnim vlaknima<\/li>\n<\/ul>\n<p>Ako proizvod koji vam je potreban nije na zalihi ili ne mo\u017eete prona\u0107i \u017eeljeni proizvod u na\u0161oj internetskoj trgovini, pozivamo vas da nam po\u0161aljete upit putem\u00a0<a href=\"https:\/\/work-foxx.com\/hr\/pomoc-i-kontakt\/\">kontakt obrasca<\/a>\u00a0ili na\u00a0<strong><a href=\"mailto:info@work-foxx.com\">info@work-foxx.com<\/a>.<\/strong>\u00a0S na\u0161om partnerskom mre\u017eom poku\u0161at \u0107emo vam pru\u017eiti \u017eeljene proizvode ili skratiti vrijeme isporuke.<\/p>\n","protected":false},"excerpt":{"rendered":"<p>Komplet prve pomo\u0107i za prehrambenu industriju QUICKSAFE sadr\u017ei posebno odabrane dodatke za pru\u017eanje prve pomo\u0107i u slu\u010daju nezgode pri radu.<\/p>\n","protected":false},"featured_media":12700,"comment_status":"open","ping_status":"closed","template":"","meta":{"_acf_changed":false,"inline_featured_image":false},"product_brand":[],"product_cat":[817,816],"product_tag":[],"class_list":{"0":"post-17892","1":"product","2":"type-product","3":"status-publish","4":"has-post-thumbnail","6":"product_cat-oprema-za-prvu-pomoc-i-higijenu","7":"product_cat-rad-na-visini","9":"first","10":"instock","11":"taxable","12":"shipping-taxable","13":"purchasable","14":"product-type-simple"},"acf":[],"_links":{"self":[{"href":"https:\/\/work-foxx.com\/hr\/wp-json\/wp\/v2\/product\/17892","targetHints":{"allow":["GET"]}}],"collection":[{"href":"https:\/\/work-foxx.com\/hr\/wp-json\/wp\/v2\/product"}],"about":[{"href":"https:\/\/work-foxx.com\/hr\/wp-json\/wp\/v2\/types\/product"}],"replies":[{"embeddable":true,"href":"https:\/\/work-foxx.com\/hr\/wp-json\/wp\/v2\/comments?post=17892"}],"wp:featuredmedia":[{"embeddable":true,"href":"https:\/\/work-foxx.com\/hr\/wp-json\/wp\/v2\/media\/12700"}],"wp:attachment":[{"href":"https:\/\/work-foxx.com\/hr\/wp-json\/wp\/v2\/media?parent=17892"}],"wp:term":[{"taxonomy":"product_brand","embeddable":true,"href":"https:\/\/work-foxx.com\/hr\/wp-json\/wp\/v2\/product_brand?post=17892"},{"taxonomy":"product_cat","embeddable":true,"href":"https:\/\/work-foxx.com\/hr\/wp-json\/wp\/v2\/product_cat?post=17892"},{"taxonomy":"product_tag","embeddable":true,"href":"https:\/\/work-foxx.com\/hr\/wp-json\/wp\/v2\/product_tag?post=17892"}],"curies":[{"name":"wp","href":"https:\/\/api.w.org\/{rel}","templated":true}]}}