{"id":17618,"date":"2023-04-14T14:11:00","date_gmt":"2023-04-14T14:11:00","guid":{"rendered":"https:\/\/work-foxx.com\/product\/goma-zimska-jakna\/"},"modified":"2024-12-21T00:01:37","modified_gmt":"2024-12-21T00:01:37","slug":"zimska-jakna-goma","status":"publish","type":"product","link":"https:\/\/work-foxx.com\/hr\/proizvod\/zimska-jakna-goma\/","title":{"rendered":"Zimska jakna GOMA"},"content":{"rendered":"<p>Vodootporna zimska jakna Goma savr\u0161ena je za hladno i ki\u0161no vrijeme. Izra\u0111en je od Ripstop materijala s PVC premazom koji pru\u017ea za\u0161titu od vode i vjetra. Jakna ima poliestersku podstavu i poliestersko punjenje koje pru\u017ea toplinu i udobnost. Zimska jakna Goma zatvara se vodootpornim patentnim zatvara\u010dem. Kapulja\u010da je skrivena u ovratniku, ima elasti\u010dnu vrpcu i om\u010du za slu\u0161alice s unutarnje strane. Dva unutarnja i \u010detiri vanjska d\u017eepa osiguravaju ve\u0107u funkcionalnost. Rukavi se ste\u017eu \u010di\u010dak trakom, a na dnu rukava nalazimo Oxford poja\u010danje. \u0160avovi su zavareni i vodootporni. U struku se veli\u010dina mo\u017ee pode\u0161avati elasti\u010dnim vezicama.<\/p>\n<p><b>Kroj:<\/b><span style=\"font-weight: 400;\"> Regular fit<\/span><br \/>\n<strong>Materijal:<\/strong> RIPSTOP (5 mm) 100% poliester s PVC premazom 300 g\/m2<br \/>\n<b>Podstava:<\/b> 100% poliester 60 g\/m2 + 100% poliester flis 300 g\/m2 (ovratnik)<br \/>\n<b>Punilo:<\/b> 100% poliester 200 g\/m2 (tijelo) + 180 g\/m2 (rukavi)<\/p>\n<p><strong>Veli\u010dine:<\/strong> S &#8211; 3XL<br \/>\n<strong>Boja:<\/strong> Siva sa zelenim dodacima<br \/>\n<strong>Spol:<\/strong> Unisex<br \/>\n<strong>Proizvo\u0111a\u010d:<\/strong> <a href=\"https:\/\/www.coverguard-safety.com\/\">Coverguard<\/a><br \/>\n<strong>Standard:<\/strong> EN ISO 13688; EN343:2003 + A1:2007; EN14058:2017<\/p>\n<h5>Opis standarda<\/h5>\n<p><span style=\"font-weight: 400;\">Norma EN ISO 13688 utvr\u0111uje op\u0107e zahtjeve izvedbe za ergonomiju, sigurnost, oznaku veli\u010dine, starenje, kompatibilnost i oznake za\u0161titne odje\u0107e te podatke koje daje proizvo\u0111a\u010d za\u0161titne odje\u0107e.<\/span><\/p>\n<p><span style=\"font-weight: 400;\">EN 343 je me\u0111unarodna norma za za\u0161titnu odje\u0107u koja utvr\u0111uje minimalnu razinu za\u0161tite od vla\u017enog vremena, uzimaju\u0107i u obzir ukupnu konstrukciju odje\u0107e uz kori\u0161tenu tkaninu.<\/span><\/p>\n<p><span style=\"font-weight: 400;\">Norma EN 14058:2017 utvr\u0111uje zahtjeve za u\u010dinkovitost i metode ispitivanja za odje\u0107u koja pru\u017ea za\u0161titu od lokalnog hla\u0111enja tijela u hladnim okru\u017eenjima. Odje\u0107a koja zadovoljava zahtjeve norme namijenjena je za kori\u0161tenje u okru\u017eenju koje karakterizira kombinacija vlage i vjetra (rashla\u0111uju\u0107i u\u010dinak vjetra) pri temperaturama zraka iznad -5\u00baC.<\/span><\/p>\n<p><i><span style=\"font-weight: 400;\">Work Foxx nudi veliki izbor zimskih i prijelaznih<\/span><\/i><a href=\"https:\/\/work-foxx.com\/hr\/kategorija-proizvoda\/sezonska-odjeca\/jakne\/\"> <i><span style=\"font-weight: 400;\">jakni<\/span><\/i><\/a><i><span style=\"font-weight: 400;\">,<\/span><\/i><a href=\"https:\/\/work-foxx.com\/hr\/kategorija-proizvoda\/sezonska-odjeca\/prsluci\/\"> <i><span style=\"font-weight: 400;\">prsluka<\/span><\/i><\/a><i><span style=\"font-weight: 400;\">,<\/span><\/i><a href=\"https:\/\/work-foxx.com\/hr\/kategorija-proizvoda\/sezonska-odjeca\/termo-ili-flis-odjeca\/\"> <i><span style=\"font-weight: 400;\">flis odje\u0107e<\/span><\/i><\/a><i><span style=\"font-weight: 400;\">,<\/span><\/i><a href=\"https:\/\/work-foxx.com\/hr\/kategorija-proizvoda\/sezonska-odjeca\/softshell-odjeca\/\"> <i><span style=\"font-weight: 400;\">softshell odje\u0107e<\/span><\/i><\/a><i><span style=\"font-weight: 400;\">,<\/span><\/i><a href=\"https:\/\/work-foxx.com\/hr\/kategorija-proizvoda\/sezonska-odjeca\/dzemperi-i-puloveri\/\"> <i><span style=\"font-weight: 400;\">d\u017eempera i pulovera<\/span><\/i><\/a><i><span style=\"font-weight: 400;\">,<\/span><\/i><a href=\"https:\/\/work-foxx.com\/hr\/kategorija-proizvoda\/sezonska-odjeca\/majice\/\"> <i><span style=\"font-weight: 400;\">majica<\/span><\/i><\/a><i><span style=\"font-weight: 400;\">,<\/span><\/i><a href=\"https:\/\/work-foxx.com\/hr\/kategorija-proizvoda\/sezonska-odjeca\/kape-i-silt-kape\/\"> <i><span style=\"font-weight: 400;\">kapa i \u0161ilterica<\/span><\/i><\/a><i><span style=\"font-weight: 400;\"> te<\/span><\/i><a href=\"https:\/\/work-foxx.com\/hr\/kategorija-proizvoda\/sezonska-odjeca\/kisni-program\/\"> <i><span style=\"font-weight: 400;\">ki\u0161ne odje\u0107e<\/span><\/i><\/a><i><span style=\"font-weight: 400;\">, proizvedenih prema europskim standardima kvalitete. U ponudi se nalazi sezonska odje\u0107a brendova Lacuna, Coverguard, Keya, JHK, Rolly, SOL&#8217;S, Gildan itd. Sezonsku odje\u0107u mogu\u0107e je personalizirati strojnim vezom ili tiskom. U Work Foxxu brinemo o savr\u0161enom izgledu i ukupnom imid\u017eu Va\u0161e tvrtke. Vi\u0161e o personalizaciji mo\u017eete pro\u010ditati u kartici &#8220;<\/span><\/i><a href=\"https:\/\/work-foxx.com\/hr\/personalizacija-radne-odjece\/\"><i><span style=\"font-weight: 400;\">Personalizacija radne odje\u0107e<\/span><\/i><\/a><i><span style=\"font-weight: 400;\">&#8221; na dnu stranice.<\/span><\/i><\/p>\n","protected":false},"excerpt":{"rendered":"<p>Vodootporna zimska jakna Goma ima \u0161est d\u017eepova i visoki ovratnik od flisa. Rukavi se ste\u017eu \u010di\u010dak trakom, a na dnu rukava nalazimo Oxford poja\u010danje.<\/p>\n","protected":false},"featured_media":14314,"comment_status":"open","ping_status":"closed","template":"","meta":{"_acf_changed":false,"inline_featured_image":false},"product_brand":[],"product_cat":[690,675],"product_tag":[],"class_list":{"0":"post-17618","1":"product","2":"type-product","3":"status-publish","4":"has-post-thumbnail","6":"product_cat-jakne","7":"product_cat-sezonska-odjeca","9":"first","10":"instock","11":"taxable","12":"shipping-taxable","13":"purchasable","14":"product-type-variable"},"acf":[],"_links":{"self":[{"href":"https:\/\/work-foxx.com\/hr\/wp-json\/wp\/v2\/product\/17618","targetHints":{"allow":["GET"]}}],"collection":[{"href":"https:\/\/work-foxx.com\/hr\/wp-json\/wp\/v2\/product"}],"about":[{"href":"https:\/\/work-foxx.com\/hr\/wp-json\/wp\/v2\/types\/product"}],"replies":[{"embeddable":true,"href":"https:\/\/work-foxx.com\/hr\/wp-json\/wp\/v2\/comments?post=17618"}],"wp:featuredmedia":[{"embeddable":true,"href":"https:\/\/work-foxx.com\/hr\/wp-json\/wp\/v2\/media\/14314"}],"wp:attachment":[{"href":"https:\/\/work-foxx.com\/hr\/wp-json\/wp\/v2\/media?parent=17618"}],"wp:term":[{"taxonomy":"product_brand","embeddable":true,"href":"https:\/\/work-foxx.com\/hr\/wp-json\/wp\/v2\/product_brand?post=17618"},{"taxonomy":"product_cat","embeddable":true,"href":"https:\/\/work-foxx.com\/hr\/wp-json\/wp\/v2\/product_cat?post=17618"},{"taxonomy":"product_tag","embeddable":true,"href":"https:\/\/work-foxx.com\/hr\/wp-json\/wp\/v2\/product_tag?post=17618"}],"curies":[{"name":"wp","href":"https:\/\/api.w.org\/{rel}","templated":true}]}}