{"id":17519,"date":"2023-04-14T14:11:00","date_gmt":"2023-04-14T14:11:00","guid":{"rendered":"https:\/\/work-foxx.com\/product\/dinamicno-musko-runo-sivo\/"},"modified":"2025-11-15T01:32:30","modified_gmt":"2025-11-15T01:32:30","slug":"flis-jopa-dynamic-muska-siva","status":"publish","type":"product","link":"https:\/\/work-foxx.com\/hr\/proizvod\/flis-jopa-dynamic-muska-siva\/","title":{"rendered":"Flis jopa DYNAMIC, mu\u0161ka, siva"},"content":{"rendered":"<p>Flis jopa Dynamic ima moderan izgled. Pogodna je za posao i slobodno vrijeme. Moderan dizajn osigurava savr\u0161eno pristajanje uz tijelo za potpuno nesmetano kretanje. Zatvara se patentnim zatvara\u010dem i ima visoki ovratnik. S vanjske strane flis jopa Dynamic ima tri d\u017eepa koji pru\u017eaju ve\u0107u funkcionalnost. Elasti\u010dni patent na krajevima rukava i u struku osigurava bolje pristajanje. Kroj je klasi\u010dan i pristaje svima.<\/p>\n<p><span style=\"font-weight: 400;\">Flis je lagan, topao i udoban materijal. Konstrukcija tkanine omogu\u0107uje da zrak zarobljen izme\u0111u vlakana djeluje kao izolator, grije tijelo i dopu\u0161ta ko\u017ei da di\u0161e. Lako se odr\u017eava, brzo se su\u0161i, a vlakna se nakon pranja vra\u0107aju u prvobitno stanje te nije potrebno gla\u010danje. Odje\u0107a od flisa (flis jakna, flis prsluk) najpopularnija je za kori\u0161tenje u prijelaznim razdobljima.<\/span><\/p>\n<p><b>Kroj:<\/b><span style=\"font-weight: 400;\"> Regular fit<\/span><br \/>\n<strong>Materijal:<\/strong> Polarni flis 310 <span style=\"font-weight: 400;\">g\/m2,<\/span> 100 % poliester<\/p>\n<p><strong>Veli\u010dina:<\/strong> S &#8211; 3XL<br \/>\n<strong>Boja:<\/strong> Siva<br \/>\n<strong>Spol:<\/strong> Mu\u0161ki<br \/>\n<strong>Proizvo\u0111a\u010d:<\/strong> <a href=\"https:\/\/www.lacuna.hr\/\">Lacuna<\/a><br \/>\n<strong>Standard:<\/strong> EN ISO 13688<\/p>\n<h5>Opis standarda<\/h5>\n<p><span style=\"font-weight: 400;\">Norma EN ISO 13688 utvr\u0111uje op\u0107e zahtjeve izvedbe za ergonomiju, sigurnost, oznaku veli\u010dine, starenje, kompatibilnost i oznake za\u0161titne odje\u0107e te podatke koje daje proizvo\u0111a\u010d za\u0161titne odje\u0107e.<\/span><\/p>\n<p><i><span style=\"font-weight: 400;\">Work Foxx nudi veliki izbor zimskih i prijelaznih<\/span><\/i><a href=\"https:\/\/work-foxx.com\/hr\/kategorija-proizvoda\/sezonska-odjeca\/jakne\/\"> <i><span style=\"font-weight: 400;\">jakni<\/span><\/i><\/a><i><span style=\"font-weight: 400;\">,<\/span><\/i><a href=\"https:\/\/work-foxx.com\/hr\/kategorija-proizvoda\/sezonska-odjeca\/prsluci\/\"> <i><span style=\"font-weight: 400;\">prsluka<\/span><\/i><\/a><i><span style=\"font-weight: 400;\">,<\/span><\/i><a href=\"https:\/\/work-foxx.com\/hr\/kategorija-proizvoda\/sezonska-odjeca\/termo-ili-flis-odjeca\/\"> <i><span style=\"font-weight: 400;\">flis odje\u0107e<\/span><\/i><\/a><i><span style=\"font-weight: 400;\">,<\/span><\/i><a href=\"https:\/\/work-foxx.com\/hr\/kategorija-proizvoda\/sezonska-odjeca\/softshell-odjeca\/\"> <i><span style=\"font-weight: 400;\">softshell odje\u0107e<\/span><\/i><\/a><i><span style=\"font-weight: 400;\">,<\/span><\/i><a href=\"https:\/\/work-foxx.com\/hr\/kategorija-proizvoda\/sezonska-odjeca\/dzemperi-i-puloveri\/\"> <i><span style=\"font-weight: 400;\">d\u017eempera i pulovera<\/span><\/i><\/a><i><span style=\"font-weight: 400;\">,<\/span><\/i><a href=\"https:\/\/work-foxx.com\/hr\/kategorija-proizvoda\/sezonska-odjeca\/majice\/\"> <i><span style=\"font-weight: 400;\">majica<\/span><\/i><\/a><i><span style=\"font-weight: 400;\">,<\/span><\/i><a href=\"https:\/\/work-foxx.com\/hr\/kategorija-proizvoda\/sezonska-odjeca\/kape-i-silt-kape\/\"> <i><span style=\"font-weight: 400;\">kapa i \u0161ilterica<\/span><\/i><\/a><i><span style=\"font-weight: 400;\"> te<\/span><\/i><a href=\"https:\/\/work-foxx.com\/hr\/kategorija-proizvoda\/sezonska-odjeca\/kisni-program\/\"> <i><span style=\"font-weight: 400;\">ki\u0161ne odje\u0107e<\/span><\/i><\/a><i><span style=\"font-weight: 400;\">, proizvedenih prema europskim standardima kvalitete. U ponudi se nalazi sezonska odje\u0107a brendova Lacuna, Coverguard, Keya, JHK, Rolly, SOL&#8217;S, Gildan itd. Sezonsku odje\u0107u mogu\u0107e je personalizirati strojnim vezom ili tiskom. U Work Foxxu brinemo o savr\u0161enom izgledu i ukupnom imid\u017eu Va\u0161e tvrtke. Vi\u0161e o personalizaciji mo\u017eete pro\u010ditati u kartici &#8220;<\/span><\/i><a href=\"https:\/\/work-foxx.com\/hr\/personalizacija-radne-odjece\/\"><i><span style=\"font-weight: 400;\">Personalizacija radne odje\u0107e<\/span><\/i><\/a><i><span style=\"font-weight: 400;\">&#8221; na dnu stranice.<\/span><\/i><\/p>\n","protected":false},"excerpt":{"rendered":"<p>Flis jopa Dynamic dizajnirana je za rad i slobodno vrijeme. Moderan dizajn osigurava savr\u0161eno pristajanje uz tijelo za potpuno nesmetano kretanje.<\/p>\n","protected":false},"featured_media":14466,"comment_status":"open","ping_status":"closed","template":"","meta":{"_acf_changed":false,"inline_featured_image":false},"product_brand":[],"product_cat":[677,676,675],"product_tag":[],"class_list":{"0":"post-17519","1":"product","2":"type-product","3":"status-publish","4":"has-post-thumbnail","6":"product_cat-flis-jakne","7":"product_cat-flis-odjeca","8":"product_cat-sezonska-odjeca","10":"first","11":"instock","12":"taxable","13":"shipping-taxable","14":"purchasable","15":"product-type-variable"},"acf":[],"_links":{"self":[{"href":"https:\/\/work-foxx.com\/hr\/wp-json\/wp\/v2\/product\/17519","targetHints":{"allow":["GET"]}}],"collection":[{"href":"https:\/\/work-foxx.com\/hr\/wp-json\/wp\/v2\/product"}],"about":[{"href":"https:\/\/work-foxx.com\/hr\/wp-json\/wp\/v2\/types\/product"}],"replies":[{"embeddable":true,"href":"https:\/\/work-foxx.com\/hr\/wp-json\/wp\/v2\/comments?post=17519"}],"wp:featuredmedia":[{"embeddable":true,"href":"https:\/\/work-foxx.com\/hr\/wp-json\/wp\/v2\/media\/14466"}],"wp:attachment":[{"href":"https:\/\/work-foxx.com\/hr\/wp-json\/wp\/v2\/media?parent=17519"}],"wp:term":[{"taxonomy":"product_brand","embeddable":true,"href":"https:\/\/work-foxx.com\/hr\/wp-json\/wp\/v2\/product_brand?post=17519"},{"taxonomy":"product_cat","embeddable":true,"href":"https:\/\/work-foxx.com\/hr\/wp-json\/wp\/v2\/product_cat?post=17519"},{"taxonomy":"product_tag","embeddable":true,"href":"https:\/\/work-foxx.com\/hr\/wp-json\/wp\/v2\/product_tag?post=17519"}],"curies":[{"name":"wp","href":"https:\/\/api.w.org\/{rel}","templated":true}]}}