{"id":17492,"date":"2023-04-14T13:24:00","date_gmt":"2023-04-14T13:24:00","guid":{"rendered":"https:\/\/work-foxx.com\/product\/komplet-za-ispiranje-ociju-u-hitnim-slucajevima\/"},"modified":"2024-01-18T18:22:24","modified_gmt":"2024-01-18T18:22:24","slug":"komplet-za-hitno-ispiranje-ociju","status":"publish","type":"product","link":"https:\/\/work-foxx.com\/hr\/proizvod\/komplet-za-hitno-ispiranje-ociju\/","title":{"rendered":"Komplet za hitno ispiranje o\u010diju"},"content":{"rendered":"<p>Komplet za hitno ispiranje o\u010diju. Sadr\u017ei pH neutralno sredstvo od 200 ml, bo\u010dicu teku\u0107ine za ispiranje o\u010diju od 500 ml, ogledalo i piktogram.<\/p>\n<p><strong>Pakiranje:<\/strong> 1 kom<br \/>\n<strong>Sadr\u017eaj:<\/strong> 1 x 200 ml pH neutralnog sredstva, bo\u010dica za ispiranje o\u010diju 1 x 500 ml, ogledalo, piktogram<br \/>\n<strong>Vrijeme ispiranja:<\/strong> 2-5 min<\/p>\n<p>Ako proizvod koji vam je potreban nije na zalihi ili ne mo\u017eete prona\u0107i \u017eeljeni proizvod u na\u0161oj internetskoj trgovini, pozivamo vas da nam po\u0161aljete upit putem\u00a0<a href=\"https:\/\/work-foxx.com\/hr\/pomoc-i-kontakt\/\">kontakt obrasca<\/a>\u00a0ili na\u00a0<strong><a href=\"mailto:info@work-foxx.com\">info@work-foxx.com<\/a>.<\/strong>\u00a0S na\u0161om partnerskom mre\u017eom poku\u0161at \u0107emo vam pru\u017eiti \u017eeljene proizvode ili skratiti vrijeme isporuke.<\/p>\n","protected":false},"excerpt":{"rendered":"<p>Komplet za hitno ispiranje o\u010diju sadr\u017ei pH neutralno sredstvo od 200 ml, bo\u010dicu teku\u0107ine za ispiranje o\u010diju od 500 ml, ogledalo i piktogram.<\/p>\n","protected":false},"featured_media":12432,"comment_status":"open","ping_status":"closed","template":"","meta":{"_acf_changed":false,"inline_featured_image":false},"product_brand":[],"product_cat":[817,816],"product_tag":[],"class_list":{"0":"post-17492","1":"product","2":"type-product","3":"status-publish","4":"has-post-thumbnail","6":"product_cat-oprema-za-prvu-pomoc-i-higijenu","7":"product_cat-rad-na-visini","9":"first","10":"outofstock","11":"taxable","12":"shipping-taxable","13":"purchasable","14":"product-type-simple"},"acf":[],"_links":{"self":[{"href":"https:\/\/work-foxx.com\/hr\/wp-json\/wp\/v2\/product\/17492","targetHints":{"allow":["GET"]}}],"collection":[{"href":"https:\/\/work-foxx.com\/hr\/wp-json\/wp\/v2\/product"}],"about":[{"href":"https:\/\/work-foxx.com\/hr\/wp-json\/wp\/v2\/types\/product"}],"replies":[{"embeddable":true,"href":"https:\/\/work-foxx.com\/hr\/wp-json\/wp\/v2\/comments?post=17492"}],"wp:featuredmedia":[{"embeddable":true,"href":"https:\/\/work-foxx.com\/hr\/wp-json\/wp\/v2\/media\/12432"}],"wp:attachment":[{"href":"https:\/\/work-foxx.com\/hr\/wp-json\/wp\/v2\/media?parent=17492"}],"wp:term":[{"taxonomy":"product_brand","embeddable":true,"href":"https:\/\/work-foxx.com\/hr\/wp-json\/wp\/v2\/product_brand?post=17492"},{"taxonomy":"product_cat","embeddable":true,"href":"https:\/\/work-foxx.com\/hr\/wp-json\/wp\/v2\/product_cat?post=17492"},{"taxonomy":"product_tag","embeddable":true,"href":"https:\/\/work-foxx.com\/hr\/wp-json\/wp\/v2\/product_tag?post=17492"}],"curies":[{"name":"wp","href":"https:\/\/api.w.org\/{rel}","templated":true}]}}