{"id":17460,"date":"2023-04-14T14:00:00","date_gmt":"2023-04-14T14:00:00","guid":{"rendered":"https:\/\/work-foxx.com\/product\/wani-jakna-3-u-1\/"},"modified":"2024-12-21T00:01:38","modified_gmt":"2024-12-21T00:01:38","slug":"jakna-wani-3-u-1","status":"publish","type":"product","link":"https:\/\/work-foxx.com\/hr\/proizvod\/jakna-wani-3-u-1\/","title":{"rendered":"Jakna WANI, 3-u-1"},"content":{"rendered":"<p>Jakna Wani 3-u-1 kombinira ki\u0161nu jaknu i odvojivu troslojnu softshell jaknu.<\/p>\n<h5>KI\u0160NA JAKNA WANI<\/h5>\n<p>Ki\u0161na jakna izra\u0111ena je od Ripstop materijala s PVC premazom, ima vodonepropusne \u0161avove i pru\u017ea za\u0161titu od prodora vode do 5000 mm. Podstavljena je mre\u017eicom na le\u0111ima i prsima \u0161to osigurava prozra\u010dnost. Rukavi i kapulja\u010da podstavljeni su taft postavom koja osigurava ve\u0107u udobnost. Kop\u010da se skrivenim patentnim zatvara\u010dem i \u010di\u010dak trakom. Kapulja\u010da se mo\u017ee skinuti i skrivena u ovratniku. Ima pet d\u017eepova s \u200b\u200bvanjske strane koji pru\u017eaju ve\u0107u funkcionalnost. Za bolje pristajanje, \u0161irina na krajevima rukava se mo\u017ee podesiti \u010di\u010dak trakom.<\/p>\n<p><b>Kroj:<\/b><span style=\"font-weight: 400;\"> Regular fit<\/span><br \/>\n<strong>Materijal:<\/strong> Ripstop (4 mm), 100% poliester s PVC premazom, 280 g\/m2, Oxford 300D<br \/>\n<strong>Podstava:<\/strong> Mre\u017ea, 100% poliester 70 g\/m2, taft 100% poliester 55 g\/m2<\/p>\n<h5>SOFTSHELL JAKNA WANI<\/h5>\n<p>Odvojiva troslojna softshell jakna izra\u0111ena je od poliestera s dodatkom elastina koji osigurava bolje pristajanje. Zatvara se patentnim zatvara\u010dem, a ve\u0107u funkcionalnost daju dva vanjska d\u017eepa. Za bolje pristajanje, \u0161irina na krajevima rukava se mo\u017ee podesiti elasti\u010dnom uzicom.<\/p>\n<p><b>Kroj:<\/b><span style=\"font-weight: 400;\"> Regular fit<\/span><br \/>\n<strong>Materijal:<\/strong> 94% poliester 6% elastan + TPU membrana. 300 g\/m2<\/p>\n<p><strong>Veli\u010dine:<\/strong> S &#8211; 3XL<br \/>\n<strong>Boja:<\/strong> Crno &#8211; siva s plavim <span style=\"font-weight: 400;\">dodacima<\/span><br \/>\n<strong>Spol:<\/strong> Unisex<br \/>\n<strong>Proizvo\u0111a\u010d:<\/strong> <a href=\"https:\/\/www.coverguard-safety.com\/\">Coverguard<\/a><br \/>\n<strong>Standard:<\/strong> EN 13688, EN14058:2004, EN343:2003 + A1:2007<\/p>\n<h5>Opis standarda<\/h5>\n<p><span style=\"font-weight: 400;\">Norma EN ISO 13688 utvr\u0111uje op\u0107e zahtjeve izvedbe za ergonomiju, sigurnost, oznaku veli\u010dine, starenje, kompatibilnost i oznake za\u0161titne odje\u0107e te podatke koje daje proizvo\u0111a\u010d za\u0161titne odje\u0107e.<\/span><\/p>\n<p><span style=\"font-weight: 400;\">EN 343 je me\u0111unarodna norma za za\u0161titnu odje\u0107u koja utvr\u0111uje minimalnu razinu za\u0161tite od vla\u017enog vremena, uzimaju\u0107i u obzir ukupnu konstrukciju odje\u0107e uz kori\u0161tenu tkaninu.<\/span><\/p>\n<p><span style=\"font-weight: 400;\">Norma EN 14058:2017 utvr\u0111uje zahtjeve za u\u010dinkovitost i metode ispitivanja za odje\u0107u koja pru\u017ea za\u0161titu od lokalnog hla\u0111enja tijela u hladnim okru\u017eenjima. Odje\u0107a koja zadovoljava zahtjeve norme namijenjena je za kori\u0161tenje u okru\u017eenju koje karakterizira kombinacija vlage i vjetra (rashla\u0111uju\u0107i u\u010dinak vjetra) pri temperaturama zraka iznad -5\u00baC.<\/span><\/p>\n<p><i><span style=\"font-weight: 400;\">Work Foxx nudi veliki izbor zimskih i prijelaznih<\/span><\/i><a href=\"https:\/\/work-foxx.com\/hr\/kategorija-proizvoda\/sezonska-odjeca\/jakne\/\"> <i><span style=\"font-weight: 400;\">jakni<\/span><\/i><\/a><i><span style=\"font-weight: 400;\">,<\/span><\/i><a href=\"https:\/\/work-foxx.com\/hr\/kategorija-proizvoda\/sezonska-odjeca\/prsluci\/\"> <i><span style=\"font-weight: 400;\">prsluka<\/span><\/i><\/a><i><span style=\"font-weight: 400;\">,<\/span><\/i><a href=\"https:\/\/work-foxx.com\/hr\/kategorija-proizvoda\/sezonska-odjeca\/termo-ili-flis-odjeca\/\"> <i><span style=\"font-weight: 400;\">flis odje\u0107e<\/span><\/i><\/a><i><span style=\"font-weight: 400;\">,<\/span><\/i><a href=\"https:\/\/work-foxx.com\/hr\/kategorija-proizvoda\/sezonska-odjeca\/softshell-odjeca\/\"> <i><span style=\"font-weight: 400;\">softshell odje\u0107e<\/span><\/i><\/a><i><span style=\"font-weight: 400;\">,<\/span><\/i><a href=\"https:\/\/work-foxx.com\/hr\/kategorija-proizvoda\/sezonska-odjeca\/dzemperi-i-puloveri\/\"> <i><span style=\"font-weight: 400;\">d\u017eempera i pulovera<\/span><\/i><\/a><i><span style=\"font-weight: 400;\">,<\/span><\/i><a href=\"https:\/\/work-foxx.com\/hr\/kategorija-proizvoda\/sezonska-odjeca\/majice\/\"> <i><span style=\"font-weight: 400;\">majica<\/span><\/i><\/a><i><span style=\"font-weight: 400;\">,<\/span><\/i><a href=\"https:\/\/work-foxx.com\/hr\/kategorija-proizvoda\/sezonska-odjeca\/kape-i-silt-kape\/\"> <i><span style=\"font-weight: 400;\">kapa i \u0161ilterica<\/span><\/i><\/a><i><span style=\"font-weight: 400;\"> te<\/span><\/i><a href=\"https:\/\/work-foxx.com\/hr\/kategorija-proizvoda\/sezonska-odjeca\/kisni-program\/\"> <i><span style=\"font-weight: 400;\">ki\u0161ne odje\u0107e<\/span><\/i><\/a><i><span style=\"font-weight: 400;\">, proizvedenih prema europskim standardima kvalitete. U ponudi se nalazi sezonska odje\u0107a brendova Lacuna, Coverguard, Keya, JHK, Rolly, SOL&#8217;S, Gildan itd. Sezonsku odje\u0107u mogu\u0107e je personalizirati strojnim vezom ili tiskom. U Work Foxxu brinemo o savr\u0161enom izgledu i ukupnom imid\u017eu Va\u0161e tvrtke. Vi\u0161e o personalizaciji mo\u017eete pro\u010ditati u kartici &#8220;<\/span><\/i><a href=\"https:\/\/work-foxx.com\/hr\/personalizacija-radne-odjece\/\"><i><span style=\"font-weight: 400;\">Personalizacija radne odje\u0107e<\/span><\/i><\/a><i><span style=\"font-weight: 400;\">&#8221; na dnu stranice.<\/span><\/i><\/p>\n","protected":false},"excerpt":{"rendered":"<p>Jakna Wani 3-u-1 kombinira ki\u0161nu jaknu i odvojivu Softshell jaknu. Jakna nudi za\u0161titu od prodora vode do 5000 mm i ima vodootporne \u0161avove.<\/p>\n","protected":false},"featured_media":15570,"comment_status":"open","ping_status":"closed","template":"","meta":{"_acf_changed":false,"inline_featured_image":false},"product_brand":[],"product_cat":[690,675,2441],"product_tag":[],"class_list":{"0":"post-17460","1":"product","2":"type-product","3":"status-publish","4":"has-post-thumbnail","6":"product_cat-jakne","7":"product_cat-sezonska-odjeca","8":"product_cat-zimske-jakne","10":"first","11":"instock","12":"taxable","13":"shipping-taxable","14":"purchasable","15":"product-type-variable"},"acf":[],"_links":{"self":[{"href":"https:\/\/work-foxx.com\/hr\/wp-json\/wp\/v2\/product\/17460","targetHints":{"allow":["GET"]}}],"collection":[{"href":"https:\/\/work-foxx.com\/hr\/wp-json\/wp\/v2\/product"}],"about":[{"href":"https:\/\/work-foxx.com\/hr\/wp-json\/wp\/v2\/types\/product"}],"replies":[{"embeddable":true,"href":"https:\/\/work-foxx.com\/hr\/wp-json\/wp\/v2\/comments?post=17460"}],"wp:featuredmedia":[{"embeddable":true,"href":"https:\/\/work-foxx.com\/hr\/wp-json\/wp\/v2\/media\/15570"}],"wp:attachment":[{"href":"https:\/\/work-foxx.com\/hr\/wp-json\/wp\/v2\/media?parent=17460"}],"wp:term":[{"taxonomy":"product_brand","embeddable":true,"href":"https:\/\/work-foxx.com\/hr\/wp-json\/wp\/v2\/product_brand?post=17460"},{"taxonomy":"product_cat","embeddable":true,"href":"https:\/\/work-foxx.com\/hr\/wp-json\/wp\/v2\/product_cat?post=17460"},{"taxonomy":"product_tag","embeddable":true,"href":"https:\/\/work-foxx.com\/hr\/wp-json\/wp\/v2\/product_tag?post=17460"}],"curies":[{"name":"wp","href":"https:\/\/api.w.org\/{rel}","templated":true}]}}