{"id":17437,"date":"2023-04-14T14:07:00","date_gmt":"2023-04-14T14:07:00","guid":{"rendered":"https:\/\/work-foxx.com\/product\/radnicka-zimska-jakna-plava\/"},"modified":"2025-11-08T04:49:32","modified_gmt":"2025-11-08T04:49:32","slug":"zimska-jakna-worker-plava","status":"publish","type":"product","link":"https:\/\/work-foxx.com\/hr\/proizvod\/zimska-jakna-worker-plava\/","title":{"rendered":"Zimska jakna WORKER, plava"},"content":{"rendered":"<p>Topla zimska radna jakna Worker \u0161titi od ki\u0161e i vjetra. Izra\u0111ena je od Ripstop materijala s PVC presvlakom koja pru\u017ea za\u0161titu od curenja vode. Podstava od kombinacije poliestera i polarnog flisa pru\u017ea toplinu i udobnost. Zimska jakna Worker zatvara se skrivenim vodootpornim patentnim zatvara\u010dem i \u010di\u010dak trakom. Kapulja\u010da je skrivena u ovratniku, podstavljena i podesiva elasti\u010dnom uzicom. Devet d\u017eepova osigurava ve\u0107u funkcionalnost. U struku je integrirana elastika za bolje pristajanje, a veli\u010dina se mo\u017ee pode\u0161avati na krajevima rukava \u010di\u010dak trakom.<\/p>\n<p><b>Kroj:<\/b><span style=\"font-weight: 400;\"> Regular fit<\/span><br \/>\n<strong>Materijal:<\/strong> 100% poliester Ripstop, PVC sloj, vodootporan<br \/>\n<b>Podstava:<\/b> Gornji dio od crnog polarnog flisa, 100% poliester, donji dio 100% poliamid<\/p>\n<p><strong>Veli\u010dine:<\/strong> S &#8211; 3XL<br \/>\n<strong>Boja:<\/strong> Plava s crnim dodacima<br \/>\n<strong>Spol:<\/strong> Unisex<br \/>\n<strong>Proizvo\u0111a\u010d:<\/strong> <a href=\"https:\/\/www.lacuna.hr\/\">Lacuna<\/a><br \/>\n<strong>Standard:<\/strong> EN ISO 13688<\/p>\n<h5>Opis standarda<\/h5>\n<p><span style=\"font-weight: 400;\">Norma EN ISO 13688 utvr\u0111uje op\u0107e zahtjeve izvedbe za ergonomiju, sigurnost, oznaku veli\u010dine, starenje, kompatibilnost i oznake za\u0161titne odje\u0107e te podatke koje daje proizvo\u0111a\u010d za\u0161titne odje\u0107e.<\/span><\/p>\n<p><i><span style=\"font-weight: 400;\">Work Foxx nudi veliki izbor zimskih i prijelaznih<\/span><\/i><a href=\"https:\/\/work-foxx.com\/hr\/kategorija-proizvoda\/sezonska-odjeca\/jakne\/\"> <i><span style=\"font-weight: 400;\">jakni<\/span><\/i><\/a><i><span style=\"font-weight: 400;\">,<\/span><\/i><a href=\"https:\/\/work-foxx.com\/hr\/kategorija-proizvoda\/sezonska-odjeca\/prsluci\/\"> <i><span style=\"font-weight: 400;\">prsluka<\/span><\/i><\/a><i><span style=\"font-weight: 400;\">,<\/span><\/i><a href=\"https:\/\/work-foxx.com\/hr\/kategorija-proizvoda\/sezonska-odjeca\/termo-ili-flis-odjeca\/\"> <i><span style=\"font-weight: 400;\">flis odje\u0107e<\/span><\/i><\/a><i><span style=\"font-weight: 400;\">,<\/span><\/i><a href=\"https:\/\/work-foxx.com\/hr\/kategorija-proizvoda\/sezonska-odjeca\/softshell-odjeca\/\"> <i><span style=\"font-weight: 400;\">softshell odje\u0107e<\/span><\/i><\/a><i><span style=\"font-weight: 400;\">,<\/span><\/i><a href=\"https:\/\/work-foxx.com\/hr\/kategorija-proizvoda\/sezonska-odjeca\/dzemperi-i-puloveri\/\"> <i><span style=\"font-weight: 400;\">d\u017eempera i pulovera<\/span><\/i><\/a><i><span style=\"font-weight: 400;\">,<\/span><\/i><a href=\"https:\/\/work-foxx.com\/hr\/kategorija-proizvoda\/sezonska-odjeca\/majice\/\"> <i><span style=\"font-weight: 400;\">majica<\/span><\/i><\/a><i><span style=\"font-weight: 400;\">,<\/span><\/i><a href=\"https:\/\/work-foxx.com\/hr\/kategorija-proizvoda\/sezonska-odjeca\/kape-i-silt-kape\/\"> <i><span style=\"font-weight: 400;\">kapa i \u0161ilterica<\/span><\/i><\/a><i><span style=\"font-weight: 400;\"> te<\/span><\/i><a href=\"https:\/\/work-foxx.com\/hr\/kategorija-proizvoda\/sezonska-odjeca\/kisni-program\/\"> <i><span style=\"font-weight: 400;\">ki\u0161ne odje\u0107e<\/span><\/i><\/a><i><span style=\"font-weight: 400;\">, proizvedenih prema europskim standardima kvalitete. U ponudi se nalazi sezonska odje\u0107a brendova Lacuna, Coverguard, Keya, JHK, Rolly, SOL&#8217;S, Gildan itd. Sezonsku odje\u0107u mogu\u0107e je personalizirati strojnim vezom ili tiskom. U Work Foxxu brinemo o savr\u0161enom izgledu i ukupnom imid\u017eu Va\u0161e tvrtke. Vi\u0161e o personalizaciji mo\u017eete pro\u010ditati u kartici &#8220;<\/span><\/i><a href=\"https:\/\/work-foxx.com\/hr\/personalizacija-radne-odjece\/\"><i><span style=\"font-weight: 400;\">Personalizacija radne odje\u0107e<\/span><\/i><\/a><i><span style=\"font-weight: 400;\">&#8221; na dnu stranice.<\/span><\/i><\/p>\n","protected":false},"excerpt":{"rendered":"<p>Topla zimska radna jakna Worker izra\u0111ena je od Ripstop materijala i ima PVC presvlaku koja pru\u017ea za\u0161titu od ki\u0161e i vjetra.<\/p>\n","protected":false},"featured_media":14112,"comment_status":"open","ping_status":"closed","template":"","meta":{"_acf_changed":false,"inline_featured_image":false},"product_brand":[],"product_cat":[690,675,2441],"product_tag":[],"class_list":{"0":"post-17437","1":"product","2":"type-product","3":"status-publish","4":"has-post-thumbnail","6":"product_cat-jakne","7":"product_cat-sezonska-odjeca","8":"product_cat-zimske-jakne","10":"first","11":"instock","12":"taxable","13":"shipping-taxable","14":"purchasable","15":"product-type-variable"},"acf":[],"_links":{"self":[{"href":"https:\/\/work-foxx.com\/hr\/wp-json\/wp\/v2\/product\/17437","targetHints":{"allow":["GET"]}}],"collection":[{"href":"https:\/\/work-foxx.com\/hr\/wp-json\/wp\/v2\/product"}],"about":[{"href":"https:\/\/work-foxx.com\/hr\/wp-json\/wp\/v2\/types\/product"}],"replies":[{"embeddable":true,"href":"https:\/\/work-foxx.com\/hr\/wp-json\/wp\/v2\/comments?post=17437"}],"wp:featuredmedia":[{"embeddable":true,"href":"https:\/\/work-foxx.com\/hr\/wp-json\/wp\/v2\/media\/14112"}],"wp:attachment":[{"href":"https:\/\/work-foxx.com\/hr\/wp-json\/wp\/v2\/media?parent=17437"}],"wp:term":[{"taxonomy":"product_brand","embeddable":true,"href":"https:\/\/work-foxx.com\/hr\/wp-json\/wp\/v2\/product_brand?post=17437"},{"taxonomy":"product_cat","embeddable":true,"href":"https:\/\/work-foxx.com\/hr\/wp-json\/wp\/v2\/product_cat?post=17437"},{"taxonomy":"product_tag","embeddable":true,"href":"https:\/\/work-foxx.com\/hr\/wp-json\/wp\/v2\/product_tag?post=17437"}],"curies":[{"name":"wp","href":"https:\/\/api.w.org\/{rel}","templated":true}]}}