{"id":17313,"date":"2023-04-14T14:11:00","date_gmt":"2023-04-14T14:11:00","guid":{"rendered":"https:\/\/work-foxx.com\/product\/rondo-prsluk-plava\/"},"modified":"2024-08-31T00:02:48","modified_gmt":"2024-08-31T00:02:48","slug":"prsluk-rondo-plavi","status":"publish","type":"product","link":"https:\/\/work-foxx.com\/hr\/proizvod\/prsluk-rondo-plavi\/","title":{"rendered":"Prsluk RONDO, plavi"},"content":{"rendered":"<p><span data-sheets-value=\"{\" data-sheets-userformat=\"{\">Lagan i funkcionalan prsluk Rondo ima klasi\u010dan izgled. Izra\u0111en je od izdr\u017eljive tkanine, mje\u0161avine poliestera i pamuka, koja pru\u017ea visoku razinu za\u0161tite od tro\u0161enja. Zatvara se skrivenim patentnim zatvara\u010dem i remenom s kop\u010dama. Pet vanjskih d\u017eepova osigurava ve\u0107u funkcionalnost. Prsluk Rondo savr\u0161en je za rad u skladi\u0161tima i na otvorenom. Veli\u010dina se mo\u017ee podesiti u struku pomo\u0107u elastike.<\/span><\/p>\n<p><b>Kroj:<\/b><span style=\"font-weight: 400;\"> Regular fit<\/span><br \/>\n<strong>Materijal:<\/strong> 65% poliesterska vlakna, 35% pamuk<br \/>\n<b>Podstava:<\/b> 100 % poliamidna vlakna<br \/>\n<b>Punilo:<\/b> 100 % poliesterska vlakna, 200 g\/m2<\/p>\n<p><strong>Veli\u010dine:<\/strong> XS &#8211; 3XL<br \/>\n<strong>Boja:<\/strong> Plava<br \/>\n<strong>Spol:<\/strong> Unisex<br \/>\n<strong>Proizvo\u0111a\u010d:<\/strong> <a href=\"https:\/\/www.lacuna.hr\/\">Lacuna<\/a><br \/>\n<strong>Standard:<\/strong> EN 13688<\/p>\n<h5>Opis standarda<\/h5>\n<p><span style=\"font-weight: 400;\">Norma EN ISO 13688 utvr\u0111uje op\u0107e zahtjeve izvedbe za ergonomiju, sigurnost, oznaku veli\u010dine, starenje, kompatibilnost i oznake za\u0161titne odje\u0107e te podatke koje daje proizvo\u0111a\u010d za\u0161titne odje\u0107e.<\/span><\/p>\n<p><i><span style=\"font-weight: 400;\">Work Foxx nudi veliki izbor zimskih i prijelaznih<\/span><\/i><a href=\"https:\/\/work-foxx.com\/hr\/kategorija-proizvoda\/sezonska-odjeca\/jakne\/\"> <i><span style=\"font-weight: 400;\">jakni<\/span><\/i><\/a><i><span style=\"font-weight: 400;\">,<\/span><\/i><a href=\"https:\/\/work-foxx.com\/hr\/kategorija-proizvoda\/sezonska-odjeca\/prsluci\/\"> <i><span style=\"font-weight: 400;\">prsluka<\/span><\/i><\/a><i><span style=\"font-weight: 400;\">,<\/span><\/i><a href=\"https:\/\/work-foxx.com\/hr\/kategorija-proizvoda\/sezonska-odjeca\/termo-ili-flis-odjeca\/\"> <i><span style=\"font-weight: 400;\">flis odje\u0107e<\/span><\/i><\/a><i><span style=\"font-weight: 400;\">,<\/span><\/i><a href=\"https:\/\/work-foxx.com\/hr\/kategorija-proizvoda\/sezonska-odjeca\/softshell-odjeca\/\"> <i><span style=\"font-weight: 400;\">softshell odje\u0107e<\/span><\/i><\/a><i><span style=\"font-weight: 400;\">,<\/span><\/i><a href=\"https:\/\/work-foxx.com\/hr\/kategorija-proizvoda\/sezonska-odjeca\/dzemperi-i-puloveri\/\"> <i><span style=\"font-weight: 400;\">d\u017eempera i pulovera<\/span><\/i><\/a><i><span style=\"font-weight: 400;\">,<\/span><\/i><a href=\"https:\/\/work-foxx.com\/hr\/kategorija-proizvoda\/sezonska-odjeca\/majice\/\"> <i><span style=\"font-weight: 400;\">majica<\/span><\/i><\/a><i><span style=\"font-weight: 400;\">,<\/span><\/i><a href=\"https:\/\/work-foxx.com\/hr\/kategorija-proizvoda\/sezonska-odjeca\/kape-i-silt-kape\/\"> <i><span style=\"font-weight: 400;\">kapa i \u0161ilterica<\/span><\/i><\/a><i><span style=\"font-weight: 400;\"> te<\/span><\/i><a href=\"https:\/\/work-foxx.com\/hr\/kategorija-proizvoda\/sezonska-odjeca\/kisni-program\/\"> <i><span style=\"font-weight: 400;\">ki\u0161ne odje\u0107e<\/span><\/i><\/a><i><span style=\"font-weight: 400;\">, proizvedenih prema europskim standardima kvalitete. U ponudi se nalazi sezonska odje\u0107a brendova Lacuna, Coverguard, Keya, JHK, Rolly, SOL&#8217;S, Gildan itd. Sezonsku odje\u0107u mogu\u0107e je personalizirati strojnim vezom ili tiskom. U Work Foxxu brinemo o savr\u0161enom izgledu i ukupnom imid\u017eu Va\u0161e tvrtke. Vi\u0161e o personalizaciji mo\u017eete pro\u010ditati u kartici &#8220;<\/span><\/i><a href=\"https:\/\/work-foxx.com\/hr\/personalizacija-radne-odjece\/\"><i><span style=\"font-weight: 400;\">Personalizacija radne odje\u0107e<\/span><\/i><\/a><i><span style=\"font-weight: 400;\">&#8221; na dnu stranice.<\/span><\/i><\/p>\n","protected":false},"excerpt":{"rendered":"<p>Lagan i udoban prsluk Rondo izvrstan je izbor za rad tijekom prijelaznih razdoblja. Zatvara se patentnim zatvara\u010dem i pre\u0161ama i ima nekoliko d\u017eepova.<\/p>\n","protected":false},"featured_media":15194,"comment_status":"open","ping_status":"closed","template":"","meta":{"_acf_changed":false,"inline_featured_image":false},"product_brand":[],"product_cat":[763,675,2419],"product_tag":[],"class_list":{"0":"post-17313","1":"product","2":"type-product","3":"status-publish","4":"has-post-thumbnail","6":"product_cat-prsluci","7":"product_cat-sezonska-odjeca","8":"product_cat-zimski-prsluci","10":"first","11":"instock","12":"taxable","13":"shipping-taxable","14":"purchasable","15":"product-type-variable"},"acf":[],"_links":{"self":[{"href":"https:\/\/work-foxx.com\/hr\/wp-json\/wp\/v2\/product\/17313","targetHints":{"allow":["GET"]}}],"collection":[{"href":"https:\/\/work-foxx.com\/hr\/wp-json\/wp\/v2\/product"}],"about":[{"href":"https:\/\/work-foxx.com\/hr\/wp-json\/wp\/v2\/types\/product"}],"replies":[{"embeddable":true,"href":"https:\/\/work-foxx.com\/hr\/wp-json\/wp\/v2\/comments?post=17313"}],"wp:featuredmedia":[{"embeddable":true,"href":"https:\/\/work-foxx.com\/hr\/wp-json\/wp\/v2\/media\/15194"}],"wp:attachment":[{"href":"https:\/\/work-foxx.com\/hr\/wp-json\/wp\/v2\/media?parent=17313"}],"wp:term":[{"taxonomy":"product_brand","embeddable":true,"href":"https:\/\/work-foxx.com\/hr\/wp-json\/wp\/v2\/product_brand?post=17313"},{"taxonomy":"product_cat","embeddable":true,"href":"https:\/\/work-foxx.com\/hr\/wp-json\/wp\/v2\/product_cat?post=17313"},{"taxonomy":"product_tag","embeddable":true,"href":"https:\/\/work-foxx.com\/hr\/wp-json\/wp\/v2\/product_tag?post=17313"}],"curies":[{"name":"wp","href":"https:\/\/api.w.org\/{rel}","templated":true}]}}