{"id":17112,"date":"2023-04-14T14:13:00","date_gmt":"2023-04-14T14:13:00","guid":{"rendered":"https:\/\/work-foxx.com\/product\/mekani-prsluk-quebec-plava\/"},"modified":"2025-06-12T06:46:13","modified_gmt":"2025-06-12T06:46:13","slug":"softshell-prsluk-quebec-plavi","status":"publish","type":"product","link":"https:\/\/work-foxx.com\/hr\/proizvod\/softshell-prsluk-quebec-plavi\/","title":{"rendered":"Softshell prsluk QUEBEC, plavi"},"content":{"rendered":"<p>Softshell prsluk Quebec ima atraktivan izgled. Pogodan je za rad i odmor u prijelaznim razdobljima. Izra\u0111en je od vodootpornog softshell materijala koji pru\u017ea za\u0161titu od vjetra i ki\u0161e. Podstava od flisa pru\u017ea toplinu i udobnost. Tri vanjska d\u017eepa osiguravaju ve\u0107u funkcionalnost. Softshell prsluk Quebec zatvara se vodootpornim patentnim zatvara\u010dem i ima visoki ovratnik. Ima integrirane elastike u struku za regulaciju veli\u010dine. Kroj je klasi\u010dan i pristaje svima.<\/p>\n<p><b>Kroj:<\/b><span style=\"font-weight: 400;\"> Regular fit<\/span><br \/>\n<strong>Materijal:<\/strong> Vodootporan Softshell, 300 g\/m2, 92% poliester, 8% elastan<br \/>\n<b>Podstava:<\/b> Bru\u0161eni mikro flis<br \/>\n<strong>Karakteristike:<\/strong> Vodootpornost 8000 mm, prozra\u010dnost 3000 mvp<\/p>\n<p><strong>Veli\u010dine:<\/strong> S &#8211; 3XL<br \/>\n<strong>Boja:<\/strong> Plava<br \/>\n<strong>Spol:<\/strong> Unisex<br \/>\n<strong>Proizvo\u0111a\u010d:<\/strong> <a href=\"https:\/\/www.roly.eu\/\">Roly<\/a><\/p>\n<p><i><span style=\"font-weight: 400;\">Work Foxx nudi veliki izbor zimskih i prijelaznih<\/span><\/i><a href=\"https:\/\/work-foxx.com\/hr\/kategorija-proizvoda\/sezonska-odjeca\/jakne\/\"> <i><span style=\"font-weight: 400;\">jakni<\/span><\/i><\/a><i><span style=\"font-weight: 400;\">,<\/span><\/i><a href=\"https:\/\/work-foxx.com\/hr\/kategorija-proizvoda\/sezonska-odjeca\/prsluci\/\"> <i><span style=\"font-weight: 400;\">prsluka<\/span><\/i><\/a><i><span style=\"font-weight: 400;\">,<\/span><\/i><a href=\"https:\/\/work-foxx.com\/hr\/kategorija-proizvoda\/sezonska-odjeca\/termo-ili-flis-odjeca\/\"> <i><span style=\"font-weight: 400;\">flis odje\u0107e<\/span><\/i><\/a><i><span style=\"font-weight: 400;\">,<\/span><\/i><a href=\"https:\/\/work-foxx.com\/hr\/kategorija-proizvoda\/sezonska-odjeca\/softshell-odjeca\/\"> <i><span style=\"font-weight: 400;\">softshell odje\u0107e<\/span><\/i><\/a><i><span style=\"font-weight: 400;\">,<\/span><\/i><a href=\"https:\/\/work-foxx.com\/hr\/kategorija-proizvoda\/sezonska-odjeca\/dzemperi-i-puloveri\/\"> <i><span style=\"font-weight: 400;\">d\u017eempera i pulovera<\/span><\/i><\/a><i><span style=\"font-weight: 400;\">,<\/span><\/i><a href=\"https:\/\/work-foxx.com\/hr\/kategorija-proizvoda\/sezonska-odjeca\/majice\/\"> <i><span style=\"font-weight: 400;\">majica<\/span><\/i><\/a><i><span style=\"font-weight: 400;\">,<\/span><\/i><a href=\"https:\/\/work-foxx.com\/hr\/kategorija-proizvoda\/sezonska-odjeca\/kape-i-silt-kape\/\"> <i><span style=\"font-weight: 400;\">kapa i \u0161ilterica<\/span><\/i><\/a><i><span style=\"font-weight: 400;\"> te<\/span><\/i><a href=\"https:\/\/work-foxx.com\/hr\/kategorija-proizvoda\/sezonska-odjeca\/kisni-program\/\"> <i><span style=\"font-weight: 400;\">ki\u0161ne odje\u0107e<\/span><\/i><\/a><i><span style=\"font-weight: 400;\">, proizvedenih prema europskim standardima kvalitete. U ponudi se nalazi sezonska odje\u0107a brendova Lacuna, Coverguard, Keya, JHK, Rolly, SOL&#8217;S, Gildan itd. Sezonsku odje\u0107u mogu\u0107e je personalizirati strojnim vezom ili tiskom. U Work Foxxu brinemo o savr\u0161enom izgledu i ukupnom imid\u017eu Va\u0161e tvrtke. Vi\u0161e o personalizaciji mo\u017eete pro\u010ditati u kartici &#8220;<\/span><\/i><a href=\"https:\/\/work-foxx.com\/hr\/personalizacija-radne-odjece\/\"><i><span style=\"font-weight: 400;\">Personalizacija radne odje\u0107e<\/span><\/i><\/a><i><span style=\"font-weight: 400;\">&#8221; na dnu stranice.<\/span><\/i><\/p>\n","protected":false},"excerpt":{"rendered":"<p>Softshell prsluk Quebec nudi za\u0161titu od vjetra i ki\u0161e. Izra\u0111en je od vodootporne tkanine, a podstava od polarnog flisa osigurava udobnost.<\/p>\n","protected":false},"featured_media":14524,"comment_status":"open","ping_status":"closed","template":"","meta":{"_acf_changed":false,"inline_featured_image":false},"product_brand":[],"product_cat":[675,810,812],"product_tag":[],"class_list":{"0":"post-17112","1":"product","2":"type-product","3":"status-publish","4":"has-post-thumbnail","6":"product_cat-sezonska-odjeca","7":"product_cat-softshell-odjeca","8":"product_cat-softshell-prsluci","10":"first","11":"instock","12":"taxable","13":"shipping-taxable","14":"purchasable","15":"product-type-variable"},"acf":[],"_links":{"self":[{"href":"https:\/\/work-foxx.com\/hr\/wp-json\/wp\/v2\/product\/17112","targetHints":{"allow":["GET"]}}],"collection":[{"href":"https:\/\/work-foxx.com\/hr\/wp-json\/wp\/v2\/product"}],"about":[{"href":"https:\/\/work-foxx.com\/hr\/wp-json\/wp\/v2\/types\/product"}],"replies":[{"embeddable":true,"href":"https:\/\/work-foxx.com\/hr\/wp-json\/wp\/v2\/comments?post=17112"}],"wp:featuredmedia":[{"embeddable":true,"href":"https:\/\/work-foxx.com\/hr\/wp-json\/wp\/v2\/media\/14524"}],"wp:attachment":[{"href":"https:\/\/work-foxx.com\/hr\/wp-json\/wp\/v2\/media?parent=17112"}],"wp:term":[{"taxonomy":"product_brand","embeddable":true,"href":"https:\/\/work-foxx.com\/hr\/wp-json\/wp\/v2\/product_brand?post=17112"},{"taxonomy":"product_cat","embeddable":true,"href":"https:\/\/work-foxx.com\/hr\/wp-json\/wp\/v2\/product_cat?post=17112"},{"taxonomy":"product_tag","embeddable":true,"href":"https:\/\/work-foxx.com\/hr\/wp-json\/wp\/v2\/product_tag?post=17112"}],"curies":[{"name":"wp","href":"https:\/\/api.w.org\/{rel}","templated":true}]}}