{"id":17080,"date":"2023-04-14T14:13:00","date_gmt":"2023-04-14T14:13:00","guid":{"rendered":"https:\/\/work-foxx.com\/product\/sala-s-kapuljacom-unisex-kraljevsko-plava\/"},"modified":"2026-03-25T16:01:11","modified_gmt":"2026-03-25T16:01:11","slug":"dzemper-s-kapuljacom-unisex-kraljevsko-plavi","status":"publish","type":"product","link":"https:\/\/work-foxx.com\/hr\/proizvod\/dzemper-s-kapuljacom-unisex-kraljevsko-plavi\/","title":{"rendered":"D\u017eemper s kapulja\u010dom, unisex, kraljevsko plavi"},"content":{"rendered":"<p>D\u017eemper s kapulja\u010dom JHK je prakti\u010dan i udoban. Izra\u0111en je od mje\u0161avine poliestera i pamuka, te\u017eine 290g. Odlikuje se iznimnom meko\u0107om i prozra\u010dno\u0161\u0107u. Dvostruki \u0161avovi na ovratniku, rukavima i rubu pru\u017eaju dodatnu izdr\u017eljivost. Dva d\u017eepa na prednjoj strani pru\u017eaju ve\u0107u funkcionalnost. D\u017eemper s kapulja\u010dom prikladan je za posao, slobodno vrijeme ili u promotivne svrhe.<\/p>\n<p><b>Kroj:<\/b><span style=\"font-weight: 400;\"> Regular fit<\/span><br \/>\n<strong>Materijal:<\/strong> 65 % poliester, 35 % pamuk, 290 g\/m2<br \/>\n<strong>Odr\u017eavanje:<\/strong> Pranje u perilici rublja na 40 \u00b0C<\/p>\n<p><strong>Boja:<\/strong> Kraljevsko plava<br \/>\n<strong>Spol:<\/strong> Unisex<br \/>\n<strong>Veli\u010dine:<\/strong> S-3XL<br \/>\n<strong>Proizvo\u0111a\u010d:<\/strong> <a href=\"https:\/\/www.jhktshirt.com\/en\/\">JHK<\/a><\/p>\n<p><i><span style=\"font-weight: 400;\">Sezonsku odje\u0107u mogu\u0107e je personalizirati strojnim vezom ili tiskom. Vi\u0161e o personalizaciji mo\u017eete pro\u010ditati na stranici &#8220;<\/span><\/i><a href=\"https:\/\/work-foxx.com\/hr\/personalizacija-radne-odjece\/\"><i><span style=\"font-weight: 400;\">Personalizacija radne odje\u0107e<\/span><\/i><\/a><i><span style=\"font-weight: 400;\">&#8221; na dnu stranice.<\/span><\/i><\/p>\n","protected":false},"excerpt":{"rendered":"<p>Prakti\u010dan i udoban d\u017eemper s kapulja\u010dom i patentnim zatvara\u010dem, pogodan i za hladnije vrijeme. Savr\u0161en za personalizaciju s tiskom ili vezom.<\/p>\n","protected":false},"featured_media":14792,"comment_status":"open","ping_status":"closed","template":"","meta":{"_acf_changed":false,"inline_featured_image":false},"product_brand":[],"product_cat":[807,675],"product_tag":[],"class_list":{"0":"post-17080","1":"product","2":"type-product","3":"status-publish","4":"has-post-thumbnail","6":"product_cat-dzemperi-i-hoodice","7":"product_cat-sezonska-odjeca","9":"first","10":"instock","11":"taxable","12":"shipping-taxable","13":"purchasable","14":"product-type-variable"},"acf":[],"_links":{"self":[{"href":"https:\/\/work-foxx.com\/hr\/wp-json\/wp\/v2\/product\/17080","targetHints":{"allow":["GET"]}}],"collection":[{"href":"https:\/\/work-foxx.com\/hr\/wp-json\/wp\/v2\/product"}],"about":[{"href":"https:\/\/work-foxx.com\/hr\/wp-json\/wp\/v2\/types\/product"}],"replies":[{"embeddable":true,"href":"https:\/\/work-foxx.com\/hr\/wp-json\/wp\/v2\/comments?post=17080"}],"wp:featuredmedia":[{"embeddable":true,"href":"https:\/\/work-foxx.com\/hr\/wp-json\/wp\/v2\/media\/14792"}],"wp:attachment":[{"href":"https:\/\/work-foxx.com\/hr\/wp-json\/wp\/v2\/media?parent=17080"}],"wp:term":[{"taxonomy":"product_brand","embeddable":true,"href":"https:\/\/work-foxx.com\/hr\/wp-json\/wp\/v2\/product_brand?post=17080"},{"taxonomy":"product_cat","embeddable":true,"href":"https:\/\/work-foxx.com\/hr\/wp-json\/wp\/v2\/product_cat?post=17080"},{"taxonomy":"product_tag","embeddable":true,"href":"https:\/\/work-foxx.com\/hr\/wp-json\/wp\/v2\/product_tag?post=17080"}],"curies":[{"name":"wp","href":"https:\/\/api.w.org\/{rel}","templated":true}]}}