{"id":17036,"date":"2023-04-14T14:13:00","date_gmt":"2023-04-14T14:13:00","guid":{"rendered":"https:\/\/work-foxx.com\/product\/majica-kratkih-rukava-brokula-krka-zena-siva\/"},"modified":"2025-08-01T00:03:14","modified_gmt":"2025-08-01T00:03:14","slug":"majica-kratkih-rukava-brokula-krka-zenska-siva","status":"publish","type":"product","link":"https:\/\/work-foxx.com\/hr\/proizvod\/majica-kratkih-rukava-brokula-krka-zenska-siva\/","title":{"rendered":"Majica kratkih rukava BROKULA KRKA, \u017eenska, siva"},"content":{"rendered":"<p>Majica kratkih rukava Brokula Krka pripada kolekciji Organic. Izra\u0111ena je od 100% organskog pamuka s GOTS certifikatom. Odlikuje se iznimnom meko\u0107om i prozra\u010dno\u0161\u0107u. Dvostruki \u0161avovi na ovratniku, rukavima i rubu pru\u017eaju dodatnu izdr\u017eljivost. Majica kratkih rukava Brokula Krka prikladna je za posao, slobodno vrijeme ili u promotivne svrhe.<\/p>\n<p><b>Kroj:<\/b><span style=\"font-weight: 400;\"> Regular fit<\/span><br \/>\n<strong>Materijal:<\/strong> 100% organski pamuk, GOTS certifikat, 160 g\/m2<br \/>\n<strong>Odr\u017eavanje:<\/strong> Pranje u perilici rublja na 40 \u00b0C<\/p>\n<p><strong>Boja:<\/strong> Siva<br \/>\n<strong>Spol:<\/strong> \u017denski<br \/>\n<strong>Veli\u010dine:<\/strong> S-XXL<br \/>\n<strong>Proizvo\u0111a\u010d:<\/strong> <a href=\"https:\/\/www.lacuna.hr\/\">Lacuna<\/a><\/p>\n<p>Globalni standard za organski tekstil (GOTS) razvili su vode\u0107i postavlja\u010di standarda kako bi definirali globalno priznate zahtjeve za organski tekstil. Od \u017eetve sirovina, ekolo\u0161ki i dru\u0161tveno odgovorne proizvodnje do ozna\u010davanja, tekstil s GOTS certifikatom potro\u0161a\u010du pru\u017ea vjerodostojno jamstvo.<\/p>\n<p><i><span style=\"font-weight: 400;\">Sezonsku odje\u0107u mogu\u0107e je personalizirati strojnim vezom ili tiskom. Vi\u0161e o personalizaciji mo\u017eete pro\u010ditati na stranici &#8220;<\/span><\/i><a href=\"https:\/\/work-foxx.com\/hr\/personalizacija-radne-odjece\/\"><i><span style=\"font-weight: 400;\">Personalizacija radne odje\u0107e<\/span><\/i><\/a><i><span style=\"font-weight: 400;\">&#8221; na dnu stranice.<\/span><\/i><\/p>\n","protected":false},"excerpt":{"rendered":"<p>Majica kratkih rukava Brokula Krka izra\u0111ena je od 100% organskog pamuka. Krasi je izuzetna meko\u0107a i visoka kvaliteta izrade.<\/p>\n","protected":false},"featured_media":14140,"comment_status":"open","ping_status":"closed","template":"","meta":{"_acf_changed":false,"inline_featured_image":false},"product_brand":[],"product_cat":[794,675,804],"product_tag":[],"class_list":{"0":"post-17036","1":"product","2":"type-product","3":"status-publish","4":"has-post-thumbnail","6":"product_cat-majice","7":"product_cat-sezonska-odjeca","8":"product_cat-t-shirt-majice-kratkih-rukava","10":"first","11":"instock","12":"taxable","13":"shipping-taxable","14":"purchasable","15":"product-type-variable"},"acf":[],"_links":{"self":[{"href":"https:\/\/work-foxx.com\/hr\/wp-json\/wp\/v2\/product\/17036","targetHints":{"allow":["GET"]}}],"collection":[{"href":"https:\/\/work-foxx.com\/hr\/wp-json\/wp\/v2\/product"}],"about":[{"href":"https:\/\/work-foxx.com\/hr\/wp-json\/wp\/v2\/types\/product"}],"replies":[{"embeddable":true,"href":"https:\/\/work-foxx.com\/hr\/wp-json\/wp\/v2\/comments?post=17036"}],"wp:featuredmedia":[{"embeddable":true,"href":"https:\/\/work-foxx.com\/hr\/wp-json\/wp\/v2\/media\/14140"}],"wp:attachment":[{"href":"https:\/\/work-foxx.com\/hr\/wp-json\/wp\/v2\/media?parent=17036"}],"wp:term":[{"taxonomy":"product_brand","embeddable":true,"href":"https:\/\/work-foxx.com\/hr\/wp-json\/wp\/v2\/product_brand?post=17036"},{"taxonomy":"product_cat","embeddable":true,"href":"https:\/\/work-foxx.com\/hr\/wp-json\/wp\/v2\/product_cat?post=17036"},{"taxonomy":"product_tag","embeddable":true,"href":"https:\/\/work-foxx.com\/hr\/wp-json\/wp\/v2\/product_tag?post=17036"}],"curies":[{"name":"wp","href":"https:\/\/api.w.org\/{rel}","templated":true}]}}