{"id":17030,"date":"2023-04-14T14:13:00","date_gmt":"2023-04-14T14:13:00","guid":{"rendered":"https:\/\/work-foxx.com\/product\/annapurna-dzemper-muski-sivi\/"},"modified":"2024-12-21T00:01:45","modified_gmt":"2024-12-21T00:01:45","slug":"pulover-annapurna-muski-sivi","status":"publish","type":"product","link":"https:\/\/work-foxx.com\/hr\/proizvod\/pulover-annapurna-muski-sivi\/","title":{"rendered":"Pulover ANNAPURNA, mu\u0161ki, sivi"},"content":{"rendered":"<p>Pulover Annapurna je lagan i udoban. Izra\u0111en je od 100% pamuka. Dvostruki \u0161avovi na ovratniku, rukavima i rubu pru\u017eaju dodatnu izdr\u017eljivost. Rebrasti ovratnik i man\u0161ete te man\u017eete oko struka osiguravaju bolje pristajanje. Odlikuje se iznimnom meko\u0107om i prozra\u010dno\u0161\u0107u. Pulover Annapurna prikladan je za posao, slobodno vrijeme ili u promotivne svrhe.<\/p>\n<p><strong>Kroj:<\/strong> Regular fit<br \/>\n<strong>Materijal:<\/strong> 100 % pamuk, 260 g\/m<span style=\"font-weight: 400;\">2<\/span><br \/>\n<strong>Odr\u017eavanje:<\/strong> Pranje u perilici rublja na 30 \u00b0C<\/p>\n<p><strong>Boja:<\/strong> Siva<br \/>\n<strong>Spol:<\/strong> Mu\u0161ki<br \/>\n<strong>Veli\u010dine:<\/strong> S-XXL<br \/>\n<strong>Proizvo\u0111a\u010d:<\/strong> <a href=\"https:\/\/www.jhktshirt.com\/en\/\">JHK<\/a><\/p>\n<p><em>Sezonsku odje\u0107u mogu\u0107e je personalizirati strojnim vezom ili tiskom. Vi\u0161e o personalizaciji mo\u017eete pro\u010ditati na stranici &#8220;<a href=\"https:\/\/work-foxx.com\/hr\/personalizacija-radne-odjece\/\">Personalizacija radne odje\u0107e<\/a>&#8221; na dnu stranice.<\/em><\/p>\n","protected":false},"excerpt":{"rendered":"<p>Lagan i udoban pulover Annapurna s dugim rukavima i modernog kroja. Pulover je savr\u0161en za personalizaciju s tiskom ili vezom.<\/p>\n","protected":false},"featured_media":14836,"comment_status":"open","ping_status":"closed","template":"","meta":{"_acf_changed":false,"inline_featured_image":false},"product_brand":[],"product_cat":[807,675],"product_tag":[],"class_list":{"0":"post-17030","1":"product","2":"type-product","3":"status-publish","4":"has-post-thumbnail","6":"product_cat-dzemperi-i-hoodice","7":"product_cat-sezonska-odjeca","9":"first","10":"instock","11":"taxable","12":"shipping-taxable","13":"purchasable","14":"product-type-variable"},"acf":[],"_links":{"self":[{"href":"https:\/\/work-foxx.com\/hr\/wp-json\/wp\/v2\/product\/17030","targetHints":{"allow":["GET"]}}],"collection":[{"href":"https:\/\/work-foxx.com\/hr\/wp-json\/wp\/v2\/product"}],"about":[{"href":"https:\/\/work-foxx.com\/hr\/wp-json\/wp\/v2\/types\/product"}],"replies":[{"embeddable":true,"href":"https:\/\/work-foxx.com\/hr\/wp-json\/wp\/v2\/comments?post=17030"}],"wp:featuredmedia":[{"embeddable":true,"href":"https:\/\/work-foxx.com\/hr\/wp-json\/wp\/v2\/media\/14836"}],"wp:attachment":[{"href":"https:\/\/work-foxx.com\/hr\/wp-json\/wp\/v2\/media?parent=17030"}],"wp:term":[{"taxonomy":"product_brand","embeddable":true,"href":"https:\/\/work-foxx.com\/hr\/wp-json\/wp\/v2\/product_brand?post=17030"},{"taxonomy":"product_cat","embeddable":true,"href":"https:\/\/work-foxx.com\/hr\/wp-json\/wp\/v2\/product_cat?post=17030"},{"taxonomy":"product_tag","embeddable":true,"href":"https:\/\/work-foxx.com\/hr\/wp-json\/wp\/v2\/product_tag?post=17030"}],"curies":[{"name":"wp","href":"https:\/\/api.w.org\/{rel}","templated":true}]}}