{"id":16808,"date":"2023-04-14T14:14:00","date_gmt":"2023-04-14T14:14:00","guid":{"rendered":"https:\/\/work-foxx.com\/product\/jhk-majica-zenska-crvena\/"},"modified":"2025-08-01T00:03:16","modified_gmt":"2025-08-01T00:03:16","slug":"majica-kratkih-rukava-keya-zenska-crvena","status":"publish","type":"product","link":"https:\/\/work-foxx.com\/hr\/proizvod\/majica-kratkih-rukava-keya-zenska-crvena\/","title":{"rendered":"Majica kratkih rukava JHK, \u017eenska, crvena"},"content":{"rendered":"<p><span data-sheets-value=\"{\" data-sheets-userformat=\"{\">Majica kratkih rukava JHK izra\u0111ena je od 100% Pique pamuka. Dvostruki \u0161avovi na ovratniku, rukavima i rubu pru\u017eaju dodatnu izdr\u017eljivost. Ovratnik je rebrasti s dodanim elastinom i etiketom koja se mo\u017ee skinuti. Odlikuje se iznimnom meko\u0107om i prozra\u010dno\u0161\u0107u. Majica kratkih rukava JHK prikladna je za posao, slobodno vrijeme ili u promotivne svrhe.<\/span><\/p>\n<p><b>Kroj:<\/b><span style=\"font-weight: 400;\"> Regular fit<\/span> (Tubular fit \u2013 bez bo\u010dnih \u0161avova)<br \/>\n<strong>Materijal:<\/strong> 100% Pique pamuk, 145 g\/m2<br \/>\n<strong>Odr\u017eavanje:<\/strong> Pranje u perilici rublja na 30 \u00b0C<\/p>\n<p><strong>Boja:<\/strong> Crvena<br \/>\n<strong>Spol:<\/strong> \u017denski<br \/>\n<strong>Veli\u010dine:<\/strong> S-XXL<br \/>\n<strong>Proizvo\u0111a\u010d:<\/strong> <a href=\"https:\/\/www.jhktshirt.com\/en\/\">JHK<\/a><\/p>\n<p><span style=\"font-weight: 400;\">Pique je izdr\u017eljivo pamu\u010dno pletivo prekriveno finim teksturiranim uzorkom. Kri\u017eno pletena konstrukcija stvara u\u010dinak stanica s jedinstvenom, suptilnom teksturom. Izraz pique tako\u0111er se koristi za tkaninu koja je prekrivena finim teksturiranim uzorkom koji joj daje pro\u0161iven izgled.<\/span><\/p>\n<p><i><span style=\"font-weight: 400;\">Sezonsku odje\u0107u mogu\u0107e je personalizirati strojnim vezom ili tiskom. Vi\u0161e o personalizaciji mo\u017eete pro\u010ditati na stranici &#8220;<\/span><\/i><a href=\"https:\/\/work-foxx.com\/hr\/personalizacija-radne-odjece\/\"><i><span style=\"font-weight: 400;\">Personalizacija radne odje\u0107e<\/span><\/i><\/a><i><span style=\"font-weight: 400;\">&#8221; na dnu stranice.<\/span><\/i><\/p>\n","protected":false},"excerpt":{"rendered":"<p>Lagana i udobna majica kratkih rukava JHK od 100% pamuka. Prikladna je za posao, slobodno vrijeme ili u promotivne svrhe.<\/p>\n","protected":false},"featured_media":13872,"comment_status":"open","ping_status":"closed","template":"","meta":{"_acf_changed":false,"inline_featured_image":false},"product_brand":[],"product_cat":[794,675,804],"product_tag":[],"class_list":{"0":"post-16808","1":"product","2":"type-product","3":"status-publish","4":"has-post-thumbnail","6":"product_cat-majice","7":"product_cat-sezonska-odjeca","8":"product_cat-t-shirt-majice-kratkih-rukava","10":"first","11":"instock","12":"taxable","13":"shipping-taxable","14":"purchasable","15":"product-type-variable"},"acf":[],"_links":{"self":[{"href":"https:\/\/work-foxx.com\/hr\/wp-json\/wp\/v2\/product\/16808","targetHints":{"allow":["GET"]}}],"collection":[{"href":"https:\/\/work-foxx.com\/hr\/wp-json\/wp\/v2\/product"}],"about":[{"href":"https:\/\/work-foxx.com\/hr\/wp-json\/wp\/v2\/types\/product"}],"replies":[{"embeddable":true,"href":"https:\/\/work-foxx.com\/hr\/wp-json\/wp\/v2\/comments?post=16808"}],"wp:featuredmedia":[{"embeddable":true,"href":"https:\/\/work-foxx.com\/hr\/wp-json\/wp\/v2\/media\/13872"}],"wp:attachment":[{"href":"https:\/\/work-foxx.com\/hr\/wp-json\/wp\/v2\/media?parent=16808"}],"wp:term":[{"taxonomy":"product_brand","embeddable":true,"href":"https:\/\/work-foxx.com\/hr\/wp-json\/wp\/v2\/product_brand?post=16808"},{"taxonomy":"product_cat","embeddable":true,"href":"https:\/\/work-foxx.com\/hr\/wp-json\/wp\/v2\/product_cat?post=16808"},{"taxonomy":"product_tag","embeddable":true,"href":"https:\/\/work-foxx.com\/hr\/wp-json\/wp\/v2\/product_tag?post=16808"}],"curies":[{"name":"wp","href":"https:\/\/api.w.org\/{rel}","templated":true}]}}