{"id":16473,"date":"2023-04-14T14:31:00","date_gmt":"2023-04-14T14:31:00","guid":{"rendered":"https:\/\/work-foxx.com\/product\/kisno-kisno-odijelo-zeleno\/"},"modified":"2024-11-17T00:03:31","modified_gmt":"2024-11-17T00:03:31","slug":"kisno-odijelo-rainy-zeleno","status":"publish","type":"product","link":"https:\/\/work-foxx.com\/hr\/proizvod\/kisno-odijelo-rainy-zeleno\/","title":{"rendered":"Ki\u0161no odijelo RAINY, zeleno"},"content":{"rendered":"<p>Ki\u0161no odijelo Rainy sastoji se od jakne i hla\u010da. Izra\u0111eno je od pamu\u010dne tkanine s dvostrukom PVC presvlakom debljine 0,32 mm. PVC premaz pru\u017ea izvrsnu za\u0161titu od ki\u0161e i vjetra. Pamu\u010dna podstava grije i u hladnijim danima. \u0160avovi su zavareni i vodootporni. Ki\u0161no odijelo Rainy klasi\u010dnog je kroja koji pristaje svima.<\/p>\n<h5><strong>KI\u0160NA JAKNA<\/strong><\/h5>\n<p>Funkcionalna ki\u0161na jakna zatvara se patentnim zatvara\u010dem i trakom na steza\u010de. Ima visoki ovratnik i fiksnu kapulja\u010du. Veli\u010dina se mo\u017ee podesiti na kapulja\u010di i struku pomo\u0107u elastike. Ima integriranu elasti\u010dnu man\u017eetu na krajevima rukava za bolje pristajanje.<\/p>\n<h5><strong>KI\u0160NE HLA\u010cE<\/strong><\/h5>\n<p>Funkcionalne ki\u0161ne hla\u010de imaju integriranu elastiku u struku za bolje pristajanje. Veli\u010dina se mo\u017ee podesiti na vrhovima hla\u010da pomo\u0107u stiska\u010da.<\/p>\n<p><b>Kroj:<\/b><span style=\"font-weight: 400;\"> Regular fit<\/span><br \/>\n<strong>Materijal:<\/strong> Dvostruki premaz PVC na pamuku (debljina: 0,32 mm), vodootporan<\/p>\n<p><strong>Veli\u010dine:<\/strong> M &#8211; 3XL<br \/>\n<strong>Boja:<\/strong> Zelena<br \/>\n<strong>Spol:<\/strong> Unisex<br \/>\n<strong>Proizvo\u0111a\u010d:<\/strong> <a href=\"https:\/\/www.lacuna.hr\/\">Lacuna<\/a><br \/>\n<strong>Standard:<\/strong> EN ISO 13688<\/p>\n<h5>Opis standarda<\/h5>\n<p><em>Norma EN ISO 13688 utvr\u0111uje op\u0107e zahtjeve izvedbe za ergonomiju, sigurnost, oznaku veli\u010dine, starenje, kompatibilnost i oznake za\u0161titne odje\u0107e te podatke koje daje proizvo\u0111a\u010d za\u0161titne odje\u0107e.<\/em><\/p>\n","protected":false},"excerpt":{"rendered":"<p>Ki\u0161no odijelo Rainy s dvostrukim PVC slojem na pamuku za\u0161titit \u0107e vas od vjetra i ki\u0161e. Odje\u0107a se sastoji od jakne i hla\u010da.<\/p>\n","protected":false},"featured_media":13336,"comment_status":"open","ping_status":"closed","template":"","meta":{"_acf_changed":false,"inline_featured_image":false},"product_brand":[],"product_cat":[2381,2375,784],"product_tag":[],"class_list":{"0":"post-16473","1":"product","2":"type-product","3":"status-publish","4":"has-post-thumbnail","6":"product_cat-kisna-odijela","7":"product_cat-kisna-odjaca","8":"product_cat-odjeca","10":"first","11":"instock","12":"taxable","13":"shipping-taxable","14":"purchasable","15":"product-type-variable"},"acf":[],"_links":{"self":[{"href":"https:\/\/work-foxx.com\/hr\/wp-json\/wp\/v2\/product\/16473","targetHints":{"allow":["GET"]}}],"collection":[{"href":"https:\/\/work-foxx.com\/hr\/wp-json\/wp\/v2\/product"}],"about":[{"href":"https:\/\/work-foxx.com\/hr\/wp-json\/wp\/v2\/types\/product"}],"replies":[{"embeddable":true,"href":"https:\/\/work-foxx.com\/hr\/wp-json\/wp\/v2\/comments?post=16473"}],"wp:featuredmedia":[{"embeddable":true,"href":"https:\/\/work-foxx.com\/hr\/wp-json\/wp\/v2\/media\/13336"}],"wp:attachment":[{"href":"https:\/\/work-foxx.com\/hr\/wp-json\/wp\/v2\/media?parent=16473"}],"wp:term":[{"taxonomy":"product_brand","embeddable":true,"href":"https:\/\/work-foxx.com\/hr\/wp-json\/wp\/v2\/product_brand?post=16473"},{"taxonomy":"product_cat","embeddable":true,"href":"https:\/\/work-foxx.com\/hr\/wp-json\/wp\/v2\/product_cat?post=16473"},{"taxonomy":"product_tag","embeddable":true,"href":"https:\/\/work-foxx.com\/hr\/wp-json\/wp\/v2\/product_tag?post=16473"}],"curies":[{"name":"wp","href":"https:\/\/api.w.org\/{rel}","templated":true}]}}