{"id":16436,"date":"2023-04-14T14:31:00","date_gmt":"2023-04-14T14:31:00","guid":{"rendered":"https:\/\/work-foxx.com\/product\/kisni-kisni-ogrtac-zuti\/"},"modified":"2024-11-17T00:03:32","modified_gmt":"2024-11-17T00:03:32","slug":"kisni-ogrtac-rainy-zuti","status":"publish","type":"product","link":"https:\/\/work-foxx.com\/hr\/proizvod\/kisni-ogrtac-rainy-zuti\/","title":{"rendered":"Ki\u0161ni ogrta\u010d RAINY, \u017euti"},"content":{"rendered":"<p>Ki\u0161ni ogrta\u010d Rainy izra\u0111en je od pamu\u010dne tkanine s duplim PVC premazom debljine 0,32 mm.. PVC premaz pru\u017ea izvrsnu za\u0161titu od ki\u0161e i vjetra. Pamu\u010dna podstava grije i u hladnijim danima. \u0160avovi su zavareni i vodootporni. Zatvara se patentnim zatvara\u010dem i preklopom s gumbima. Kapulja\u010da je fiksna, a veli\u010dina joj se mo\u017ee podesiti gumicom. Na krajevima rukava integrirana je elasti\u010dna man\u0161eta za bolje pristajanje. Dva vanjska d\u017eepa osiguravaju ve\u0107u funkcionalnost. Ki\u0161ni ogrta\u010d Rainy je klasi\u010dnog kroja koji pristaje svima.<\/p>\n<p><b>Kroj:<\/b><span style=\"font-weight: 400;\"> Regular fit<\/span><span style=\"font-weight: 400;\"><br \/>\n<\/span><b>Materijal:<\/b><span style=\"font-weight: 400;\"> Dvostruki premaz PVC na pamuku (debljina: 0,32 mm), vodootporan<\/span><\/p>\n<p><strong>Veli\u010dine:<\/strong> S &#8211; 3XL<br \/>\n<strong>Boja:<\/strong> \u017duta<br \/>\n<strong>Spol:<\/strong> Unisex<br \/>\n<strong>Proizvo\u0111a\u010d:<\/strong> <a href=\"https:\/\/www.lacuna.hr\/\">Lacuna<\/a><br \/>\n<strong>Standard:<\/strong> EN ISO 13688<\/p>\n<h5>Opis standarda<\/h5>\n<p><i><span style=\"font-weight: 400;\">Norma EN ISO 13688 utvr\u0111uje op\u0107e zahtjeve izvedbe za ergonomiju, sigurnost, oznaku veli\u010dine, starenje, kompatibilnost i oznake za\u0161titne odje\u0107e te podatke koje daje proizvo\u0111a\u010d za\u0161titne odje\u0107e.<\/span><\/i><\/p>\n","protected":false},"excerpt":{"rendered":"<p>Ki\u0161ni ogrta\u010d Rainy izra\u0111en je od pamu\u010dne tkanine s dvostrukom PVC presvlakom debljine 0,32 mm. PVC premaz pru\u017ea izvrsnu za\u0161titu od ki\u0161e i vjetra.<\/p>\n","protected":false},"featured_media":13342,"comment_status":"open","ping_status":"closed","template":"","meta":{"_acf_changed":false,"inline_featured_image":false},"product_brand":[],"product_cat":[665,675],"product_tag":[],"class_list":{"0":"post-16436","1":"product","2":"type-product","3":"status-publish","4":"has-post-thumbnail","6":"product_cat-kisni-program","7":"product_cat-sezonska-odjeca","9":"first","10":"instock","11":"taxable","12":"shipping-taxable","13":"purchasable","14":"product-type-variable"},"acf":[],"_links":{"self":[{"href":"https:\/\/work-foxx.com\/hr\/wp-json\/wp\/v2\/product\/16436","targetHints":{"allow":["GET"]}}],"collection":[{"href":"https:\/\/work-foxx.com\/hr\/wp-json\/wp\/v2\/product"}],"about":[{"href":"https:\/\/work-foxx.com\/hr\/wp-json\/wp\/v2\/types\/product"}],"replies":[{"embeddable":true,"href":"https:\/\/work-foxx.com\/hr\/wp-json\/wp\/v2\/comments?post=16436"}],"wp:featuredmedia":[{"embeddable":true,"href":"https:\/\/work-foxx.com\/hr\/wp-json\/wp\/v2\/media\/13342"}],"wp:attachment":[{"href":"https:\/\/work-foxx.com\/hr\/wp-json\/wp\/v2\/media?parent=16436"}],"wp:term":[{"taxonomy":"product_brand","embeddable":true,"href":"https:\/\/work-foxx.com\/hr\/wp-json\/wp\/v2\/product_brand?post=16436"},{"taxonomy":"product_cat","embeddable":true,"href":"https:\/\/work-foxx.com\/hr\/wp-json\/wp\/v2\/product_cat?post=16436"},{"taxonomy":"product_tag","embeddable":true,"href":"https:\/\/work-foxx.com\/hr\/wp-json\/wp\/v2\/product_tag?post=16436"}],"curies":[{"name":"wp","href":"https:\/\/api.w.org\/{rel}","templated":true}]}}