{"id":16412,"date":"2023-04-14T14:31:00","date_gmt":"2023-04-14T14:31:00","guid":{"rendered":"https:\/\/work-foxx.com\/product\/kisha-kisna-odjeca-zuta\/"},"modified":"2024-11-17T00:03:32","modified_gmt":"2024-11-17T00:03:32","slug":"kisno-odijelo-kisha-zuto","status":"publish","type":"product","link":"https:\/\/work-foxx.com\/hr\/proizvod\/kisno-odijelo-kisha-zuto\/","title":{"rendered":"Ki\u0161no odijelo KISHA, \u017euta"},"content":{"rendered":"<p>Ki\u0161no odijelo Kisha sastoji se od jakne i hla\u010da. Izra\u0111eno je od poliamida debljine 0,18 mm. Oblo\u017eeno je PVC slojem koji pru\u017ea za\u0161titu od ki\u0161e i vjetra. \u0160avovi su zavareni i vodootporni. Ki\u0161no odijelo Kisha klasi\u010dnog je kroja koji pristaje svima.<\/p>\n<h5><strong>KI\u0160NA JAKNA<\/strong><\/h5>\n<p>Funkcionalna ki\u0161na jakna zatvara se patentnim zatvara\u010dem. Ima visoki ovratnik i kapulja\u010du koja se skida. Ima integrirani ventilacijski otvor na stra\u017enjoj strani za ve\u0107u udobnost. Veli\u010dina se mo\u017ee podesiti na kapulja\u010di i struku pomo\u0107u elastike.<\/p>\n<h5>KI\u0160NE HLA\u010cE<\/h5>\n<p>Funkcionalne ki\u0161ne hla\u010de imaju integriranu elastiku u struku i na vrhovima nogavica za bolje pristajanje.<\/p>\n<p><b>Kroj:<\/b><span style=\"font-weight: 400;\"> Regular fit<\/span><br \/>\n<strong>Materijal:<\/strong> Poliamid s PVC slojem (debljina: 0,18 mm), vodootporan<\/p>\n<p><strong>Veli\u010dine:<\/strong> M &#8211; 3XL<br \/>\n<strong>Boja:<\/strong> \u017duta<br \/>\n<strong>Spol:<\/strong> Unisex<br \/>\n<strong>Proizvo\u0111a\u010d:<\/strong> <a href=\"https:\/\/www.lacuna.hr\/\">Lacuna<\/a><br \/>\n<strong>Standard:<\/strong> EN ISO 13688<\/p>\n<h5>Opis standarda<\/h5>\n<p><i><span style=\"font-weight: 400;\">Norma EN ISO 13688 utvr\u0111uje op\u0107e zahtjeve izvedbe za ergonomiju, sigurnost, oznaku veli\u010dine, starenje, kompatibilnost i oznake za\u0161titne odje\u0107e te podatke koje daje proizvo\u0111a\u010d za\u0161titne odje\u0107e.<\/span><\/i><\/p>\n","protected":false},"excerpt":{"rendered":"<p>Ki\u0161no odijelo Kisha sastoji se od jakne i hla\u010da. Izra\u0111enao je od poliamida i oblo\u017eeno PVC slojem koji pru\u017ea za\u0161titu od ki\u0161e i vjetra.<\/p>\n","protected":false},"featured_media":13398,"comment_status":"open","ping_status":"closed","template":"","meta":{"_acf_changed":false,"inline_featured_image":false},"product_brand":[],"product_cat":[2381,2375,784],"product_tag":[],"class_list":{"0":"post-16412","1":"product","2":"type-product","3":"status-publish","4":"has-post-thumbnail","6":"product_cat-kisna-odijela","7":"product_cat-kisna-odjaca","8":"product_cat-odjeca","10":"first","11":"instock","12":"taxable","13":"shipping-taxable","14":"purchasable","15":"product-type-variable"},"acf":[],"_links":{"self":[{"href":"https:\/\/work-foxx.com\/hr\/wp-json\/wp\/v2\/product\/16412","targetHints":{"allow":["GET"]}}],"collection":[{"href":"https:\/\/work-foxx.com\/hr\/wp-json\/wp\/v2\/product"}],"about":[{"href":"https:\/\/work-foxx.com\/hr\/wp-json\/wp\/v2\/types\/product"}],"replies":[{"embeddable":true,"href":"https:\/\/work-foxx.com\/hr\/wp-json\/wp\/v2\/comments?post=16412"}],"wp:featuredmedia":[{"embeddable":true,"href":"https:\/\/work-foxx.com\/hr\/wp-json\/wp\/v2\/media\/13398"}],"wp:attachment":[{"href":"https:\/\/work-foxx.com\/hr\/wp-json\/wp\/v2\/media?parent=16412"}],"wp:term":[{"taxonomy":"product_brand","embeddable":true,"href":"https:\/\/work-foxx.com\/hr\/wp-json\/wp\/v2\/product_brand?post=16412"},{"taxonomy":"product_cat","embeddable":true,"href":"https:\/\/work-foxx.com\/hr\/wp-json\/wp\/v2\/product_cat?post=16412"},{"taxonomy":"product_tag","embeddable":true,"href":"https:\/\/work-foxx.com\/hr\/wp-json\/wp\/v2\/product_tag?post=16412"}],"curies":[{"name":"wp","href":"https:\/\/api.w.org\/{rel}","templated":true}]}}