{"id":16333,"date":"2023-04-14T14:26:00","date_gmt":"2023-04-14T14:26:00","guid":{"rendered":"https:\/\/work-foxx.com\/product\/kapa-sa-silom-uran-bijela\/"},"modified":"2026-04-27T17:24:01","modified_gmt":"2026-04-27T17:24:01","slug":"silt-kapa-uranus-bijela","status":"publish","type":"product","link":"https:\/\/work-foxx.com\/hr\/proizvod\/silt-kapa-uranus-bijela\/","title":{"rendered":"\u0160ilt kapa URANUS, bijela"},"content":{"rendered":"<p>\u0160ilt kapa Uranus izra\u0111ena je od 100% bru\u0161enog pamuka. Niska gusto\u0107a materijala osigurava prozra\u010dnost i lagan osje\u0107aj. Velcro \/ \u010di\u010dak regulator na stra\u017enjoj strani osigurava udobnost i dobro pristajanje. Kontrastni sendvi\u010d od pet plo\u010da daje moderan izgled. Ljetna \u0161ilt kapa Uranus je zbog svoje izvrsne kvalitete prikladna za posao, slobodno vrijeme, u promotivne svrhe ili kao poslovni poklon.<\/p>\n<p><strong>Materijal:<\/strong> 100 % bru\u0161eni pamuk, 170 gsm, 5 plo\u010da<br \/>\n<strong>Odr\u017eavanje:<\/strong> Pranje u perilici rublja na 30 \u00b0C<br \/>\n<b>Kop\u010danje: <\/b>Velcro \/ \u010di\u010dak regulator<\/p>\n<p><strong>Boja:<\/strong> Bijela<br \/>\n<strong>Spol:<\/strong> Unisex<br \/>\n<strong>Veli\u010dina:<\/strong> Univerzalna<br \/>\n<strong>Proizvo\u0111a\u010d:<\/strong> <a href=\"https:\/\/www.roly.eu\/\">Roly<\/a><\/p>\n<p><i><span style=\"font-weight: 400;\">Kape i \u0161ilt kape mogu se personalizirati strojnim vezom ili tiskom. Vi\u0161e o personalizaciji mo\u017eete pro\u010ditati na stranici &#8220;<\/span><\/i><a href=\"https:\/\/work-foxx.com\/hr\/personalizacija-radne-odjece\/\"><i><span style=\"font-weight: 400;\">Personalizacija radne odje\u0107e<\/span><\/i><\/a><i><span style=\"font-weight: 400;\">&#8221; na dnu stranice.<\/span><\/i><\/p>\n","protected":false},"excerpt":{"rendered":"<p>Lagana i udobna \u0161ilt kapa Uranus izra\u0111ena je od 100% pamuka. Dostupna je u vi\u0161e boja. Savr\u0161ena za personalizaciju s tiskom ili vezom.<\/p>\n","protected":false},"featured_media":13102,"comment_status":"open","ping_status":"closed","template":"","meta":{"_acf_changed":false,"inline_featured_image":false},"product_brand":[],"product_cat":[2421,675,2433],"product_tag":[],"class_list":{"0":"post-16333","1":"product","2":"type-product","3":"status-publish","4":"has-post-thumbnail","6":"product_cat-dodaci-sezonska-odjeca","7":"product_cat-sezonska-odjeca","8":"product_cat-silt-kape","10":"first","11":"outofstock","12":"taxable","13":"shipping-taxable","14":"purchasable","15":"product-type-simple"},"acf":[],"_links":{"self":[{"href":"https:\/\/work-foxx.com\/hr\/wp-json\/wp\/v2\/product\/16333","targetHints":{"allow":["GET"]}}],"collection":[{"href":"https:\/\/work-foxx.com\/hr\/wp-json\/wp\/v2\/product"}],"about":[{"href":"https:\/\/work-foxx.com\/hr\/wp-json\/wp\/v2\/types\/product"}],"replies":[{"embeddable":true,"href":"https:\/\/work-foxx.com\/hr\/wp-json\/wp\/v2\/comments?post=16333"}],"wp:featuredmedia":[{"embeddable":true,"href":"https:\/\/work-foxx.com\/hr\/wp-json\/wp\/v2\/media\/13102"}],"wp:attachment":[{"href":"https:\/\/work-foxx.com\/hr\/wp-json\/wp\/v2\/media?parent=16333"}],"wp:term":[{"taxonomy":"product_brand","embeddable":true,"href":"https:\/\/work-foxx.com\/hr\/wp-json\/wp\/v2\/product_brand?post=16333"},{"taxonomy":"product_cat","embeddable":true,"href":"https:\/\/work-foxx.com\/hr\/wp-json\/wp\/v2\/product_cat?post=16333"},{"taxonomy":"product_tag","embeddable":true,"href":"https:\/\/work-foxx.com\/hr\/wp-json\/wp\/v2\/product_tag?post=16333"}],"curies":[{"name":"wp","href":"https:\/\/api.w.org\/{rel}","templated":true}]}}